{"id":25,"date":"2023-03-05T10:39:43","date_gmt":"2023-03-05T10:39:43","guid":{"rendered":"https:\/\/www.takustringmachines.com\/?page_id=25"},"modified":"2024-06-10T17:44:22","modified_gmt":"2024-06-10T17:44:22","slug":"about","status":"publish","type":"page","link":"https:\/\/www.takustringmachines.com\/vi\/ve\/","title":{"rendered":"V\u1ec1"},"content":{"rendered":"<section class=\"section\" id=\"section_1521543798\">\n\t\t<div class=\"bg section-bg fill bg-fill  bg-loaded\" >\n\n\t\t\t\n\t\t\t\n\t\t\t\n\n\t\t<\/div>\n\n\t\t\n\n\t\t<div class=\"section-content relative\">\n\t\t\t\n<div class=\"row align-equal\"  id=\"row-243576230\">\n\n\t<div id=\"col-1790750354\" class=\"col medium-12 small-12 large-6 medium-col-first\"  >\n\t\t\t\t<div class=\"col-inner\"  >\n\t\t\t\n\t\t\t\n\t<div id=\"gap-1361594679\" class=\"gap-element clearfix\" style=\"display:block; height:auto;\">\n\t\t\n<style>\n#gap-1361594679 {\n  padding-top: 5px;\n}\n<\/style>\n\t<\/div>\n\t\n\t<div id=\"text-2028556486\" class=\"text\">\n\t\t\n<h2>TH\u00d4NG TIN C\u00d4NG TY<\/h2>\n\t\t\n<style>\n#text-2028556486 {\n  font-size: 1rem;\n}\n@media (min-width:550px) {\n  #text-2028556486 {\n    font-size: 1rem;\n  }\n}\n@media (min-width:850px) {\n  #text-2028556486 {\n    font-size: 1.4rem;\n  }\n}\n<\/style>\n\t<\/div>\n\t\n<div class=\"is-divider divider clearfix\" style=\"max-width:50px;height:4px;background-color:rgb(0, 51, 102);\"><\/div>\n\t<div id=\"gap-1774441565\" class=\"gap-element clearfix hide-for-small\" style=\"display:block; height:auto;\">\n\t\t\n<style>\n#gap-1774441565 {\n  padding-top: 20px;\n}\n<\/style>\n\t<\/div>\n\t\n<p>Ch\u00e0o m\u1eebng b\u1ea1n \u0111\u1ebfn v\u1edbi trang web c\u1ee7a ch\u00fang t\u00f4i, \u0111i\u1ec3m \u0111\u1ebfn l\u00fd t\u01b0\u1edfng cho c\u00e1c thi\u1ebft b\u1ecb s\u1ea3n xu\u1ea5t d\u00e2y ch\u1ea5t l\u01b0\u1ee3ng cao. L\u00e0 nh\u00e0 cung c\u1ea5p \u0111\u00e1ng tin c\u1eady, ch\u00fang t\u00f4i chuy\u00ean cung c\u1ea5p c\u00e1c gi\u1ea3i ph\u00e1p ti\u00ean ti\u1ebfn \u0111\u1ec3 \u0111\u00e1p \u1ee9ng nhu c\u1ea7u s\u1ea3n xu\u1ea5t d\u00e2y chuy\u1ec1n c\u1ee7a b\u1ea1n. V\u1edbi chuy\u00ean m\u00f4n v\u00e0 cam k\u1ebft h\u01b0\u1edbng t\u1edbi s\u1ef1 xu\u1ea5t s\u1eafc, ch\u00fang t\u00f4i s\u1eb5n s\u00e0ng h\u1ed7 tr\u1ee3 b\u1ea1n th\u00e0nh c\u00f4ng trong ng\u00e0nh.<\/p>\n\t<div id=\"gap-1470408156\" class=\"gap-element clearfix\" style=\"display:block; height:auto;\">\n\t\t\n<style>\n#gap-1470408156 {\n  padding-top: 30px;\n}\n<\/style>\n\t<\/div>\n\t\n<a href=\"https:\/\/www.takustringmachines.com\/vi\/lien-he\/\" target=\"_self\" class=\"button primary\"  style=\"border-radius:99px;\">\n    <span>Li\u00ean h\u1ec7 ch\u00fang t\u00f4i<\/span>\n  <\/a>\n\n\t\t<\/div>\n\t\t\t\t\n<style>\n#col-1790750354 > .col-inner {\n  padding: 0px 0px 0px 0px;\n}\n@media (min-width:550px) {\n  #col-1790750354 > .col-inner {\n    padding: 0px 0px 0px 0px;\n  }\n}\n@media (min-width:850px) {\n  #col-1790750354 > .col-inner {\n    padding: 0px 20px 0px 0px;\n  }\n}\n<\/style>\n\t<\/div>\n\n\t\n\n\t<div id=\"col-286807657\" class=\"col medium-12 small-12 large-6\"  >\n\t\t\t\t<div class=\"col-inner\"  >\n\t\t\t\n\t\t\t\n\t<div class=\"img has-hover x md-x lg-x y md-y lg-y\" id=\"image_168053612\">\n\t\t\t\t\t\t\t\t<div class=\"img-inner image-cover box-shadow-1 box-shadow-5-hover dark\" style=\"padding-top:70%;\">\n\t\t\t<img loading=\"lazy\" decoding=\"async\" width=\"700\" height=\"450\" src=\"https:\/\/www.takustringmachines.com\/wp-content\/uploads\/2023\/05\/\u516c\u53f8\u7167\u7247700450-1.webp\" class=\"attachment-original size-original\" alt=\"\" srcset=\"https:\/\/www.takustringmachines.com\/wp-content\/uploads\/2023\/05\/\u516c\u53f8\u7167\u7247700450-1.webp 700w, https:\/\/www.takustringmachines.com\/wp-content\/uploads\/2023\/05\/\u516c\u53f8\u7167\u7247700450-1-300x193.webp 300w, https:\/\/www.takustringmachines.com\/wp-content\/uploads\/2023\/05\/\u516c\u53f8\u7167\u7247700450-1-600x386.webp 600w\" sizes=\"(max-width: 700px) 100vw, 700px\" \/>\t\t\t\t\t\t\n\t\t\t\t\t<\/div>\n\t\t\t\t\t\t\t\t\n<style>\n#image_168053612 {\n  width: 100%;\n}\n<\/style>\n\t<\/div>\n\t\n\t\t<\/div>\n\t\t\t\t\n<style>\n#col-286807657 > .col-inner {\n  padding: 0px 0px 0px 0px;\n  border-radius: 8px;\n}\n@media (min-width:550px) {\n  #col-286807657 > .col-inner {\n    padding: 0px 0px 0px 0px;\n  }\n}\n@media (min-width:850px) {\n  #col-286807657 > .col-inner {\n    padding: 0px 0px 0px 20px;\n  }\n}\n<\/style>\n\t<\/div>\n\n\t\n<\/div>\n\t\t<\/div>\n\n\t\t\n<style>\n#section_1521543798 {\n  padding-top: 30px;\n  padding-bottom: 30px;\n}\n#section_1521543798 .ux-shape-divider--top svg {\n  height: 150px;\n  --divider-top-width: 100%;\n}\n#section_1521543798 .ux-shape-divider--bottom svg {\n  height: 150px;\n  --divider-width: 100%;\n}\n@media (min-width:550px) {\n  #section_1521543798 {\n    padding-top: 30px;\n    padding-bottom: 30px;\n  }\n}\n@media (min-width:850px) {\n  #section_1521543798 {\n    padding-top: 80px;\n    padding-bottom: 80px;\n  }\n}\n<\/style>\n\t<\/section>\n\t\n\n\n\t<section class=\"section\" id=\"section_565345176\">\n\t\t<div class=\"bg section-bg fill bg-fill  bg-loaded\" >\n\n\t\t\t\n\t\t\t<div class=\"section-bg-overlay absolute fill\"><\/div>\n\t\t\t\n\n\t\t<\/div>\n\n\t\t\n\n\t\t<div class=\"section-content relative\">\n\t\t\t\n\t<div id=\"gap-1356700368\" class=\"gap-element clearfix\" style=\"display:block; height:auto;\">\n\t\t\n<style>\n#gap-1356700368 {\n  padding-top: 30px;\n}\n<\/style>\n\t<\/div>\n\t\n<div class=\"row align-center\"  id=\"row-1433219526\">\n\n\t<div id=\"col-1497702373\" class=\"col medium-10 small-12 large-10\"  >\n\t\t\t\t<div class=\"col-inner\"  >\n\t\t\t\n\t\t\t\n\t<div id=\"text-2561598451\" class=\"text\">\n\t\t\n<h2>GI\u1ea2I PH\u00c1P &amp; THI\u1ebeT B\u1eca CH\u1ebe T\u1ea0O D\u00c2Y NH\u1ea0C NH\u1ea0C<\/h2>\n\t\t\n<style>\n#text-2561598451 {\n  font-size: 1.35rem;\n  text-align: center;\n  color: rgb(255,255,255);\n}\n#text-2561598451 > * {\n  color: rgb(255,255,255);\n}\n<\/style>\n\t<\/div>\n\t\n<div class=\"text-center\"><div class=\"is-divider divider clearfix\" style=\"background-color:rgb(255, 255, 255);\"><\/div><\/div>\n\t\t<\/div>\n\t\t\t\t\n<style>\n#col-1497702373 > .col-inner {\n  margin: 0px 0px -20px 0px;\n}\n<\/style>\n\t<\/div>\n\n\t\n<\/div>\n<div class=\"row\"  id=\"row-391915349\">\n\n\t<div id=\"col-767368560\" class=\"col small-12 large-12\"  >\n\t\t\t\t<div class=\"col-inner text-center\"  >\n\t\t\t\n\t\t\t\n<a href=\"\/vi\/shop\/\" target=\"_self\" class=\"button white\"  style=\"border-radius:99px;\">\n    <span>T\u00ecm hi\u1ec3u th\u00eam<\/span>\n  <\/a>\n\n\t\t<\/div>\n\t\t\t\t\n<style>\n#col-767368560 > .col-inner {\n  margin: 0px 0px -20px 0px;\n}\n<\/style>\n\t<\/div>\n\n\t\n<\/div>\n\t\t<\/div>\n\n\t\t\n<style>\n#section_565345176 {\n  padding-top: 30px;\n  padding-bottom: 30px;\n}\n#section_565345176 .section-bg-overlay {\n  background-color: #003366;\n}\n#section_565345176 .ux-shape-divider--top svg {\n  height: 150px;\n  --divider-top-width: 100%;\n}\n#section_565345176 .ux-shape-divider--bottom svg {\n  height: 150px;\n  --divider-width: 100%;\n}\n<\/style>\n\t<\/section>\n\t\n\t<section class=\"section\" id=\"section_1808811065\">\n\t\t<div class=\"bg section-bg fill bg-fill  bg-loaded\" >\n\n\t\t\t\n\t\t\t\n\t\t\t\n\n\t\t<\/div>\n\n\t\t\n\n\t\t<div class=\"section-content relative\">\n\t\t\t\n<div class=\"row\"  id=\"row-496995755\">\n\n\t<div id=\"col-214572147\" class=\"col small-12 large-12\"  >\n\t\t\t\t<div class=\"col-inner\"  >\n\t\t\t\n\t\t\t\n\t<div id=\"gap-1079460469\" class=\"gap-element clearfix hide-for-medium\" style=\"display:block; height:auto;\">\n\t\t\n<style>\n#gap-1079460469 {\n  padding-top: 30px;\n}\n<\/style>\n\t<\/div>\n\t\n\t\t<\/div>\n\t\t\t\t\n<style>\n#col-214572147 > .col-inner {\n  margin: 0px 0px -20px 0px;\n}\n<\/style>\n\t<\/div>\n\n\t\n<\/div>\n<div class=\"row align-equal\" style=\"max-width:1400px\" id=\"row-235585310\">\n\n\t<div id=\"col-1456729251\" class=\"col medium-12 small-12 large-6\"  >\n\t\t\t\t<div class=\"col-inner\"  >\n\t\t\t\n\t\t\t\n\t<div class=\"img has-hover x md-x lg-x y md-y lg-y\" id=\"image_241942561\">\n\t\t\t\t\t\t\t\t<div class=\"img-inner box-shadow-1 box-shadow-5-hover dark\" >\n\t\t\t<img loading=\"lazy\" decoding=\"async\" width=\"2560\" height=\"1449\" src=\"https:\/\/www.takustringmachines.com\/wp-content\/uploads\/2024\/06\/TAKU-Management-Team-scaled.webp\" class=\"attachment-original size-original\" alt=\"nh\u00e0 s\u1ea3n xu\u1ea5t thi\u1ebft b\u1ecb d\u00e2y\" srcset=\"https:\/\/www.takustringmachines.com\/wp-content\/uploads\/2024\/06\/TAKU-Management-Team-scaled.webp 2560w, https:\/\/www.takustringmachines.com\/wp-content\/uploads\/2024\/06\/TAKU-Management-Team-300x170.webp 300w, https:\/\/www.takustringmachines.com\/wp-content\/uploads\/2024\/06\/TAKU-Management-Team-1024x580.webp 1024w, https:\/\/www.takustringmachines.com\/wp-content\/uploads\/2024\/06\/TAKU-Management-Team-768x435.webp 768w, https:\/\/www.takustringmachines.com\/wp-content\/uploads\/2024\/06\/TAKU-Management-Team-1536x870.webp 1536w, https:\/\/www.takustringmachines.com\/wp-content\/uploads\/2024\/06\/TAKU-Management-Team-2048x1159.webp 2048w, https:\/\/www.takustringmachines.com\/wp-content\/uploads\/2024\/06\/TAKU-Management-Team-18x10.webp 18w, https:\/\/www.takustringmachines.com\/wp-content\/uploads\/2024\/06\/TAKU-Management-Team-600x340.webp 600w\" sizes=\"(max-width: 2560px) 100vw, 2560px\" \/>\t\t\t\t\t\t\n\t\t\t\t\t<\/div>\n\t\t\t\t\t\t\t\t\n<style>\n#image_241942561 {\n  width: 100%;\n}\n@media (min-width:550px) {\n  #image_241942561 {\n    width: 100%;\n  }\n}\n<\/style>\n\t<\/div>\n\t\n\t\t<\/div>\n\t\t\t\t\n<style>\n#col-1456729251 > .col-inner {\n  padding: 0px 0px 0px 0px;\n}\n@media (min-width:550px) {\n  #col-1456729251 > .col-inner {\n    padding: 0px 0px 0px 0px;\n  }\n}\n@media (min-width:850px) {\n  #col-1456729251 > .col-inner {\n    padding: 0px 30px 0px 0px;\n  }\n}\n<\/style>\n\t<\/div>\n\n\t\n\n\t<div id=\"col-138805309\" class=\"col medium-12 small-12 large-6 medium-col-first\"  >\n\t\t\t\t<div class=\"col-inner\"  >\n\t\t\t\n\t\t\t\n\t<div id=\"text-1435894099\" class=\"text\">\n\t\t\n<h2>\u0110\u1ed8I NG\u0168 DOANH NGHI\u1ec6P<\/h2>\n\t\t\n<style>\n#text-1435894099 {\n  font-size: 1rem;\n}\n@media (min-width:550px) {\n  #text-1435894099 {\n    font-size: 1rem;\n  }\n}\n@media (min-width:850px) {\n  #text-1435894099 {\n    font-size: 1.3rem;\n  }\n}\n<\/style>\n\t<\/div>\n\t\n<div class=\"is-divider divider clearfix\" style=\"max-width:50px;height:4px;background-color:rgb(0, 51, 102);\"><\/div>\n\t<div id=\"gap-452069944\" class=\"gap-element clearfix\" style=\"display:block; height:auto;\">\n\t\t\n<style>\n#gap-452069944 {\n  padding-top: 20px;\n}\n<\/style>\n\t<\/div>\n\t\n<p>T\u1ea1i c\u00f4ng ty, ch\u00fang t\u00f4i t\u1ef1 h\u00e0o c\u00f3 m\u1ed9t \u0111\u1ed9i ng\u0169 c\u00f3 tay ngh\u1ec1 cao v\u00e0 t\u1eadn t\u00e2m \u0111\u00e3 th\u00fac \u0111\u1ea9y th\u00e0nh c\u00f4ng c\u1ee7a ch\u00fang t\u00f4i. T\u1eeb nh\u1eefng nh\u00e0 l\u00e3nh \u0111\u1ea1o c\u00f3 t\u1ea7m nh\u00ecn xa v\u00e0 nh\u1eefng k\u1ef9 s\u01b0 t\u00e0i n\u0103ng cho \u0111\u1ebfn c\u00e1c chuy\u00ean gia d\u1ecbch v\u1ee5 v\u00e0 b\u00e1n h\u00e0ng t\u1eadp trung v\u00e0o kh\u00e1ch h\u00e0ng, m\u1ed7i th\u00e0nh vi\u00ean \u0111\u1ec1u \u0111\u00f3ng m\u1ed9t vai tr\u00f2 quan tr\u1ecdng trong vi\u1ec7c mang l\u1ea1i k\u1ebft qu\u1ea3 \u0111\u1eb7c bi\u1ec7t. C\u00f9ng nhau, ch\u00fang t\u00f4i khai th\u00e1c chuy\u00ean m\u00f4n chung c\u1ee7a m\u00ecnh \u0111\u1ec3 cung c\u1ea5p c\u00e1c gi\u1ea3i ph\u00e1p s\u00e1ng t\u1ea1o v\u00e0 h\u1ed7 tr\u1ee3 tuy\u1ec7t v\u1eddi cho kh\u00e1ch h\u00e0ng c\u1ee7a m\u00ecnh. V\u1edbi \u0111\u1ed9i ng\u0169 c\u1ee7a ch\u00fang t\u00f4i lu\u00f4n s\u00e1t c\u00e1nh, b\u1ea1n c\u00f3 th\u1ec3 tin t\u01b0\u1edfng ch\u00fang t\u00f4i s\u1ebd h\u1ed7 tr\u1ee3 b\u1ea1n \u0111\u1ea1t \u0111\u01b0\u1ee3c th\u00e0nh c\u00f4ng trong ng\u00e0nh s\u1ea3n xu\u1ea5t d\u00e2y \u0111\u00e0n.<\/p>\n\t<div id=\"gap-18850869\" class=\"gap-element clearfix\" style=\"display:block; height:auto;\">\n\t\t\n<style>\n#gap-18850869 {\n  padding-top: 30px;\n}\n<\/style>\n\t<\/div>\n\t\n<a href=\"https:\/\/www.takustringmachines.com\/vi\/lien-he\/\" target=\"_self\" class=\"button primary\"  style=\"border-radius:99px;\">\n    <span>Tham gia c\u00f9ng ch\u00fang t\u00f4i ngay<\/span>\n  <\/a>\n\n\t\t<\/div>\n\t\t\t\t\n<style>\n#col-138805309 > .col-inner {\n  padding: 0px 0px 0px 0px;\n}\n@media (min-width:550px) {\n  #col-138805309 > .col-inner {\n    padding: 0px 0px 0px 0px;\n  }\n}\n@media (min-width:850px) {\n  #col-138805309 > .col-inner {\n    padding: 0px 90px 0px 30px;\n  }\n}\n<\/style>\n\t<\/div>\n\n\t\n<\/div>\n<div class=\"row align-middle align-center\"  id=\"row-1148990921\">\n\n\t<div id=\"col-1610044276\" class=\"col medium-6 small-12 large-6\"  >\n\t\t\t\t<div class=\"col-inner\"  >\n\t\t\t\n\t\t\t\n\t<div id=\"gap-2146099175\" class=\"gap-element clearfix\" style=\"display:block; height:auto;\">\n\t\t\n<style>\n#gap-2146099175 {\n  padding-top: 0px;\n}\n<\/style>\n\t<\/div>\n\t\n\t\t<\/div>\n\t\t\t\t\t<\/div>\n\n\t\n<\/div>\n\t\t<\/div>\n\n\t\t\n<style>\n#section_1808811065 {\n  padding-top: 0px;\n  padding-bottom: 0px;\n}\n#section_1808811065 .ux-shape-divider--top svg {\n  height: 150px;\n  --divider-top-width: 100%;\n}\n#section_1808811065 .ux-shape-divider--bottom svg {\n  height: 150px;\n  --divider-width: 100%;\n}\n@media (min-width:550px) {\n  #section_1808811065 {\n    padding-top: 0px;\n    padding-bottom: 0px;\n  }\n}\n@media (min-width:850px) {\n  #section_1808811065 {\n    padding-top: 50px;\n    padding-bottom: 50px;\n  }\n}\n<\/style>\n\t<\/section>","protected":false},"excerpt":{"rendered":"","protected":false},"author":1,"featured_media":0,"parent":0,"menu_order":0,"comment_status":"closed","ping_status":"closed","template":"page-blank.php","meta":{"footnotes":""},"yoast_head":"<!-- This site is optimized with the Yoast SEO plugin v22.5 - https:\/\/yoast.com\/wordpress\/plugins\/seo\/ -->\n<title>About - TAKU<\/title>\n<meta name=\"robots\" content=\"index, follow, max-snippet:-1, max-image-preview:large, max-video-preview:-1\" \/>\n<link rel=\"canonical\" href=\"https:\/\/www.takustringmachines.com\/vi\/ve\/\" \/>\n<meta property=\"og:locale\" content=\"vi_VN\" \/>\n<meta property=\"og:type\" content=\"article\" \/>\n<meta property=\"og:title\" content=\"About - TAKU\" \/>\n<meta property=\"og:url\" content=\"https:\/\/www.takustringmachines.com\/vi\/ve\/\" \/>\n<meta property=\"og:site_name\" content=\"TAKU\" \/>\n<meta property=\"article:modified_time\" content=\"2024-06-10T17:44:22+00:00\" \/>\n<meta name=\"twitter:card\" content=\"summary_large_image\" \/>\n<meta name=\"twitter:label1\" content=\"\u01af\u1edbc t\u00ednh th\u1eddi gian \u0111\u1ecdc\" \/>\n\t<meta name=\"twitter:data1\" content=\"4 ph\u00fat\" \/>\n<script type=\"application\/ld+json\" class=\"yoast-schema-graph\">{\"@context\":\"https:\/\/schema.org\",\"@graph\":[{\"@type\":\"WebPage\",\"@id\":\"https:\/\/www.takustringmachines.com\/about\/\",\"url\":\"https:\/\/www.takustringmachines.com\/about\/\",\"name\":\"About - TAKU\",\"isPartOf\":{\"@id\":\"https:\/\/www.takustringmachines.com\/#website\"},\"datePublished\":\"2023-03-05T10:39:43+00:00\",\"dateModified\":\"2024-06-10T17:44:22+00:00\",\"breadcrumb\":{\"@id\":\"https:\/\/www.takustringmachines.com\/about\/#breadcrumb\"},\"inLanguage\":\"vi\",\"potentialAction\":[{\"@type\":\"ReadAction\",\"target\":[\"https:\/\/www.takustringmachines.com\/about\/\"]}]},{\"@type\":\"BreadcrumbList\",\"@id\":\"https:\/\/www.takustringmachines.com\/about\/#breadcrumb\",\"itemListElement\":[{\"@type\":\"ListItem\",\"position\":1,\"name\":\"Home\",\"item\":\"https:\/\/www.takustringmachines.com\/\"},{\"@type\":\"ListItem\",\"position\":2,\"name\":\"About\"}]},{\"@type\":\"WebSite\",\"@id\":\"https:\/\/www.takustringmachines.com\/#website\",\"url\":\"https:\/\/www.takustringmachines.com\/\",\"name\":\"TAKU\",\"description\":\"String Machine\",\"potentialAction\":[{\"@type\":\"SearchAction\",\"target\":{\"@type\":\"EntryPoint\",\"urlTemplate\":\"https:\/\/www.takustringmachines.com\/?s={search_term_string}\"},\"query-input\":\"required name=search_term_string\"}],\"inLanguage\":\"vi\"}]}<\/script>\n<!-- \/ Yoast SEO plugin. -->","yoast_head_json":{"title":"About - TAKU","robots":{"index":"index","follow":"follow","max-snippet":"max-snippet:-1","max-image-preview":"max-image-preview:large","max-video-preview":"max-video-preview:-1"},"canonical":"https:\/\/www.takustringmachines.com\/vi\/ve\/","og_locale":"vi_VN","og_type":"article","og_title":"About - TAKU","og_url":"https:\/\/www.takustringmachines.com\/vi\/ve\/","og_site_name":"TAKU","article_modified_time":"2024-06-10T17:44:22+00:00","twitter_card":"summary_large_image","twitter_misc":{"\u01af\u1edbc t\u00ednh th\u1eddi gian \u0111\u1ecdc":"4 ph\u00fat"},"schema":{"@context":"https:\/\/schema.org","@graph":[{"@type":"WebPage","@id":"https:\/\/www.takustringmachines.com\/about\/","url":"https:\/\/www.takustringmachines.com\/about\/","name":"About - TAKU","isPartOf":{"@id":"https:\/\/www.takustringmachines.com\/#website"},"datePublished":"2023-03-05T10:39:43+00:00","dateModified":"2024-06-10T17:44:22+00:00","breadcrumb":{"@id":"https:\/\/www.takustringmachines.com\/about\/#breadcrumb"},"inLanguage":"vi","potentialAction":[{"@type":"ReadAction","target":["https:\/\/www.takustringmachines.com\/about\/"]}]},{"@type":"BreadcrumbList","@id":"https:\/\/www.takustringmachines.com\/about\/#breadcrumb","itemListElement":[{"@type":"ListItem","position":1,"name":"Home","item":"https:\/\/www.takustringmachines.com\/"},{"@type":"ListItem","position":2,"name":"About"}]},{"@type":"WebSite","@id":"https:\/\/www.takustringmachines.com\/#website","url":"https:\/\/www.takustringmachines.com\/","name":"TAKU","description":"String Machine","potentialAction":[{"@type":"SearchAction","target":{"@type":"EntryPoint","urlTemplate":"https:\/\/www.takustringmachines.com\/?s={search_term_string}"},"query-input":"required name=search_term_string"}],"inLanguage":"vi"}]}},"_links":{"self":[{"href":"https:\/\/www.takustringmachines.com\/vi\/wp-json\/wp\/v2\/pages\/25"}],"collection":[{"href":"https:\/\/www.takustringmachines.com\/vi\/wp-json\/wp\/v2\/pages"}],"about":[{"href":"https:\/\/www.takustringmachines.com\/vi\/wp-json\/wp\/v2\/types\/page"}],"author":[{"embeddable":true,"href":"https:\/\/www.takustringmachines.com\/vi\/wp-json\/wp\/v2\/users\/1"}],"replies":[{"embeddable":true,"href":"https:\/\/www.takustringmachines.com\/vi\/wp-json\/wp\/v2\/comments?post=25"}],"version-history":[{"count":1,"href":"https:\/\/www.takustringmachines.com\/vi\/wp-json\/wp\/v2\/pages\/25\/revisions"}],"predecessor-version":[{"id":1876,"href":"https:\/\/www.takustringmachines.com\/vi\/wp-json\/wp\/v2\/pages\/25\/revisions\/1876"}],"wp:attachment":[{"href":"https:\/\/www.takustringmachines.com\/vi\/wp-json\/wp\/v2\/media?parent=25"}],"curies":[{"name":"wp","href":"https:\/\/api.w.org\/{rel}","templated":true}]}}