{"id":1599,"date":"2023-06-20T07:41:08","date_gmt":"2023-06-20T07:41:08","guid":{"rendered":"https:\/\/www.takustringmachines.com\/?post_type=product&#038;p=1599"},"modified":"2025-11-14T08:42:44","modified_gmt":"2025-11-14T08:42:44","slug":"string-ballends","status":"publish","type":"product","link":"https:\/\/www.takustringmachines.com\/tr\/manufacturer\/dize-ballends\/","title":{"rendered":"Gitar Telleri ve Bas Telleri i\u00e7in Premium Top U\u00e7lar\u0131"},"content":{"rendered":"<div class=\"video video-fit mb\" style=\"padding-top:56.25%;\"><p><iframe loading=\"lazy\" title=\"Gitar ve bas telleri i\u00e7in \u00e7ok renkli bilye u\u00e7lar\u0131 # gitar telleri # bas telleri # gitar par\u00e7alar\u0131 # bilye u\u00e7lar\u0131\" width=\"563\" height=\"1000\" src=\"https:\/\/www.youtube.com\/embed\/nqlkWnEVhOw?feature=oembed\" frameborder=\"0\" allow=\"accelerometer; autoplay; clipboard-write; encrypted-media; gyroscope; picture-in-picture; web-share\" referrerpolicy=\"strict-origin-when-cross-origin\" allowfullscreen><\/iframe><\/p>\n<\/div>\n<h3>Tan\u0131m<\/h3>\n<p>Malzeme: Otomat demiri<\/p>\n<p>Bitirme: Pirin\u00e7 Kaplama \/ Nikel Kaplama \/ Krom Kaplama \/ \u00c7ok Renkli Kaplama<\/p>\n<h3>Akustik \/ Elektro Gitar Teli Top U\u00e7lar\u0131 Boyutu<\/h3>\n<ul>\n<li>D\u0131\u015f \u00e7ap: 4mm<\/li>\n<li>\u0130\u00e7 \u00e7ap: 2,3 mm<\/li>\n<li>Y\u00fckseklik: 2,85 mm<\/li>\n<li>Oluk: 0,72 mm<\/li>\n<\/ul>\n<h3>Bas Gitar Tel Topu U\u00e7lar\u0131 Boyutu<\/h3>\n<ul>\n<li>D\u0131\u015f \u00e7ap: 6mm<\/li>\n<li>\u0130\u00e7 \u00e7ap: 3mm<\/li>\n<li>Y\u00fckseklik: 4,9 mm<\/li>\n<li>Oluk: 1mm<\/li>\n<\/ul>\n<h3 data-zone-id=\"0\" data-line-index=\"0\" data-line=\"true\">\u00dccretsiz \u00d6rnekler Mevcuttur<\/h3>\n<h3 data-zone-id=\"0\" data-line-index=\"0\" data-line=\"true\">\u00d6zelle\u015ftirme Hizmeti<\/h3>\n<div data-zone-id=\"0\" data-line-index=\"0\" data-line=\"true\">\u0130stedi\u011finiz \u015fekil, boyut ve renklere g\u00f6re \u00f6zelle\u015ftirmeyi memnuniyetle kar\u015f\u0131l\u0131yoruz. M\u00fczik telleriniz i\u00e7in m\u00fckemmel top u\u00e7lar\u0131n\u0131 yaratal\u0131m.<\/div>\n<div data-zone-id=\"0\" data-line-index=\"0\" data-line=\"true\"><\/div>\n<div class=\"row\"  id=\"row-645170466\">\n\n\t<div id=\"col-1127782348\" class=\"col small-12 large-12\"  >\n\t\t\t\t<div class=\"col-inner\"  >\n\t\t\t\n\t\t\t\n<div class=\"row\"  id=\"row-1584247673\">\n\n\t<div id=\"col-2109832041\" class=\"col small-12 large-12\"  >\n\t\t\t\t<div class=\"col-inner\"  >\n\t\t\t\n\t\t\t\n\t<div id=\"gap-55322794\" class=\"gap-element clearfix\" style=\"display:block; height:auto;\">\n\t\t\n<style>\n#gap-55322794 {\n  padding-top: 30px;\n}\n<\/style>\n\t<\/div>\n\t\n<div class=\"container section-title-container\" ><h2 class=\"section-title section-title-center\"><b><\/b><span class=\"section-title-main\" >Top U\u00e7lar\u0131 SSS<\/span><b><\/b><\/h2><\/div>\n<div class=\"row\"  id=\"row-17766468\">\n\n\t<div id=\"col-1998066282\" class=\"col small-12 large-12\"  >\n\t\t\t\t<div class=\"col-inner\"  >\n\t\t\t\n\t\t\t\n<div class=\"accordion\">\n<div id=\"accordion-3654322338\" class=\"accordion-item\"><a id=\"accordion-3654322338-label\" href=\"#\" class=\"accordion-title plain\" aria-expanded=\"false\" aria-controls=\"accordion-3654322338-content\"><button class=\"toggle\" aria-label=\"De\u011fi\u015ftir\"><i class=\"icon-angle-down\"><\/i><\/button><span>Top u\u00e7lar\u0131n\u0131z tel makinemize uyumlu mu?<\/span><\/a><div id=\"accordion-3654322338-content\" class=\"accordion-inner\" aria-labelledby=\"accordion-3654322338-label\">\n<div id=\"text-593292737\" class=\"text\">\n<p>Top u\u00e7lar\u0131m\u0131z farkl\u0131 enstr\u00fcmanlara uyum sa\u011flamak i\u00e7in \u00e7e\u015fitli boyutlarda mevcuttur. \u00d6rne\u011fin, 4 mm \u00e7ap\u0131ndaki bilye ucu genel olarak gitar telleriyle uyumluyken, 6 mm \u00e7ap\u0131ndaki bilye ucu bas telleri i\u00e7in uygundur. \u00d6zel ihtiya\u00e7lar\u0131n\u0131za m\u00fckemmel uyum sa\u011flamak amac\u0131yla test i\u00e7in \u00fccretsiz numuneler sunmaktan mutluluk duyar\u0131z.<\/p>\n<\/div>\n<\/div><\/div>\n<div id=\"accordion-2298677321\" class=\"accordion-item\"><a id=\"accordion-2298677321-label\" href=\"#\" class=\"accordion-title plain\" aria-expanded=\"false\" aria-controls=\"accordion-2298677321-content\"><button class=\"toggle\" aria-label=\"De\u011fi\u015ftir\"><i class=\"icon-angle-down\"><\/i><\/button><span>Top u\u00e7lar\u0131n\u0131z dayan\u0131kl\u0131 malzemelerden mi yap\u0131lm\u0131\u015f?<\/span><\/a><div id=\"accordion-2298677321-content\" class=\"accordion-inner\" aria-labelledby=\"accordion-2298677321-label\">\n<p>Evet, bilye u\u00e7lar\u0131m\u0131z, dayan\u0131kl\u0131l\u0131k ve uzun \u00f6m\u00fcr sa\u011flayan paslanmaz \u00e7elik veya pirin\u00e7 gibi y\u00fcksek kaliteli malzemelerden yap\u0131lm\u0131\u015ft\u0131r.<\/p>\n<\/div><\/div>\n<div id=\"accordion-2953103765\" class=\"accordion-item\"><a id=\"accordion-2953103765-label\" href=\"#\" class=\"accordion-title plain\" aria-expanded=\"false\" aria-controls=\"accordion-2953103765-content\"><button class=\"toggle\" aria-label=\"De\u011fi\u015ftir\"><i class=\"icon-angle-down\"><\/i><\/button><span>Top u\u00e7lar\u0131n\u0131n boyutunu gitar tellerime uyacak \u015fekilde \u00f6zelle\u015ftirebilir miyim?<\/span><\/a><div id=\"accordion-2953103765-content\" class=\"accordion-inner\" aria-labelledby=\"accordion-2953103765-label\">\n<p>Evet, \u00f6zel gitar teli \u00f6l\u00e7\u00fclerinize ve \u00e7aplar\u0131n\u0131za m\u00fckemmel uyum sa\u011flamak amac\u0131yla bilye u\u00e7lar\u0131m\u0131z i\u00e7in \u00f6zelle\u015ftirilebilir boyutlar sunuyoruz. Ayr\u0131ca \u00f6zel gereksiniminiz varsa toplarda \u00f6zelle\u015ftirilmi\u015f logo sunuyoruz.<\/p>\n<\/div><\/div>\n<\/div>\n<div class=\"accordion\">\n<div id=\"accordion-462647850\" class=\"accordion-item\"><a id=\"accordion-462647850-label\" href=\"#\" class=\"accordion-title plain\" aria-expanded=\"false\" aria-controls=\"accordion-462647850-content\"><button class=\"toggle\" aria-label=\"De\u011fi\u015ftir\"><i class=\"icon-angle-down\"><\/i><\/button><span>Top u\u00e7lar\u0131 i\u00e7in farkl\u0131 renkler sunuyor musunuz?<\/span><\/a><div id=\"accordion-462647850-content\" class=\"accordion-inner\" aria-labelledby=\"accordion-462647850-label\">\n<p>Evet, top u\u00e7lar\u0131m\u0131z i\u00e7in gitar tellerinize ki\u015fiselle\u015ftirilmi\u015f bir dokunu\u015f eklemenize olanak tan\u0131yan \u00e7e\u015fitli renkler sunuyoruz. Klasik g\u00fcm\u00fc\u015f, alt\u0131n, siyah veya di\u011fer canl\u0131 renk se\u00e7enekleri aras\u0131ndan tarz\u0131n\u0131za uygun olan\u0131 se\u00e7in. \u00d6zel rengi tercih etmeniz durumunda, sa\u011flad\u0131\u011f\u0131n\u0131z Pantone numaras\u0131na g\u00f6re size \u00f6zelle\u015ftirilmi\u015f renk sunaca\u011f\u0131z.<\/p>\n<\/div><\/div>\n<div id=\"accordion-1253074479\" class=\"accordion-item\"><a id=\"accordion-1253074479-label\" href=\"#\" class=\"accordion-title plain\" aria-expanded=\"false\" aria-controls=\"accordion-1253074479-content\"><button class=\"toggle\" aria-label=\"De\u011fi\u015ftir\"><i class=\"icon-angle-down\"><\/i><\/button><span>Top u\u00e7lar\u0131n\u0131z i\u00e7in minimum sipari\u015f miktar\u0131 var m\u0131?<\/span><\/a><div id=\"accordion-1253074479-content\" class=\"accordion-inner\" aria-labelledby=\"accordion-1253074479-label\">\n<p>Evet, bilyeli u\u00e7lar\u0131m\u0131z i\u00e7in minimum sipari\u015f miktar\u0131m\u0131z mevcuttur. Belirli minimum sipari\u015f miktar\u0131, ihtiya\u00e7 duydu\u011funuz bilye u\u00e7lar\u0131n\u0131n t\u00fcr\u00fcne ve boyutuna ba\u011fl\u0131 olarak de\u011fi\u015febilir. Minimum sipari\u015f miktar\u0131 hakk\u0131nda daha fazla bilgi almak ve \u00f6zel ihtiya\u00e7lar\u0131n\u0131z\u0131 g\u00f6r\u00fc\u015fmek i\u00e7in l\u00fctfen sat\u0131\u015f ekibimizle ileti\u015fime ge\u00e7in.<\/p>\n<\/div><\/div>\n<\/div>\n\t\t<\/div>\n\t\t\t\t\t<\/div>\n\n\t\n<\/div>\n\t\t<\/div>\n\t\t\t\t\t<\/div>\n\n\t\n<\/div>\n<div class=\"container section-title-container\" ><h2 class=\"section-title section-title-center\"><b><\/b><span class=\"section-title-main\" >Bize Ula\u015f\u0131n<\/span><b><\/b><\/h2><\/div>\n\t<div id=\"gap-1161150985\" class=\"gap-element clearfix\" style=\"display:block; height:auto;\">\n\t\t\n<style>\n#gap-1161150985 {\n  padding-top: 20px;\n}\n<\/style>\n\t<\/div>\n\t\n\n<div class=\"wpcf7 no-js\" id=\"wpcf7-f280-o1\" lang=\"en-US\" dir=\"ltr\">\n<div class=\"screen-reader-response\"><p role=\"status\" aria-live=\"polite\" aria-atomic=\"true\"><\/p> <ul><\/ul><\/div>\n<form action=\"\/tr\/wp-json\/wp\/v2\/product\/1599#wpcf7-f280-o1\" method=\"post\" class=\"wpcf7-form init\" aria-label=\"\u0130leti\u015fim formu\" novalidate=\"novalidate\" data-status=\"init\" data-trp-original-action=\"\/tr\/wp-json\/wp\/v2\/product\/1599#wpcf7-f280-o1\">\n<div style=\"display: none;\">\n<input type=\"hidden\" name=\"_wpcf7\" value=\"280\" \/>\n<input type=\"hidden\" name=\"_wpcf7_version\" value=\"5.9.3\" \/>\n<input type=\"hidden\" name=\"_wpcf7_locale\" value=\"en_US\" \/>\n<input type=\"hidden\" name=\"_wpcf7_unit_tag\" value=\"wpcf7-f280-o1\" \/>\n<input type=\"hidden\" name=\"_wpcf7_container_post\" value=\"0\" \/>\n<input type=\"hidden\" name=\"_wpcf7_posted_data_hash\" value=\"\" \/>\n<\/div>\n<div class='custom_contact_style'>\n\t<div class=\"row row-small\">\n\t\t<div class=\"col medium-6 small-12 large-6\">\n\t\t\t<div class=\"col-inner\">\n\t\t\t\t<p><span class=\"wpcf7-form-control-wrap\" data-name=\"your-name\"><input size=\"40\" class=\"wpcf7-form-control wpcf7-text wpcf7-validates-as-required\" aria-required=\"true\" aria-invalid=\"false\" placeholder=\"\u0130sim*\" value=\"\" type=\"text\" name=\"your-name\" \/><\/span>\n\t\t\t\t<\/p>\n\t\t\t<\/div>\n\t\t<\/div>\n\t\t<div class=\"col medium-6 small-12 large-6\">\n\t\t\t<div class=\"col-inner\">\n\t\t\t\t<p><span class=\"wpcf7-form-control-wrap\" data-name=\"your-email\"><input size=\"40\" class=\"wpcf7-form-control wpcf7-email wpcf7-validates-as-required wpcf7-text wpcf7-validates-as-email\" aria-required=\"true\" aria-invalid=\"false\" placeholder=\"E-posta*\" value=\"\" type=\"email\" name=\"your-email\" \/><\/span>\n\t\t\t\t<\/p>\n\t\t\t<\/div>\n\t\t<\/div>\n\t<\/div>\n\t<div class='cus_contact_form_bottom'>\n\t\t<p><span class=\"wpcf7-form-control-wrap\" data-name=\"your-phone\"><input size=\"40\" class=\"wpcf7-form-control wpcf7-tel wpcf7-validates-as-required wpcf7-text wpcf7-validates-as-tel\" aria-required=\"true\" aria-invalid=\"false\" placeholder=\"Telefon *\" value=\"\" type=\"tel\" name=\"your-phone\" \/><\/span>\n\t\t<\/p>\n\t<\/div>\n\t<div class='cus_contact_form_bottom'>\n\t\t<p><span class=\"wpcf7-form-control-wrap\" data-name=\"your-company\"><input size=\"40\" class=\"wpcf7-form-control wpcf7-text wpcf7-validates-as-required\" aria-required=\"true\" aria-invalid=\"false\" placeholder=\"\u015eirket *\" value=\"\" type=\"text\" name=\"your-company\" \/><\/span>\n\t\t<\/p>\n\t<\/div>\n\t<div class='cus_contact_form_bottom'>\n\t\t<p><span class=\"wpcf7-form-control-wrap\" data-name=\"your-country\"><input size=\"40\" class=\"wpcf7-form-control wpcf7-text\" aria-invalid=\"false\" placeholder=\"\u00dclke\" value=\"\" type=\"text\" name=\"your-country\" \/><\/span>\n\t\t<\/p>\n\t<\/div>\n\t<p><span class=\"wpcf7-form-control-wrap\" data-name=\"your-message\"><textarea cols=\"40\" rows=\"10\" class=\"wpcf7-form-control wpcf7-textarea wpcf7-validates-as-required\" aria-required=\"true\" aria-invalid=\"false\" placeholder=\"Mesaj\u0131n *\" name=\"your-message\"><\/textarea><\/span>\n\t<\/p>\n\t<div style=\"margin-bottom:10px;\">\n\t\t<p><span class=\"wpcf7-form-control-wrap kc_captcha cf7ic-toggle\" data-name=\"kc_captcha\"><span class=\"wpcf7-form-control wpcf7-radio\"><span class=\"captcha-image\" style=\"display: none;\"><span class=\"cf7ic_instructions\">L\u00fctfen insan oldu\u011funuzu kan\u0131tlamak i\u00e7in \u015funu se\u00e7in:<span> ev<\/span>.<\/span><label><input type=\"radio\" name=\"kc_captcha\" value=\"kc_human\" \/><svg width=\"50\" height=\"50\" aria-hidden=\"true\" role=\"img\" xmlns=\"http:\/\/www.w3.org\/2000\/svg\" viewbox=\"0 0 576 512\"><path fill=\"currentColor\" d=\"M488 313v143c0 13-11 24-24 24H348c-7 0-12-5-12-12V356c0-7-5-12-12-12h-72c-7 0-12 5-12 12v112c0 7-5 12-12 12H112c-13 0-24-11-24-24V313c0-4 2-7 4-10l188-154c5-4 11-4 16 0l188 154c2 3 4 6 4 10zm84-61l-84-69V44c0-6-5-12-12-12h-56c-7 0-12 6-12 12v73l-89-74a48 48 0 00-61 0L4 252c-5 4-5 12-1 17l25 31c5 5 12 5 17 1l235-193c5-4 11-4 16 0l235 193c5 5 13 4 17-1l25-31c4-6 4-13-1-17z\"\/><\/svg><\/label><label><input type=\"radio\" name=\"kc_captcha\" value=\"bot\" \/><svg width=\"50\" height=\"50\" aria-hidden=\"true\" role=\"img\" xmlns=\"http:\/\/www.w3.org\/2000\/svg\" viewbox=\"0 0 576 512\"><path fill=\"currentColor\" d=\"M259 18l-65 132-146 22c-26 3-37 36-18 54l106 103-25 146c-5 26 23 46 46 33l131-68 131 68c23 13 51-7 46-33l-25-146 106-103c19-18 8-51-18-54l-146-22-65-132a32 32 0 00-58 0z\"\/><\/svg><\/label><label><input type=\"radio\" name=\"kc_captcha\" value=\"bot\" \/><svg width=\"50\" height=\"50\" aria-hidden=\"true\" role=\"img\" xmlns=\"http:\/\/www.w3.org\/2000\/svg\" viewbox=\"0 0 512 512\"><path fill=\"currentColor\" d=\"M512 176a176 176 0 01-209 173l-24 27a24 24 0 01-18 8h-37v40c0 13-11 24-24 24h-40v40c0 13-11 24-24 24H24c-13 0-24-11-24-24v-78c0-6 3-13 7-17l162-162a176 176 0 11343-55zm-176-48a48 48 0 1096 0 48 48 0 00-96 0z\"\/><\/svg><\/label>\r\n    <\/span>\r\n    <span style=\"display:none\">\r\n        <input type=\"text\" name=\"kc_honeypot\">\r\n    <\/span><\/span><\/span>\n\t\t<\/p>\n\t<\/div>\n\t<p><input class=\"wpcf7-form-control wpcf7-submit has-spinner\" type=\"submit\" value=\"Mesaj g\u00f6nder\" \/>\n\t<\/p>\n<\/div>\n<input class=\"wpcf7-form-control wpcf7-hidden\" value=\"\" type=\"hidden\" name=\"your-page-title\" \/>\n<input class=\"wpcf7-form-control wpcf7-hidden\" value=\"\" type=\"hidden\" name=\"your-page-url\" \/><div class=\"wpcf7-response-output\" aria-hidden=\"true\"><\/div>\n<input type=\"hidden\" name=\"trp-form-language\" value=\"tr\"\/><\/form>\n<\/div>\n\n\t\t<\/div>\n\t\t\t\t\t<\/div>\n\n\t\n<\/div>","protected":false},"excerpt":{"rendered":"<p>\u00c7ok y\u00f6nl\u00fc bilyeli u\u00e7 tasar\u0131m\u0131m\u0131zla m\u00fczik telleri \u00fcretim s\u00fcrecinizi geli\u015ftirin. Kilit b\u00fck\u00fcml\u00fc veya kilit b\u00fck\u00fcms\u00fcz olarak hem alt\u0131gen hem de yuvarlak tele tak\u0131labilen paslanmaz \u00e7elik bilye ucumuz, y\u00fcksek hassasiyeti garanti eder ve \u00e7e\u015fitli canl\u0131 renklerde elektrolizle kaplanm\u0131\u015ft\u0131r. Her telde yumu\u015fak dokunu\u015fu ve \u00fcst\u00fcn kaliteyi deneyimleyin. \u00d6zel gereksinimlerinizi kar\u015f\u0131lamak i\u00e7in \u00f6zel boyut ve renkleri memnuniyetle kar\u015f\u0131l\u0131yoruz.<\/p>","protected":false},"featured_media":1603,"comment_status":"open","ping_status":"closed","template":"","meta":[],"product_cat":[22],"product_tag":[43],"yoast_head":"<!-- This site is optimized with the Yoast SEO plugin v22.5 - https:\/\/yoast.com\/wordpress\/plugins\/seo\/ -->\n<title>Multi-color Guitar String Ball Ends<\/title>\n<meta name=\"description\" content=\"Discover our premium-quality multi-color ball ends, perfect for enhancing the aesthetics and performance of your guitar strings. Elevate your music experience with vibrant colors and exceptional craftsmanship. Explore our collection today.\" \/>\n<meta name=\"robots\" content=\"index, follow, max-snippet:-1, max-image-preview:large, max-video-preview:-1\" \/>\n<link rel=\"canonical\" href=\"https:\/\/www.takustringmachines.com\/tr\/manufacturer\/dize-ballends\/\" \/>\n<meta property=\"og:locale\" content=\"tr_TR\" \/>\n<meta property=\"og:type\" content=\"article\" \/>\n<meta property=\"og:title\" content=\"Multi-color Guitar String Ball Ends\" \/>\n<meta property=\"og:description\" content=\"Discover our premium-quality multi-color ball ends, perfect for enhancing the aesthetics and performance of your guitar strings. Elevate your music experience with vibrant colors and exceptional craftsmanship. Explore our collection today.\" \/>\n<meta property=\"og:url\" content=\"https:\/\/www.takustringmachines.com\/tr\/manufacturer\/dize-ballends\/\" \/>\n<meta property=\"og:site_name\" content=\"TAKU\" \/>\n<meta property=\"article:modified_time\" content=\"2025-11-14T08:42:44+00:00\" \/>\n<meta property=\"og:image\" content=\"https:\/\/www.takustringmachines.com\/wp-content\/uploads\/2023\/06\/Multi-color-ball-ends-1000x1000-1.webp\" \/>\n\t<meta property=\"og:image:width\" content=\"1000\" \/>\n\t<meta property=\"og:image:height\" content=\"1000\" \/>\n\t<meta property=\"og:image:type\" content=\"image\/webp\" \/>\n<meta name=\"twitter:card\" content=\"summary_large_image\" \/>\n<meta name=\"twitter:label1\" content=\"Tahmini okuma s\u00fcresi\" \/>\n\t<meta name=\"twitter:data1\" content=\"2 dakika\" \/>\n<script type=\"application\/ld+json\" class=\"yoast-schema-graph\">{\"@context\":\"https:\/\/schema.org\",\"@graph\":[{\"@type\":\"WebPage\",\"@id\":\"https:\/\/www.takustringmachines.com\/manufacturer\/string-ballends\/\",\"url\":\"https:\/\/www.takustringmachines.com\/manufacturer\/string-ballends\/\",\"name\":\"Multi-color Guitar String Ball Ends\",\"isPartOf\":{\"@id\":\"https:\/\/www.takustringmachines.com\/#website\"},\"primaryImageOfPage\":{\"@id\":\"https:\/\/www.takustringmachines.com\/manufacturer\/string-ballends\/#primaryimage\"},\"image\":{\"@id\":\"https:\/\/www.takustringmachines.com\/manufacturer\/string-ballends\/#primaryimage\"},\"thumbnailUrl\":\"https:\/\/www.takustringmachines.com\/wp-content\/uploads\/2023\/06\/Multi-color-ball-ends-1000x1000-1.webp\",\"datePublished\":\"2023-06-20T07:41:08+00:00\",\"dateModified\":\"2025-11-14T08:42:44+00:00\",\"description\":\"Discover our premium-quality multi-color ball ends, perfect for enhancing the aesthetics and performance of your guitar strings. Elevate your music experience with vibrant colors and exceptional craftsmanship. Explore our collection today.\",\"breadcrumb\":{\"@id\":\"https:\/\/www.takustringmachines.com\/manufacturer\/string-ballends\/#breadcrumb\"},\"inLanguage\":\"tr\",\"potentialAction\":[{\"@type\":\"ReadAction\",\"target\":[\"https:\/\/www.takustringmachines.com\/manufacturer\/string-ballends\/\"]}]},{\"@type\":\"ImageObject\",\"inLanguage\":\"tr\",\"@id\":\"https:\/\/www.takustringmachines.com\/manufacturer\/string-ballends\/#primaryimage\",\"url\":\"https:\/\/www.takustringmachines.com\/wp-content\/uploads\/2023\/06\/Multi-color-ball-ends-1000x1000-1.webp\",\"contentUrl\":\"https:\/\/www.takustringmachines.com\/wp-content\/uploads\/2023\/06\/Multi-color-ball-ends-1000x1000-1.webp\",\"width\":1000,\"height\":1000},{\"@type\":\"BreadcrumbList\",\"@id\":\"https:\/\/www.takustringmachines.com\/manufacturer\/string-ballends\/#breadcrumb\",\"itemListElement\":[{\"@type\":\"ListItem\",\"position\":1,\"name\":\"Home\",\"item\":\"https:\/\/www.takustringmachines.com\/\"},{\"@type\":\"ListItem\",\"position\":2,\"name\":\"Products\",\"item\":\"https:\/\/www.takustringmachines.com\/shop\/\"},{\"@type\":\"ListItem\",\"position\":3,\"name\":\"Premium Ball Ends for Guitar Strings and Bass Strings\"}]},{\"@type\":\"WebSite\",\"@id\":\"https:\/\/www.takustringmachines.com\/#website\",\"url\":\"https:\/\/www.takustringmachines.com\/\",\"name\":\"TAKU\",\"description\":\"String Machine\",\"potentialAction\":[{\"@type\":\"SearchAction\",\"target\":{\"@type\":\"EntryPoint\",\"urlTemplate\":\"https:\/\/www.takustringmachines.com\/?s={search_term_string}\"},\"query-input\":\"required name=search_term_string\"}],\"inLanguage\":\"tr\"}]}<\/script>\n<!-- \/ Yoast SEO plugin. -->","yoast_head_json":{"title":"Multi-color Guitar String Ball Ends","description":"Discover our premium-quality multi-color ball ends, perfect for enhancing the aesthetics and performance of your guitar strings. Elevate your music experience with vibrant colors and exceptional craftsmanship. Explore our collection today.","robots":{"index":"index","follow":"follow","max-snippet":"max-snippet:-1","max-image-preview":"max-image-preview:large","max-video-preview":"max-video-preview:-1"},"canonical":"https:\/\/www.takustringmachines.com\/tr\/manufacturer\/dize-ballends\/","og_locale":"tr_TR","og_type":"article","og_title":"Multi-color Guitar String Ball Ends","og_description":"Discover our premium-quality multi-color ball ends, perfect for enhancing the aesthetics and performance of your guitar strings. Elevate your music experience with vibrant colors and exceptional craftsmanship. Explore our collection today.","og_url":"https:\/\/www.takustringmachines.com\/tr\/manufacturer\/dize-ballends\/","og_site_name":"TAKU","article_modified_time":"2025-11-14T08:42:44+00:00","og_image":[{"width":1000,"height":1000,"url":"https:\/\/www.takustringmachines.com\/wp-content\/uploads\/2023\/06\/Multi-color-ball-ends-1000x1000-1.webp","type":"image\/webp"}],"twitter_card":"summary_large_image","twitter_misc":{"Tahmini okuma s\u00fcresi":"2 dakika"},"schema":{"@context":"https:\/\/schema.org","@graph":[{"@type":"WebPage","@id":"https:\/\/www.takustringmachines.com\/manufacturer\/string-ballends\/","url":"https:\/\/www.takustringmachines.com\/manufacturer\/string-ballends\/","name":"Multi-color Guitar String Ball Ends","isPartOf":{"@id":"https:\/\/www.takustringmachines.com\/#website"},"primaryImageOfPage":{"@id":"https:\/\/www.takustringmachines.com\/manufacturer\/string-ballends\/#primaryimage"},"image":{"@id":"https:\/\/www.takustringmachines.com\/manufacturer\/string-ballends\/#primaryimage"},"thumbnailUrl":"https:\/\/www.takustringmachines.com\/wp-content\/uploads\/2023\/06\/Multi-color-ball-ends-1000x1000-1.webp","datePublished":"2023-06-20T07:41:08+00:00","dateModified":"2025-11-14T08:42:44+00:00","description":"Discover our premium-quality multi-color ball ends, perfect for enhancing the aesthetics and performance of your guitar strings. Elevate your music experience with vibrant colors and exceptional craftsmanship. Explore our collection today.","breadcrumb":{"@id":"https:\/\/www.takustringmachines.com\/manufacturer\/string-ballends\/#breadcrumb"},"inLanguage":"tr","potentialAction":[{"@type":"ReadAction","target":["https:\/\/www.takustringmachines.com\/manufacturer\/string-ballends\/"]}]},{"@type":"ImageObject","inLanguage":"tr","@id":"https:\/\/www.takustringmachines.com\/manufacturer\/string-ballends\/#primaryimage","url":"https:\/\/www.takustringmachines.com\/wp-content\/uploads\/2023\/06\/Multi-color-ball-ends-1000x1000-1.webp","contentUrl":"https:\/\/www.takustringmachines.com\/wp-content\/uploads\/2023\/06\/Multi-color-ball-ends-1000x1000-1.webp","width":1000,"height":1000},{"@type":"BreadcrumbList","@id":"https:\/\/www.takustringmachines.com\/manufacturer\/string-ballends\/#breadcrumb","itemListElement":[{"@type":"ListItem","position":1,"name":"Home","item":"https:\/\/www.takustringmachines.com\/"},{"@type":"ListItem","position":2,"name":"Products","item":"https:\/\/www.takustringmachines.com\/shop\/"},{"@type":"ListItem","position":3,"name":"Premium Ball Ends for Guitar Strings and Bass Strings"}]},{"@type":"WebSite","@id":"https:\/\/www.takustringmachines.com\/#website","url":"https:\/\/www.takustringmachines.com\/","name":"TAKU","description":"String Machine","potentialAction":[{"@type":"SearchAction","target":{"@type":"EntryPoint","urlTemplate":"https:\/\/www.takustringmachines.com\/?s={search_term_string}"},"query-input":"required name=search_term_string"}],"inLanguage":"tr"}]}},"_links":{"self":[{"href":"https:\/\/www.takustringmachines.com\/tr\/wp-json\/wp\/v2\/product\/1599"}],"collection":[{"href":"https:\/\/www.takustringmachines.com\/tr\/wp-json\/wp\/v2\/product"}],"about":[{"href":"https:\/\/www.takustringmachines.com\/tr\/wp-json\/wp\/v2\/types\/product"}],"replies":[{"embeddable":true,"href":"https:\/\/www.takustringmachines.com\/tr\/wp-json\/wp\/v2\/comments?post=1599"}],"wp:featuredmedia":[{"embeddable":true,"href":"https:\/\/www.takustringmachines.com\/tr\/wp-json\/wp\/v2\/media\/1603"}],"wp:attachment":[{"href":"https:\/\/www.takustringmachines.com\/tr\/wp-json\/wp\/v2\/media?parent=1599"}],"wp:term":[{"taxonomy":"product_cat","embeddable":true,"href":"https:\/\/www.takustringmachines.com\/tr\/wp-json\/wp\/v2\/product_cat?post=1599"},{"taxonomy":"product_tag","embeddable":true,"href":"https:\/\/www.takustringmachines.com\/tr\/wp-json\/wp\/v2\/product_tag?post=1599"}],"curies":[{"name":"wp","href":"https:\/\/api.w.org\/{rel}","templated":true}]}}