{"id":1599,"date":"2023-06-20T07:41:08","date_gmt":"2023-06-20T07:41:08","guid":{"rendered":"https:\/\/www.takustringmachines.com\/?post_type=product&#038;p=1599"},"modified":"2025-11-14T08:42:44","modified_gmt":"2025-11-14T08:42:44","slug":"string-ballends","status":"publish","type":"product","link":"https:\/\/www.takustringmachines.com\/pt\/manufacturer\/baladas-de-corda\/","title":{"rendered":"Extremidades esf\u00e9ricas premium para cordas de guitarra e baixo"},"content":{"rendered":"<div class=\"video video-fit mb\" style=\"padding-top:56.25%;\"><p><iframe loading=\"lazy\" title=\"Ponteiras de bola multicoloridas para cordas de guitarra e baixo #guitarstrings #bassstrings #guitarparts #ballends\" width=\"563\" height=\"1000\" src=\"https:\/\/www.youtube.com\/embed\/nqlkWnEVhOw?feature=oembed\" frameborder=\"0\" allow=\"accelerometer; autoplay; clipboard-write; encrypted-media; gyroscope; picture-in-picture; web-share\" referrerpolicy=\"strict-origin-when-cross-origin\" allowfullscreen><\/iframe><\/p>\n<\/div>\n<h3>Descri\u00e7\u00e3o<\/h3>\n<p>Material: Ferro de corte gr\u00e1tis<\/p>\n<p>Acabamento: Chapeamento de lat\u00e3o \/ Niquelado \/ Cromado \/ Revestimento multicolorido<\/p>\n<h3>Dimens\u00e3o das extremidades da bola de corda de guitarra ac\u00fastica \/ el\u00e9trica<\/h3>\n<ul>\n<li>Di\u00e2metro externo: 4mm<\/li>\n<li>Di\u00e2metro interno: 2,3 mm<\/li>\n<li>Altura: 2,85 mm<\/li>\n<li>Sulco: 0,72 mm<\/li>\n<\/ul>\n<h3>Dimens\u00e3o das extremidades da bola de cordas do baixo<\/h3>\n<ul>\n<li>Di\u00e2metro externo: 6mm<\/li>\n<li>Di\u00e2metro interno: 3mm<\/li>\n<li>Altura: 4,9 mm<\/li>\n<li>Sulco: 1mm<\/li>\n<\/ul>\n<h3 data-zone-id=\"0\" data-line-index=\"0\" data-line=\"true\">Amostras gr\u00e1tis est\u00e3o dispon\u00edveis<\/h3>\n<h3 data-zone-id=\"0\" data-line-index=\"0\" data-line=\"true\">Servi\u00e7o de personaliza\u00e7\u00e3o<\/h3>\n<div data-zone-id=\"0\" data-line-index=\"0\" data-line=\"true\">Aceitamos a personaliza\u00e7\u00e3o para atender \u00e0s formas, tamanhos e cores desejados. Deixe-nos criar as pontas perfeitas para suas cordas musicais.<\/div>\n<div data-zone-id=\"0\" data-line-index=\"0\" data-line=\"true\"><\/div>\n<div class=\"row\"  id=\"row-18151184\">\n\n\t<div id=\"col-1087840888\" class=\"col small-12 large-12\"  >\n\t\t\t\t<div class=\"col-inner\"  >\n\t\t\t\n\t\t\t\n<div class=\"row\"  id=\"row-1792738084\">\n\n\t<div id=\"col-993206326\" class=\"col small-12 large-12\"  >\n\t\t\t\t<div class=\"col-inner\"  >\n\t\t\t\n\t\t\t\n\t<div id=\"gap-982158046\" class=\"gap-element clearfix\" style=\"display:block; height:auto;\">\n\t\t\n<style>\n#gap-982158046 {\n  padding-top: 30px;\n}\n<\/style>\n\t<\/div>\n\t\n<div class=\"container section-title-container\" ><h2 class=\"section-title section-title-center\"><b><\/b><span class=\"section-title-main\" >Perguntas frequentes sobre pontas de bola<\/span><b><\/b><\/h2><\/div>\n<div class=\"row\"  id=\"row-1113872122\">\n\n\t<div id=\"col-1514326340\" class=\"col small-12 large-12\"  >\n\t\t\t\t<div class=\"col-inner\"  >\n\t\t\t\n\t\t\t\n<div class=\"accordion\">\n<div id=\"accordion-1242962229\" class=\"accordion-item\"><a id=\"accordion-1242962229-label\" href=\"#\" class=\"accordion-title plain\" aria-expanded=\"false\" aria-controls=\"accordion-1242962229-content\"><button class=\"toggle\" aria-label=\"Alternar\"><i class=\"icon-angle-down\"><\/i><\/button><span>Suas pontas esf\u00e9ricas s\u00e3o compat\u00edveis com nossa m\u00e1quina de cordas?<\/span><\/a><div id=\"accordion-1242962229-content\" class=\"accordion-inner\" aria-labelledby=\"accordion-1242962229-label\">\n<div id=\"text-593292737\" class=\"text\">\n<p>Nossas pontas esf\u00e9ricas v\u00eam em v\u00e1rios tamanhos para acomodar diferentes instrumentos. Por exemplo, a extremidade esf\u00e9rica de 4 mm de di\u00e2metro \u00e9 geralmente compat\u00edvel com cordas de guitarra, enquanto a extremidade esf\u00e9rica de 6 mm de di\u00e2metro \u00e9 adequada para cordas de baixo. Temos o prazer de fornecer amostras gr\u00e1tis para teste para garantir o ajuste perfeito \u00e0s suas necessidades espec\u00edficas.<\/p>\n<\/div>\n<\/div><\/div>\n<div id=\"accordion-3064606004\" class=\"accordion-item\"><a id=\"accordion-3064606004-label\" href=\"#\" class=\"accordion-title plain\" aria-expanded=\"false\" aria-controls=\"accordion-3064606004-content\"><button class=\"toggle\" aria-label=\"Alternar\"><i class=\"icon-angle-down\"><\/i><\/button><span>Suas pontas esf\u00e9ricas s\u00e3o feitas de materiais dur\u00e1veis?<\/span><\/a><div id=\"accordion-3064606004-content\" class=\"accordion-inner\" aria-labelledby=\"accordion-3064606004-label\">\n<p>Sim, nossas pontas esf\u00e9ricas s\u00e3o feitas de materiais de alta qualidade, como a\u00e7o inoxid\u00e1vel ou lat\u00e3o, garantindo durabilidade e longevidade.<\/p>\n<\/div><\/div>\n<div id=\"accordion-3688268107\" class=\"accordion-item\"><a id=\"accordion-3688268107-label\" href=\"#\" class=\"accordion-title plain\" aria-expanded=\"false\" aria-controls=\"accordion-3688268107-content\"><button class=\"toggle\" aria-label=\"Alternar\"><i class=\"icon-angle-down\"><\/i><\/button><span>Posso personalizar o tamanho das pontas esf\u00e9ricas para caber nas cordas da minha guitarra?<\/span><\/a><div id=\"accordion-3688268107-content\" class=\"accordion-inner\" aria-labelledby=\"accordion-3688268107-label\">\n<p>Sim, oferecemos tamanhos personaliz\u00e1veis para nossas pontas esf\u00e9ricas para garantir um ajuste perfeito para os calibres e di\u00e2metros espec\u00edficos das cordas da sua guitarra. Al\u00e9m disso, oferecemos logotipo personalizado nas bolas se voc\u00ea tiver requisitos especiais.<\/p>\n<\/div><\/div>\n<\/div>\n<div class=\"accordion\">\n<div id=\"accordion-3415444330\" class=\"accordion-item\"><a id=\"accordion-3415444330-label\" href=\"#\" class=\"accordion-title plain\" aria-expanded=\"false\" aria-controls=\"accordion-3415444330-content\"><button class=\"toggle\" aria-label=\"Alternar\"><i class=\"icon-angle-down\"><\/i><\/button><span>Voc\u00eas oferecem cores diferentes para as pontas das bolas?<\/span><\/a><div id=\"accordion-3415444330-content\" class=\"accordion-inner\" aria-labelledby=\"accordion-3415444330-label\">\n<p>Sim, oferecemos uma variedade de cores para nossas pontas esf\u00e9ricas, permitindo que voc\u00ea adicione um toque personalizado \u00e0s cordas do seu viol\u00e3o. Escolha entre as cl\u00e1ssicas op\u00e7\u00f5es de prata, ouro, preto ou outras op\u00e7\u00f5es de cores vibrantes para se adequar ao seu estilo. Se voc\u00ea preferir uma cor especial, ofereceremos uma cor personalizada de acordo com o n\u00famero Pantone fornecido.<\/p>\n<\/div><\/div>\n<div id=\"accordion-534075101\" class=\"accordion-item\"><a id=\"accordion-534075101-label\" href=\"#\" class=\"accordion-title plain\" aria-expanded=\"false\" aria-controls=\"accordion-534075101-content\"><button class=\"toggle\" aria-label=\"Alternar\"><i class=\"icon-angle-down\"><\/i><\/button><span>Existe uma quantidade m\u00ednima de pedido para suas pontas de bola?<\/span><\/a><div id=\"accordion-534075101-content\" class=\"accordion-inner\" aria-labelledby=\"accordion-534075101-label\">\n<p>Sim, temos uma quantidade m\u00ednima de pedido para nossas pontas esf\u00e9ricas. A quantidade m\u00ednima espec\u00edfica do pedido pode variar dependendo do tipo e tamanho das pontas esf\u00e9ricas que voc\u00ea precisa. Entre em contato com nossa equipe de vendas para obter mais informa\u00e7\u00f5es sobre a quantidade m\u00ednima de pedido e para discutir suas necessidades espec\u00edficas.<\/p>\n<\/div><\/div>\n<\/div>\n\t\t<\/div>\n\t\t\t\t\t<\/div>\n\n\t\n<\/div>\n\t\t<\/div>\n\t\t\t\t\t<\/div>\n\n\t\n<\/div>\n<div class=\"container section-title-container\" ><h2 class=\"section-title section-title-center\"><b><\/b><span class=\"section-title-main\" >Contate-nos<\/span><b><\/b><\/h2><\/div>\n\t<div id=\"gap-928823298\" class=\"gap-element clearfix\" style=\"display:block; height:auto;\">\n\t\t\n<style>\n#gap-928823298 {\n  padding-top: 20px;\n}\n<\/style>\n\t<\/div>\n\t\n\n<div class=\"wpcf7 no-js\" id=\"wpcf7-f280-o1\" lang=\"en-US\" dir=\"ltr\">\n<div class=\"screen-reader-response\"><p role=\"status\" aria-live=\"polite\" aria-atomic=\"true\"><\/p> <ul><\/ul><\/div>\n<form action=\"\/pt\/wp-json\/wp\/v2\/product\/1599#wpcf7-f280-o1\" method=\"post\" class=\"wpcf7-form init\" aria-label=\"Formul\u00e1rio de contato\" novalidate=\"novalidate\" data-status=\"init\" data-trp-original-action=\"\/pt\/wp-json\/wp\/v2\/product\/1599#wpcf7-f280-o1\">\n<div style=\"display: none;\">\n<input type=\"hidden\" name=\"_wpcf7\" value=\"280\" \/>\n<input type=\"hidden\" name=\"_wpcf7_version\" value=\"5.9.3\" \/>\n<input type=\"hidden\" name=\"_wpcf7_locale\" value=\"en_US\" \/>\n<input type=\"hidden\" name=\"_wpcf7_unit_tag\" value=\"wpcf7-f280-o1\" \/>\n<input type=\"hidden\" name=\"_wpcf7_container_post\" value=\"0\" \/>\n<input type=\"hidden\" name=\"_wpcf7_posted_data_hash\" value=\"\" \/>\n<\/div>\n<div class='custom_contact_style'>\n\t<div class=\"row row-small\">\n\t\t<div class=\"col medium-6 small-12 large-6\">\n\t\t\t<div class=\"col-inner\">\n\t\t\t\t<p><span class=\"wpcf7-form-control-wrap\" data-name=\"your-name\"><input size=\"40\" class=\"wpcf7-form-control wpcf7-text wpcf7-validates-as-required\" aria-required=\"true\" aria-invalid=\"false\" placeholder=\"Nome*\" value=\"\" type=\"text\" name=\"your-name\" \/><\/span>\n\t\t\t\t<\/p>\n\t\t\t<\/div>\n\t\t<\/div>\n\t\t<div class=\"col medium-6 small-12 large-6\">\n\t\t\t<div class=\"col-inner\">\n\t\t\t\t<p><span class=\"wpcf7-form-control-wrap\" data-name=\"your-email\"><input size=\"40\" class=\"wpcf7-form-control wpcf7-email wpcf7-validates-as-required wpcf7-text wpcf7-validates-as-email\" aria-required=\"true\" aria-invalid=\"false\" placeholder=\"E-mail*\" value=\"\" type=\"email\" name=\"your-email\" \/><\/span>\n\t\t\t\t<\/p>\n\t\t\t<\/div>\n\t\t<\/div>\n\t<\/div>\n\t<div class='cus_contact_form_bottom'>\n\t\t<p><span class=\"wpcf7-form-control-wrap\" data-name=\"your-phone\"><input size=\"40\" class=\"wpcf7-form-control wpcf7-tel wpcf7-validates-as-required wpcf7-text wpcf7-validates-as-tel\" aria-required=\"true\" aria-invalid=\"false\" placeholder=\"Telefone *\" value=\"\" type=\"tel\" name=\"your-phone\" \/><\/span>\n\t\t<\/p>\n\t<\/div>\n\t<div class='cus_contact_form_bottom'>\n\t\t<p><span class=\"wpcf7-form-control-wrap\" data-name=\"your-company\"><input size=\"40\" class=\"wpcf7-form-control wpcf7-text wpcf7-validates-as-required\" aria-required=\"true\" aria-invalid=\"false\" placeholder=\"Empresa *\" value=\"\" type=\"text\" name=\"your-company\" \/><\/span>\n\t\t<\/p>\n\t<\/div>\n\t<div class='cus_contact_form_bottom'>\n\t\t<p><span class=\"wpcf7-form-control-wrap\" data-name=\"your-country\"><input size=\"40\" class=\"wpcf7-form-control wpcf7-text\" aria-invalid=\"false\" placeholder=\"Pa\u00eds\" value=\"\" type=\"text\" name=\"your-country\" \/><\/span>\n\t\t<\/p>\n\t<\/div>\n\t<p><span class=\"wpcf7-form-control-wrap\" data-name=\"your-message\"><textarea cols=\"40\" rows=\"10\" class=\"wpcf7-form-control wpcf7-textarea wpcf7-validates-as-required\" aria-required=\"true\" aria-invalid=\"false\" placeholder=\"Sua mensagem *\" name=\"your-message\"><\/textarea><\/span>\n\t<\/p>\n\t<div style=\"margin-bottom:10px;\">\n\t\t<p><span class=\"wpcf7-form-control-wrap kc_captcha cf7ic-toggle\" data-name=\"kc_captcha\"><span class=\"wpcf7-form-control wpcf7-radio\"><span class=\"captcha-image\" style=\"display: none;\"><span class=\"cf7ic_instructions\">Por favor, prove que voc\u00ea \u00e9 humano selecionando<span> \u00e1rvore<\/span>.<\/span><label><input type=\"radio\" name=\"kc_captcha\" value=\"bot\" \/><svg width=\"50\" height=\"50\" aria-hidden=\"true\" role=\"img\" xmlns=\"http:\/\/www.w3.org\/2000\/svg\" viewbox=\"0 0 576 512\"><path fill=\"currentColor\" d=\"M488 313v143c0 13-11 24-24 24H348c-7 0-12-5-12-12V356c0-7-5-12-12-12h-72c-7 0-12 5-12 12v112c0 7-5 12-12 12H112c-13 0-24-11-24-24V313c0-4 2-7 4-10l188-154c5-4 11-4 16 0l188 154c2 3 4 6 4 10zm84-61l-84-69V44c0-6-5-12-12-12h-56c-7 0-12 6-12 12v73l-89-74a48 48 0 00-61 0L4 252c-5 4-5 12-1 17l25 31c5 5 12 5 17 1l235-193c5-4 11-4 16 0l235 193c5 5 13 4 17-1l25-31c4-6 4-13-1-17z\"\/><\/svg><\/label><label><input type=\"radio\" name=\"kc_captcha\" value=\"bot\" \/><svg width=\"50\" height=\"50\" aria-hidden=\"true\" role=\"img\" xmlns=\"http:\/\/www.w3.org\/2000\/svg\" viewbox=\"0 0 512 512\"><path fill=\"currentColor\" d=\"M350 99c-54 0-98-35-166-35-25 0-47 4-68 12a56 56 0 004-24C118 24 95 1 66 0a56 56 0 00-34 102v386c0 13 11 24 24 24h16c13 0 24-11 24-24v-94c28-12 64-23 114-23 54 0 98 35 166 35 48 0 86-16 122-41 9-6 14-15 14-26V96c0-23-24-39-45-29-35 16-77 32-117 32z\"\/><\/svg><\/label><label><input type=\"radio\" name=\"kc_captcha\" value=\"kc_human\" \/><svg width=\"50\" height=\"50\" aria-hidden=\"true\" role=\"img\" xmlns=\"http:\/\/www.w3.org\/2000\/svg\" viewbox=\"0 0 384 512\"><path fill=\"currentColor\" d=\"M377 375l-83-87h34c21 0 32-25 17-40l-82-88h33c21 0 32-25 18-40L210 8c-10-11-26-11-36 0L70 120c-14 15-3 40 18 40h33l-82 88c-15 15-4 40 17 40h34L7 375c-15 16-4 41 17 41h120c0 33-11 49-34 68-12 9-5 28 10 28h144c15 0 22-19 10-28-20-16-34-32-34-68h120c21 0 32-25 17-41z\"\/><\/svg><\/label>\r\n    <\/span>\r\n    <span style=\"display:none\">\r\n        <input type=\"text\" name=\"kc_honeypot\">\r\n    <\/span><\/span><\/span>\n\t\t<\/p>\n\t<\/div>\n\t<p><input class=\"wpcf7-form-control wpcf7-submit has-spinner\" type=\"submit\" value=\"Enviar mensagem\" \/>\n\t<\/p>\n<\/div>\n<input class=\"wpcf7-form-control wpcf7-hidden\" value=\"\" type=\"hidden\" name=\"your-page-title\" \/>\n<input class=\"wpcf7-form-control wpcf7-hidden\" value=\"\" type=\"hidden\" name=\"your-page-url\" \/><div class=\"wpcf7-response-output\" aria-hidden=\"true\"><\/div>\n<input type=\"hidden\" name=\"trp-form-language\" value=\"pt\"\/><\/form>\n<\/div>\n\n\t\t<\/div>\n\t\t\t\t\t<\/div>\n\n\t\n<\/div>","protected":false},"excerpt":{"rendered":"<p>Aprimore seu processo de fabrica\u00e7\u00e3o de cordas musicais com nosso vers\u00e1til design de ponta esf\u00e9rica. Anex\u00e1vel a fio hexagonal e redondo, com ou sem tor\u00e7\u00e3o, nossa extremidade esf\u00e9rica de a\u00e7o inoxid\u00e1vel garante alta precis\u00e3o e \u00e9 galvanizada em uma variedade de cores vibrantes. Experimente um toque suave e qualidade premium em cada corda. Aceitamos tamanhos e cores personalizados para atender \u00e0s suas necessidades espec\u00edficas.<\/p>","protected":false},"featured_media":1603,"comment_status":"open","ping_status":"closed","template":"","meta":[],"product_cat":[22],"product_tag":[43],"yoast_head":"<!-- This site is optimized with the Yoast SEO plugin v22.5 - https:\/\/yoast.com\/wordpress\/plugins\/seo\/ -->\n<title>Multi-color Guitar String Ball Ends<\/title>\n<meta name=\"description\" content=\"Discover our premium-quality multi-color ball ends, perfect for enhancing the aesthetics and performance of your guitar strings. Elevate your music experience with vibrant colors and exceptional craftsmanship. Explore our collection today.\" \/>\n<meta name=\"robots\" content=\"index, follow, max-snippet:-1, max-image-preview:large, max-video-preview:-1\" \/>\n<link rel=\"canonical\" href=\"https:\/\/www.takustringmachines.com\/pt\/manufacturer\/baladas-de-corda\/\" \/>\n<meta property=\"og:locale\" content=\"pt_PT\" \/>\n<meta property=\"og:type\" content=\"article\" \/>\n<meta property=\"og:title\" content=\"Multi-color Guitar String Ball Ends\" \/>\n<meta property=\"og:description\" content=\"Discover our premium-quality multi-color ball ends, perfect for enhancing the aesthetics and performance of your guitar strings. Elevate your music experience with vibrant colors and exceptional craftsmanship. Explore our collection today.\" \/>\n<meta property=\"og:url\" content=\"https:\/\/www.takustringmachines.com\/pt\/manufacturer\/baladas-de-corda\/\" \/>\n<meta property=\"og:site_name\" content=\"TAKU\" \/>\n<meta property=\"article:modified_time\" content=\"2025-11-14T08:42:44+00:00\" \/>\n<meta property=\"og:image\" content=\"https:\/\/www.takustringmachines.com\/wp-content\/uploads\/2023\/06\/Multi-color-ball-ends-1000x1000-1.webp\" \/>\n\t<meta property=\"og:image:width\" content=\"1000\" \/>\n\t<meta property=\"og:image:height\" content=\"1000\" \/>\n\t<meta property=\"og:image:type\" content=\"image\/webp\" \/>\n<meta name=\"twitter:card\" content=\"summary_large_image\" \/>\n<meta name=\"twitter:label1\" content=\"Tempo estimado de leitura\" \/>\n\t<meta name=\"twitter:data1\" content=\"2 minutos\" \/>\n<script type=\"application\/ld+json\" class=\"yoast-schema-graph\">{\"@context\":\"https:\/\/schema.org\",\"@graph\":[{\"@type\":\"WebPage\",\"@id\":\"https:\/\/www.takustringmachines.com\/manufacturer\/string-ballends\/\",\"url\":\"https:\/\/www.takustringmachines.com\/manufacturer\/string-ballends\/\",\"name\":\"Multi-color Guitar String Ball Ends\",\"isPartOf\":{\"@id\":\"https:\/\/www.takustringmachines.com\/#website\"},\"primaryImageOfPage\":{\"@id\":\"https:\/\/www.takustringmachines.com\/manufacturer\/string-ballends\/#primaryimage\"},\"image\":{\"@id\":\"https:\/\/www.takustringmachines.com\/manufacturer\/string-ballends\/#primaryimage\"},\"thumbnailUrl\":\"https:\/\/www.takustringmachines.com\/wp-content\/uploads\/2023\/06\/Multi-color-ball-ends-1000x1000-1.webp\",\"datePublished\":\"2023-06-20T07:41:08+00:00\",\"dateModified\":\"2025-11-14T08:42:44+00:00\",\"description\":\"Discover our premium-quality multi-color ball ends, perfect for enhancing the aesthetics and performance of your guitar strings. Elevate your music experience with vibrant colors and exceptional craftsmanship. Explore our collection today.\",\"breadcrumb\":{\"@id\":\"https:\/\/www.takustringmachines.com\/manufacturer\/string-ballends\/#breadcrumb\"},\"inLanguage\":\"pt-PT\",\"potentialAction\":[{\"@type\":\"ReadAction\",\"target\":[\"https:\/\/www.takustringmachines.com\/manufacturer\/string-ballends\/\"]}]},{\"@type\":\"ImageObject\",\"inLanguage\":\"pt-PT\",\"@id\":\"https:\/\/www.takustringmachines.com\/manufacturer\/string-ballends\/#primaryimage\",\"url\":\"https:\/\/www.takustringmachines.com\/wp-content\/uploads\/2023\/06\/Multi-color-ball-ends-1000x1000-1.webp\",\"contentUrl\":\"https:\/\/www.takustringmachines.com\/wp-content\/uploads\/2023\/06\/Multi-color-ball-ends-1000x1000-1.webp\",\"width\":1000,\"height\":1000},{\"@type\":\"BreadcrumbList\",\"@id\":\"https:\/\/www.takustringmachines.com\/manufacturer\/string-ballends\/#breadcrumb\",\"itemListElement\":[{\"@type\":\"ListItem\",\"position\":1,\"name\":\"Home\",\"item\":\"https:\/\/www.takustringmachines.com\/\"},{\"@type\":\"ListItem\",\"position\":2,\"name\":\"Products\",\"item\":\"https:\/\/www.takustringmachines.com\/shop\/\"},{\"@type\":\"ListItem\",\"position\":3,\"name\":\"Premium Ball Ends for Guitar Strings and Bass Strings\"}]},{\"@type\":\"WebSite\",\"@id\":\"https:\/\/www.takustringmachines.com\/#website\",\"url\":\"https:\/\/www.takustringmachines.com\/\",\"name\":\"TAKU\",\"description\":\"String Machine\",\"potentialAction\":[{\"@type\":\"SearchAction\",\"target\":{\"@type\":\"EntryPoint\",\"urlTemplate\":\"https:\/\/www.takustringmachines.com\/?s={search_term_string}\"},\"query-input\":\"required name=search_term_string\"}],\"inLanguage\":\"pt-PT\"}]}<\/script>\n<!-- \/ Yoast SEO plugin. -->","yoast_head_json":{"title":"Multi-color Guitar String Ball Ends","description":"Discover our premium-quality multi-color ball ends, perfect for enhancing the aesthetics and performance of your guitar strings. Elevate your music experience with vibrant colors and exceptional craftsmanship. Explore our collection today.","robots":{"index":"index","follow":"follow","max-snippet":"max-snippet:-1","max-image-preview":"max-image-preview:large","max-video-preview":"max-video-preview:-1"},"canonical":"https:\/\/www.takustringmachines.com\/pt\/manufacturer\/baladas-de-corda\/","og_locale":"pt_PT","og_type":"article","og_title":"Multi-color Guitar String Ball Ends","og_description":"Discover our premium-quality multi-color ball ends, perfect for enhancing the aesthetics and performance of your guitar strings. Elevate your music experience with vibrant colors and exceptional craftsmanship. Explore our collection today.","og_url":"https:\/\/www.takustringmachines.com\/pt\/manufacturer\/baladas-de-corda\/","og_site_name":"TAKU","article_modified_time":"2025-11-14T08:42:44+00:00","og_image":[{"width":1000,"height":1000,"url":"https:\/\/www.takustringmachines.com\/wp-content\/uploads\/2023\/06\/Multi-color-ball-ends-1000x1000-1.webp","type":"image\/webp"}],"twitter_card":"summary_large_image","twitter_misc":{"Tempo estimado de leitura":"2 minutos"},"schema":{"@context":"https:\/\/schema.org","@graph":[{"@type":"WebPage","@id":"https:\/\/www.takustringmachines.com\/manufacturer\/string-ballends\/","url":"https:\/\/www.takustringmachines.com\/manufacturer\/string-ballends\/","name":"Multi-color Guitar String Ball Ends","isPartOf":{"@id":"https:\/\/www.takustringmachines.com\/#website"},"primaryImageOfPage":{"@id":"https:\/\/www.takustringmachines.com\/manufacturer\/string-ballends\/#primaryimage"},"image":{"@id":"https:\/\/www.takustringmachines.com\/manufacturer\/string-ballends\/#primaryimage"},"thumbnailUrl":"https:\/\/www.takustringmachines.com\/wp-content\/uploads\/2023\/06\/Multi-color-ball-ends-1000x1000-1.webp","datePublished":"2023-06-20T07:41:08+00:00","dateModified":"2025-11-14T08:42:44+00:00","description":"Discover our premium-quality multi-color ball ends, perfect for enhancing the aesthetics and performance of your guitar strings. Elevate your music experience with vibrant colors and exceptional craftsmanship. Explore our collection today.","breadcrumb":{"@id":"https:\/\/www.takustringmachines.com\/manufacturer\/string-ballends\/#breadcrumb"},"inLanguage":"pt-PT","potentialAction":[{"@type":"ReadAction","target":["https:\/\/www.takustringmachines.com\/manufacturer\/string-ballends\/"]}]},{"@type":"ImageObject","inLanguage":"pt-PT","@id":"https:\/\/www.takustringmachines.com\/manufacturer\/string-ballends\/#primaryimage","url":"https:\/\/www.takustringmachines.com\/wp-content\/uploads\/2023\/06\/Multi-color-ball-ends-1000x1000-1.webp","contentUrl":"https:\/\/www.takustringmachines.com\/wp-content\/uploads\/2023\/06\/Multi-color-ball-ends-1000x1000-1.webp","width":1000,"height":1000},{"@type":"BreadcrumbList","@id":"https:\/\/www.takustringmachines.com\/manufacturer\/string-ballends\/#breadcrumb","itemListElement":[{"@type":"ListItem","position":1,"name":"Home","item":"https:\/\/www.takustringmachines.com\/"},{"@type":"ListItem","position":2,"name":"Products","item":"https:\/\/www.takustringmachines.com\/shop\/"},{"@type":"ListItem","position":3,"name":"Premium Ball Ends for Guitar Strings and Bass Strings"}]},{"@type":"WebSite","@id":"https:\/\/www.takustringmachines.com\/#website","url":"https:\/\/www.takustringmachines.com\/","name":"TAKU","description":"String Machine","potentialAction":[{"@type":"SearchAction","target":{"@type":"EntryPoint","urlTemplate":"https:\/\/www.takustringmachines.com\/?s={search_term_string}"},"query-input":"required name=search_term_string"}],"inLanguage":"pt-PT"}]}},"_links":{"self":[{"href":"https:\/\/www.takustringmachines.com\/pt\/wp-json\/wp\/v2\/product\/1599"}],"collection":[{"href":"https:\/\/www.takustringmachines.com\/pt\/wp-json\/wp\/v2\/product"}],"about":[{"href":"https:\/\/www.takustringmachines.com\/pt\/wp-json\/wp\/v2\/types\/product"}],"replies":[{"embeddable":true,"href":"https:\/\/www.takustringmachines.com\/pt\/wp-json\/wp\/v2\/comments?post=1599"}],"wp:featuredmedia":[{"embeddable":true,"href":"https:\/\/www.takustringmachines.com\/pt\/wp-json\/wp\/v2\/media\/1603"}],"wp:attachment":[{"href":"https:\/\/www.takustringmachines.com\/pt\/wp-json\/wp\/v2\/media?parent=1599"}],"wp:term":[{"taxonomy":"product_cat","embeddable":true,"href":"https:\/\/www.takustringmachines.com\/pt\/wp-json\/wp\/v2\/product_cat?post=1599"},{"taxonomy":"product_tag","embeddable":true,"href":"https:\/\/www.takustringmachines.com\/pt\/wp-json\/wp\/v2\/product_tag?post=1599"}],"curies":[{"name":"wp","href":"https:\/\/api.w.org\/{rel}","templated":true}]}}