{"id":25,"date":"2023-03-05T10:39:43","date_gmt":"2023-03-05T10:39:43","guid":{"rendered":"https:\/\/www.takustringmachines.com\/?page_id=25"},"modified":"2024-06-10T17:44:22","modified_gmt":"2024-06-10T17:44:22","slug":"about","status":"publish","type":"page","link":"https:\/\/www.takustringmachines.com\/is\/um\/","title":{"rendered":"Um"},"content":{"rendered":"<section class=\"section\" id=\"section_401172755\">\n\t\t<div class=\"bg section-bg fill bg-fill  bg-loaded\" >\n\n\t\t\t\n\t\t\t\n\t\t\t\n\n\t\t<\/div>\n\n\t\t\n\n\t\t<div class=\"section-content relative\">\n\t\t\t\n<div class=\"row align-equal\"  id=\"row-2068564959\">\n\n\t<div id=\"col-1250317217\" class=\"col medium-12 small-12 large-6 medium-col-first\"  >\n\t\t\t\t<div class=\"col-inner\"  >\n\t\t\t\n\t\t\t\n\t<div id=\"gap-1198274912\" class=\"gap-element clearfix\" style=\"display:block; height:auto;\">\n\t\t\n<style>\n#gap-1198274912 {\n  padding-top: 5px;\n}\n<\/style>\n\t<\/div>\n\t\n\t<div id=\"text-3901168899\" class=\"text\">\n\t\t\n<h2>FYRIRT\u00c6KIUPPL\u00ddSINGAR<\/h2>\n\t\t\n<style>\n#text-3901168899 {\n  font-size: 1rem;\n}\n@media (min-width:550px) {\n  #text-3901168899 {\n    font-size: 1rem;\n  }\n}\n@media (min-width:850px) {\n  #text-3901168899 {\n    font-size: 1.4rem;\n  }\n}\n<\/style>\n\t<\/div>\n\t\n<div class=\"is-divider divider clearfix\" style=\"max-width:50px;height:4px;background-color:rgb(0, 51, 102);\"><\/div>\n\t<div id=\"gap-40497906\" class=\"gap-element clearfix hide-for-small\" style=\"display:block; height:auto;\">\n\t\t\n<style>\n#gap-40497906 {\n  padding-top: 20px;\n}\n<\/style>\n\t<\/div>\n\t\n<p>Velkomin \u00e1 vefs\u00ed\u00f0u okkar, \u00e1fangasta\u00f0urinn fyrir h\u00e1g\u00e6\u00f0a strengaframlei\u00f0slub\u00fana\u00f0. Sem traustur birgir s\u00e9rh\u00e6fum vi\u00f0 okkur \u00ed a\u00f0 afhenda h\u00e1\u00fer\u00f3a\u00f0a lausnir til a\u00f0 m\u00e6ta strengjaframlei\u00f0slu\u00fe\u00f6rfum \u00fe\u00ednum. Me\u00f0 s\u00e9rfr\u00e6\u00f0i\u00feekkingu okkar og skuldbindingu um \u00e1g\u00e6ti erum vi\u00f0 h\u00e9r til a\u00f0 sty\u00f0ja \u00e1rangur \u00feinn \u00ed greininni.<\/p>\n\t<div id=\"gap-31483149\" class=\"gap-element clearfix\" style=\"display:block; height:auto;\">\n\t\t\n<style>\n#gap-31483149 {\n  padding-top: 30px;\n}\n<\/style>\n\t<\/div>\n\t\n<a href=\"https:\/\/www.takustringmachines.com\/is\/samband\/\" target=\"_self\" class=\"button primary\"  style=\"border-radius:99px;\">\n    <span>Haf\u00f0u samband vi\u00f0 okkur<\/span>\n  <\/a>\n\n\t\t<\/div>\n\t\t\t\t\n<style>\n#col-1250317217 > .col-inner {\n  padding: 0px 0px 0px 0px;\n}\n@media (min-width:550px) {\n  #col-1250317217 > .col-inner {\n    padding: 0px 0px 0px 0px;\n  }\n}\n@media (min-width:850px) {\n  #col-1250317217 > .col-inner {\n    padding: 0px 20px 0px 0px;\n  }\n}\n<\/style>\n\t<\/div>\n\n\t\n\n\t<div id=\"col-1233871406\" class=\"col medium-12 small-12 large-6\"  >\n\t\t\t\t<div class=\"col-inner\"  >\n\t\t\t\n\t\t\t\n\t<div class=\"img has-hover x md-x lg-x y md-y lg-y\" id=\"image_1340567143\">\n\t\t\t\t\t\t\t\t<div class=\"img-inner image-cover box-shadow-1 box-shadow-5-hover dark\" style=\"padding-top:70%;\">\n\t\t\t<img loading=\"lazy\" decoding=\"async\" width=\"700\" height=\"450\" src=\"https:\/\/www.takustringmachines.com\/wp-content\/uploads\/2023\/05\/\u516c\u53f8\u7167\u7247700450-1.webp\" class=\"attachment-original size-original\" alt=\"\" srcset=\"https:\/\/www.takustringmachines.com\/wp-content\/uploads\/2023\/05\/\u516c\u53f8\u7167\u7247700450-1.webp 700w, https:\/\/www.takustringmachines.com\/wp-content\/uploads\/2023\/05\/\u516c\u53f8\u7167\u7247700450-1-300x193.webp 300w, https:\/\/www.takustringmachines.com\/wp-content\/uploads\/2023\/05\/\u516c\u53f8\u7167\u7247700450-1-600x386.webp 600w\" sizes=\"(max-width: 700px) 100vw, 700px\" \/>\t\t\t\t\t\t\n\t\t\t\t\t<\/div>\n\t\t\t\t\t\t\t\t\n<style>\n#image_1340567143 {\n  width: 100%;\n}\n<\/style>\n\t<\/div>\n\t\n\t\t<\/div>\n\t\t\t\t\n<style>\n#col-1233871406 > .col-inner {\n  padding: 0px 0px 0px 0px;\n  border-radius: 8px;\n}\n@media (min-width:550px) {\n  #col-1233871406 > .col-inner {\n    padding: 0px 0px 0px 0px;\n  }\n}\n@media (min-width:850px) {\n  #col-1233871406 > .col-inner {\n    padding: 0px 0px 0px 20px;\n  }\n}\n<\/style>\n\t<\/div>\n\n\t\n<\/div>\n\t\t<\/div>\n\n\t\t\n<style>\n#section_401172755 {\n  padding-top: 30px;\n  padding-bottom: 30px;\n}\n#section_401172755 .ux-shape-divider--top svg {\n  height: 150px;\n  --divider-top-width: 100%;\n}\n#section_401172755 .ux-shape-divider--bottom svg {\n  height: 150px;\n  --divider-width: 100%;\n}\n@media (min-width:550px) {\n  #section_401172755 {\n    padding-top: 30px;\n    padding-bottom: 30px;\n  }\n}\n@media (min-width:850px) {\n  #section_401172755 {\n    padding-top: 80px;\n    padding-bottom: 80px;\n  }\n}\n<\/style>\n\t<\/section>\n\t\n\n\n\t<section class=\"section\" id=\"section_995338129\">\n\t\t<div class=\"bg section-bg fill bg-fill  bg-loaded\" >\n\n\t\t\t\n\t\t\t<div class=\"section-bg-overlay absolute fill\"><\/div>\n\t\t\t\n\n\t\t<\/div>\n\n\t\t\n\n\t\t<div class=\"section-content relative\">\n\t\t\t\n\t<div id=\"gap-1906790724\" class=\"gap-element clearfix\" style=\"display:block; height:auto;\">\n\t\t\n<style>\n#gap-1906790724 {\n  padding-top: 30px;\n}\n<\/style>\n\t<\/div>\n\t\n<div class=\"row align-center\"  id=\"row-556738738\">\n\n\t<div id=\"col-1150488856\" class=\"col medium-10 small-12 large-10\"  >\n\t\t\t\t<div class=\"col-inner\"  >\n\t\t\t\n\t\t\t\n\t<div id=\"text-2705854371\" class=\"text\">\n\t\t\n<h2>FRAMLEI\u00d0SLUB\u00daNA\u00d0UR OG LAUSN T\u00d3NLISTARH\u00c6\u00d0JA<\/h2>\n\t\t\n<style>\n#text-2705854371 {\n  font-size: 1.35rem;\n  text-align: center;\n  color: rgb(255,255,255);\n}\n#text-2705854371 > * {\n  color: rgb(255,255,255);\n}\n<\/style>\n\t<\/div>\n\t\n<div class=\"text-center\"><div class=\"is-divider divider clearfix\" style=\"background-color:rgb(255, 255, 255);\"><\/div><\/div>\n\t\t<\/div>\n\t\t\t\t\n<style>\n#col-1150488856 > .col-inner {\n  margin: 0px 0px -20px 0px;\n}\n<\/style>\n\t<\/div>\n\n\t\n<\/div>\n<div class=\"row\"  id=\"row-1720084224\">\n\n\t<div id=\"col-1619142611\" class=\"col small-12 large-12\"  >\n\t\t\t\t<div class=\"col-inner text-center\"  >\n\t\t\t\n\t\t\t\n<a href=\"\/is\/shop\/\" target=\"_self\" class=\"button white\"  style=\"border-radius:99px;\">\n    <span>L\u00e6ra meira<\/span>\n  <\/a>\n\n\t\t<\/div>\n\t\t\t\t\n<style>\n#col-1619142611 > .col-inner {\n  margin: 0px 0px -20px 0px;\n}\n<\/style>\n\t<\/div>\n\n\t\n<\/div>\n\t\t<\/div>\n\n\t\t\n<style>\n#section_995338129 {\n  padding-top: 30px;\n  padding-bottom: 30px;\n}\n#section_995338129 .section-bg-overlay {\n  background-color: #003366;\n}\n#section_995338129 .ux-shape-divider--top svg {\n  height: 150px;\n  --divider-top-width: 100%;\n}\n#section_995338129 .ux-shape-divider--bottom svg {\n  height: 150px;\n  --divider-width: 100%;\n}\n<\/style>\n\t<\/section>\n\t\n\t<section class=\"section\" id=\"section_148730988\">\n\t\t<div class=\"bg section-bg fill bg-fill  bg-loaded\" >\n\n\t\t\t\n\t\t\t\n\t\t\t\n\n\t\t<\/div>\n\n\t\t\n\n\t\t<div class=\"section-content relative\">\n\t\t\t\n<div class=\"row\"  id=\"row-393562480\">\n\n\t<div id=\"col-1512407260\" class=\"col small-12 large-12\"  >\n\t\t\t\t<div class=\"col-inner\"  >\n\t\t\t\n\t\t\t\n\t<div id=\"gap-2066316463\" class=\"gap-element clearfix hide-for-medium\" style=\"display:block; height:auto;\">\n\t\t\n<style>\n#gap-2066316463 {\n  padding-top: 30px;\n}\n<\/style>\n\t<\/div>\n\t\n\t\t<\/div>\n\t\t\t\t\n<style>\n#col-1512407260 > .col-inner {\n  margin: 0px 0px -20px 0px;\n}\n<\/style>\n\t<\/div>\n\n\t\n<\/div>\n<div class=\"row align-equal\" style=\"max-width:1400px\" id=\"row-679893977\">\n\n\t<div id=\"col-289232021\" class=\"col medium-12 small-12 large-6\"  >\n\t\t\t\t<div class=\"col-inner\"  >\n\t\t\t\n\t\t\t\n\t<div class=\"img has-hover x md-x lg-x y md-y lg-y\" id=\"image_1689972222\">\n\t\t\t\t\t\t\t\t<div class=\"img-inner box-shadow-1 box-shadow-5-hover dark\" >\n\t\t\t<img loading=\"lazy\" decoding=\"async\" width=\"2560\" height=\"1449\" src=\"https:\/\/www.takustringmachines.com\/wp-content\/uploads\/2024\/06\/TAKU-Management-Team-scaled.webp\" class=\"attachment-original size-original\" alt=\"strengjab\u00fana\u00f0arframlei\u00f0anda\" srcset=\"https:\/\/www.takustringmachines.com\/wp-content\/uploads\/2024\/06\/TAKU-Management-Team-scaled.webp 2560w, https:\/\/www.takustringmachines.com\/wp-content\/uploads\/2024\/06\/TAKU-Management-Team-300x170.webp 300w, https:\/\/www.takustringmachines.com\/wp-content\/uploads\/2024\/06\/TAKU-Management-Team-1024x580.webp 1024w, https:\/\/www.takustringmachines.com\/wp-content\/uploads\/2024\/06\/TAKU-Management-Team-768x435.webp 768w, https:\/\/www.takustringmachines.com\/wp-content\/uploads\/2024\/06\/TAKU-Management-Team-1536x870.webp 1536w, https:\/\/www.takustringmachines.com\/wp-content\/uploads\/2024\/06\/TAKU-Management-Team-2048x1159.webp 2048w, https:\/\/www.takustringmachines.com\/wp-content\/uploads\/2024\/06\/TAKU-Management-Team-18x10.webp 18w, https:\/\/www.takustringmachines.com\/wp-content\/uploads\/2024\/06\/TAKU-Management-Team-600x340.webp 600w\" sizes=\"(max-width: 2560px) 100vw, 2560px\" \/>\t\t\t\t\t\t\n\t\t\t\t\t<\/div>\n\t\t\t\t\t\t\t\t\n<style>\n#image_1689972222 {\n  width: 100%;\n}\n@media (min-width:550px) {\n  #image_1689972222 {\n    width: 100%;\n  }\n}\n<\/style>\n\t<\/div>\n\t\n\t\t<\/div>\n\t\t\t\t\n<style>\n#col-289232021 > .col-inner {\n  padding: 0px 0px 0px 0px;\n}\n@media (min-width:550px) {\n  #col-289232021 > .col-inner {\n    padding: 0px 0px 0px 0px;\n  }\n}\n@media (min-width:850px) {\n  #col-289232021 > .col-inner {\n    padding: 0px 30px 0px 0px;\n  }\n}\n<\/style>\n\t<\/div>\n\n\t\n\n\t<div id=\"col-652277801\" class=\"col medium-12 small-12 large-6 medium-col-first\"  >\n\t\t\t\t<div class=\"col-inner\"  >\n\t\t\t\n\t\t\t\n\t<div id=\"text-3645072151\" class=\"text\">\n\t\t\n<h2>FYRIRT\u00c6KJALI\u00d0<\/h2>\n\t\t\n<style>\n#text-3645072151 {\n  font-size: 1rem;\n}\n@media (min-width:550px) {\n  #text-3645072151 {\n    font-size: 1rem;\n  }\n}\n@media (min-width:850px) {\n  #text-3645072151 {\n    font-size: 1.3rem;\n  }\n}\n<\/style>\n\t<\/div>\n\t\n<div class=\"is-divider divider clearfix\" style=\"max-width:50px;height:4px;background-color:rgb(0, 51, 102);\"><\/div>\n\t<div id=\"gap-164849721\" class=\"gap-element clearfix\" style=\"display:block; height:auto;\">\n\t\t\n<style>\n#gap-164849721 {\n  padding-top: 20px;\n}\n<\/style>\n\t<\/div>\n\t\n<p>Vi\u00f0 hj\u00e1 fyrirt\u00e6kinu okkar erum stolt af \u00fev\u00ed a\u00f0 hafa mj\u00f6g h\u00e6ft og hollt teymi sem kn\u00fdr velgengni okkar \u00e1fram. Fr\u00e1 frams\u00fdnn lei\u00f0togum okkar og h\u00e6fileikar\u00edkum verkfr\u00e6\u00f0ingum til vi\u00f0skiptavinami\u00f0a\u00f0ra s\u00f6lu- og \u00fej\u00f3nustus\u00e9rfr\u00e6\u00f0inga, gegnir hver me\u00f0limur mikilv\u00e6gu hlutverki vi\u00f0 a\u00f0 skila fram\u00farskarandi \u00e1rangri. Saman beitum vi\u00f0 sameiginlegri s\u00e9rfr\u00e6\u00f0i\u00feekkingu okkar til a\u00f0 veita n\u00fdst\u00e1rlegar lausnir og \u00f3vi\u00f0jafnanlegan stu\u00f0ning vi\u00f0 vi\u00f0skiptavini okkar. Me\u00f0 teymi\u00f0 okkar \u00fe\u00e9r vi\u00f0 hli\u00f0 getur\u00f0u treyst okkur til a\u00f0 styrkja \u00e1rangur \u00feinn \u00ed strengaframlei\u00f0slui\u00f0na\u00f0inum.<\/p>\n\t<div id=\"gap-1020012246\" class=\"gap-element clearfix\" style=\"display:block; height:auto;\">\n\t\t\n<style>\n#gap-1020012246 {\n  padding-top: 30px;\n}\n<\/style>\n\t<\/div>\n\t\n<a href=\"https:\/\/www.takustringmachines.com\/is\/samband\/\" target=\"_self\" class=\"button primary\"  style=\"border-radius:99px;\">\n    <span>Vertu me\u00f0 n\u00fana<\/span>\n  <\/a>\n\n\t\t<\/div>\n\t\t\t\t\n<style>\n#col-652277801 > .col-inner {\n  padding: 0px 0px 0px 0px;\n}\n@media (min-width:550px) {\n  #col-652277801 > .col-inner {\n    padding: 0px 0px 0px 0px;\n  }\n}\n@media (min-width:850px) {\n  #col-652277801 > .col-inner {\n    padding: 0px 90px 0px 30px;\n  }\n}\n<\/style>\n\t<\/div>\n\n\t\n<\/div>\n<div class=\"row align-middle align-center\"  id=\"row-1675696877\">\n\n\t<div id=\"col-1818119495\" class=\"col medium-6 small-12 large-6\"  >\n\t\t\t\t<div class=\"col-inner\"  >\n\t\t\t\n\t\t\t\n\t<div id=\"gap-1122390899\" class=\"gap-element clearfix\" style=\"display:block; height:auto;\">\n\t\t\n<style>\n#gap-1122390899 {\n  padding-top: 0px;\n}\n<\/style>\n\t<\/div>\n\t\n\t\t<\/div>\n\t\t\t\t\t<\/div>\n\n\t\n<\/div>\n\t\t<\/div>\n\n\t\t\n<style>\n#section_148730988 {\n  padding-top: 0px;\n  padding-bottom: 0px;\n}\n#section_148730988 .ux-shape-divider--top svg {\n  height: 150px;\n  --divider-top-width: 100%;\n}\n#section_148730988 .ux-shape-divider--bottom svg {\n  height: 150px;\n  --divider-width: 100%;\n}\n@media (min-width:550px) {\n  #section_148730988 {\n    padding-top: 0px;\n    padding-bottom: 0px;\n  }\n}\n@media (min-width:850px) {\n  #section_148730988 {\n    padding-top: 50px;\n    padding-bottom: 50px;\n  }\n}\n<\/style>\n\t<\/section>","protected":false},"excerpt":{"rendered":"","protected":false},"author":1,"featured_media":0,"parent":0,"menu_order":0,"comment_status":"closed","ping_status":"closed","template":"page-blank.php","meta":{"footnotes":""},"yoast_head":"<!-- This site is optimized with the Yoast SEO plugin v22.5 - https:\/\/yoast.com\/wordpress\/plugins\/seo\/ -->\n<title>About - TAKU<\/title>\n<meta name=\"robots\" content=\"index, follow, max-snippet:-1, max-image-preview:large, max-video-preview:-1\" \/>\n<link rel=\"canonical\" href=\"https:\/\/www.takustringmachines.com\/is\/um\/\" \/>\n<meta property=\"og:locale\" content=\"is_IS\" \/>\n<meta property=\"og:type\" content=\"article\" \/>\n<meta property=\"og:title\" content=\"About - TAKU\" \/>\n<meta property=\"og:url\" content=\"https:\/\/www.takustringmachines.com\/is\/um\/\" \/>\n<meta property=\"og:site_name\" content=\"TAKU\" \/>\n<meta property=\"article:modified_time\" content=\"2024-06-10T17:44:22+00:00\" \/>\n<meta name=\"twitter:card\" content=\"summary_large_image\" \/>\n<meta name=\"twitter:label1\" content=\"Est. reading time\" \/>\n\t<meta name=\"twitter:data1\" content=\"4 minutes\" \/>\n<script type=\"application\/ld+json\" class=\"yoast-schema-graph\">{\"@context\":\"https:\/\/schema.org\",\"@graph\":[{\"@type\":\"WebPage\",\"@id\":\"https:\/\/www.takustringmachines.com\/about\/\",\"url\":\"https:\/\/www.takustringmachines.com\/about\/\",\"name\":\"About - TAKU\",\"isPartOf\":{\"@id\":\"https:\/\/www.takustringmachines.com\/#website\"},\"datePublished\":\"2023-03-05T10:39:43+00:00\",\"dateModified\":\"2024-06-10T17:44:22+00:00\",\"breadcrumb\":{\"@id\":\"https:\/\/www.takustringmachines.com\/about\/#breadcrumb\"},\"inLanguage\":\"is\",\"potentialAction\":[{\"@type\":\"ReadAction\",\"target\":[\"https:\/\/www.takustringmachines.com\/about\/\"]}]},{\"@type\":\"BreadcrumbList\",\"@id\":\"https:\/\/www.takustringmachines.com\/about\/#breadcrumb\",\"itemListElement\":[{\"@type\":\"ListItem\",\"position\":1,\"name\":\"Home\",\"item\":\"https:\/\/www.takustringmachines.com\/\"},{\"@type\":\"ListItem\",\"position\":2,\"name\":\"About\"}]},{\"@type\":\"WebSite\",\"@id\":\"https:\/\/www.takustringmachines.com\/#website\",\"url\":\"https:\/\/www.takustringmachines.com\/\",\"name\":\"TAKU\",\"description\":\"String Machine\",\"potentialAction\":[{\"@type\":\"SearchAction\",\"target\":{\"@type\":\"EntryPoint\",\"urlTemplate\":\"https:\/\/www.takustringmachines.com\/?s={search_term_string}\"},\"query-input\":\"required name=search_term_string\"}],\"inLanguage\":\"is\"}]}<\/script>\n<!-- \/ Yoast SEO plugin. -->","yoast_head_json":{"title":"About - TAKU","robots":{"index":"index","follow":"follow","max-snippet":"max-snippet:-1","max-image-preview":"max-image-preview:large","max-video-preview":"max-video-preview:-1"},"canonical":"https:\/\/www.takustringmachines.com\/is\/um\/","og_locale":"is_IS","og_type":"article","og_title":"About - TAKU","og_url":"https:\/\/www.takustringmachines.com\/is\/um\/","og_site_name":"TAKU","article_modified_time":"2024-06-10T17:44:22+00:00","twitter_card":"summary_large_image","twitter_misc":{"Est. reading time":"4 minutes"},"schema":{"@context":"https:\/\/schema.org","@graph":[{"@type":"WebPage","@id":"https:\/\/www.takustringmachines.com\/about\/","url":"https:\/\/www.takustringmachines.com\/about\/","name":"About - TAKU","isPartOf":{"@id":"https:\/\/www.takustringmachines.com\/#website"},"datePublished":"2023-03-05T10:39:43+00:00","dateModified":"2024-06-10T17:44:22+00:00","breadcrumb":{"@id":"https:\/\/www.takustringmachines.com\/about\/#breadcrumb"},"inLanguage":"is","potentialAction":[{"@type":"ReadAction","target":["https:\/\/www.takustringmachines.com\/about\/"]}]},{"@type":"BreadcrumbList","@id":"https:\/\/www.takustringmachines.com\/about\/#breadcrumb","itemListElement":[{"@type":"ListItem","position":1,"name":"Home","item":"https:\/\/www.takustringmachines.com\/"},{"@type":"ListItem","position":2,"name":"About"}]},{"@type":"WebSite","@id":"https:\/\/www.takustringmachines.com\/#website","url":"https:\/\/www.takustringmachines.com\/","name":"TAKU","description":"String Machine","potentialAction":[{"@type":"SearchAction","target":{"@type":"EntryPoint","urlTemplate":"https:\/\/www.takustringmachines.com\/?s={search_term_string}"},"query-input":"required name=search_term_string"}],"inLanguage":"is"}]}},"_links":{"self":[{"href":"https:\/\/www.takustringmachines.com\/is\/wp-json\/wp\/v2\/pages\/25"}],"collection":[{"href":"https:\/\/www.takustringmachines.com\/is\/wp-json\/wp\/v2\/pages"}],"about":[{"href":"https:\/\/www.takustringmachines.com\/is\/wp-json\/wp\/v2\/types\/page"}],"author":[{"embeddable":true,"href":"https:\/\/www.takustringmachines.com\/is\/wp-json\/wp\/v2\/users\/1"}],"replies":[{"embeddable":true,"href":"https:\/\/www.takustringmachines.com\/is\/wp-json\/wp\/v2\/comments?post=25"}],"version-history":[{"count":1,"href":"https:\/\/www.takustringmachines.com\/is\/wp-json\/wp\/v2\/pages\/25\/revisions"}],"predecessor-version":[{"id":1876,"href":"https:\/\/www.takustringmachines.com\/is\/wp-json\/wp\/v2\/pages\/25\/revisions\/1876"}],"wp:attachment":[{"href":"https:\/\/www.takustringmachines.com\/is\/wp-json\/wp\/v2\/media?parent=25"}],"curies":[{"name":"wp","href":"https:\/\/api.w.org\/{rel}","templated":true}]}}