{"id":25,"date":"2023-03-05T10:39:43","date_gmt":"2023-03-05T10:39:43","guid":{"rendered":"https:\/\/www.takustringmachines.com\/?page_id=25"},"modified":"2024-06-10T17:44:22","modified_gmt":"2024-06-10T17:44:22","slug":"about","status":"publish","type":"page","link":"https:\/\/www.takustringmachines.com\/fr_be\/a-propos\/","title":{"rendered":"\u00c0 propos"},"content":{"rendered":"<section class=\"section\" id=\"section_1395720345\">\n\t\t<div class=\"bg section-bg fill bg-fill  bg-loaded\" >\n\n\t\t\t\n\t\t\t\n\t\t\t\n\n\t\t<\/div>\n\n\t\t\n\n\t\t<div class=\"section-content relative\">\n\t\t\t\n<div class=\"row align-equal\"  id=\"row-650378230\">\n\n\t<div id=\"col-992805506\" class=\"col medium-12 small-12 large-6 medium-col-first\"  >\n\t\t\t\t<div class=\"col-inner\"  >\n\t\t\t\n\t\t\t\n\t<div id=\"gap-1757183522\" class=\"gap-element clearfix\" style=\"display:block; height:auto;\">\n\t\t\n<style>\n#gap-1757183522 {\n  padding-top: 5px;\n}\n<\/style>\n\t<\/div>\n\t\n\t<div id=\"text-3703141133\" class=\"text\">\n\t\t\n<h2>INFORMATION D&#039;ENTREPRISE<\/h2>\n\t\t\n<style>\n#text-3703141133 {\n  font-size: 1rem;\n}\n@media (min-width:550px) {\n  #text-3703141133 {\n    font-size: 1rem;\n  }\n}\n@media (min-width:850px) {\n  #text-3703141133 {\n    font-size: 1.4rem;\n  }\n}\n<\/style>\n\t<\/div>\n\t\n<div class=\"is-divider divider clearfix\" style=\"max-width:50px;height:4px;background-color:rgb(0, 51, 102);\"><\/div>\n\t<div id=\"gap-403747087\" class=\"gap-element clearfix hide-for-small\" style=\"display:block; height:auto;\">\n\t\t\n<style>\n#gap-403747087 {\n  padding-top: 20px;\n}\n<\/style>\n\t<\/div>\n\t\n<p>Bienvenue sur notre site Web, la destination incontournable pour les \u00e9quipements de fabrication de cordes de haute qualit\u00e9. En tant que fournisseur de confiance, nous sommes sp\u00e9cialis\u00e9s dans la fourniture de solutions de pointe pour r\u00e9pondre \u00e0 vos besoins en mati\u00e8re de production de cordes. Gr\u00e2ce \u00e0 notre expertise et \u00e0 notre engagement envers l\u2019excellence, nous sommes l\u00e0 pour soutenir votre r\u00e9ussite dans l\u2019industrie.<\/p>\n\t<div id=\"gap-1790423339\" class=\"gap-element clearfix\" style=\"display:block; height:auto;\">\n\t\t\n<style>\n#gap-1790423339 {\n  padding-top: 30px;\n}\n<\/style>\n\t<\/div>\n\t\n<a href=\"https:\/\/www.takustringmachines.com\/fr_be\/contact\/\" target=\"_self\" class=\"button primary\"  style=\"border-radius:99px;\">\n    <span>Contactez-nous<\/span>\n  <\/a>\n\n\t\t<\/div>\n\t\t\t\t\n<style>\n#col-992805506 > .col-inner {\n  padding: 0px 0px 0px 0px;\n}\n@media (min-width:550px) {\n  #col-992805506 > .col-inner {\n    padding: 0px 0px 0px 0px;\n  }\n}\n@media (min-width:850px) {\n  #col-992805506 > .col-inner {\n    padding: 0px 20px 0px 0px;\n  }\n}\n<\/style>\n\t<\/div>\n\n\t\n\n\t<div id=\"col-1428686161\" class=\"col medium-12 small-12 large-6\"  >\n\t\t\t\t<div class=\"col-inner\"  >\n\t\t\t\n\t\t\t\n\t<div class=\"img has-hover x md-x lg-x y md-y lg-y\" id=\"image_335114697\">\n\t\t\t\t\t\t\t\t<div class=\"img-inner image-cover box-shadow-1 box-shadow-5-hover dark\" style=\"padding-top:70%;\">\n\t\t\t<img loading=\"lazy\" decoding=\"async\" width=\"700\" height=\"450\" src=\"https:\/\/www.takustringmachines.com\/wp-content\/uploads\/2023\/05\/\u516c\u53f8\u7167\u7247700450-1.webp\" class=\"attachment-original size-original\" alt=\"\" srcset=\"https:\/\/www.takustringmachines.com\/wp-content\/uploads\/2023\/05\/\u516c\u53f8\u7167\u7247700450-1.webp 700w, https:\/\/www.takustringmachines.com\/wp-content\/uploads\/2023\/05\/\u516c\u53f8\u7167\u7247700450-1-300x193.webp 300w, https:\/\/www.takustringmachines.com\/wp-content\/uploads\/2023\/05\/\u516c\u53f8\u7167\u7247700450-1-600x386.webp 600w\" sizes=\"(max-width: 700px) 100vw, 700px\" \/>\t\t\t\t\t\t\n\t\t\t\t\t<\/div>\n\t\t\t\t\t\t\t\t\n<style>\n#image_335114697 {\n  width: 100%;\n}\n<\/style>\n\t<\/div>\n\t\n\t\t<\/div>\n\t\t\t\t\n<style>\n#col-1428686161 > .col-inner {\n  padding: 0px 0px 0px 0px;\n  border-radius: 8px;\n}\n@media (min-width:550px) {\n  #col-1428686161 > .col-inner {\n    padding: 0px 0px 0px 0px;\n  }\n}\n@media (min-width:850px) {\n  #col-1428686161 > .col-inner {\n    padding: 0px 0px 0px 20px;\n  }\n}\n<\/style>\n\t<\/div>\n\n\t\n<\/div>\n\t\t<\/div>\n\n\t\t\n<style>\n#section_1395720345 {\n  padding-top: 30px;\n  padding-bottom: 30px;\n}\n#section_1395720345 .ux-shape-divider--top svg {\n  height: 150px;\n  --divider-top-width: 100%;\n}\n#section_1395720345 .ux-shape-divider--bottom svg {\n  height: 150px;\n  --divider-width: 100%;\n}\n@media (min-width:550px) {\n  #section_1395720345 {\n    padding-top: 30px;\n    padding-bottom: 30px;\n  }\n}\n@media (min-width:850px) {\n  #section_1395720345 {\n    padding-top: 80px;\n    padding-bottom: 80px;\n  }\n}\n<\/style>\n\t<\/section>\n\t\n\n\n\t<section class=\"section\" id=\"section_2109406636\">\n\t\t<div class=\"bg section-bg fill bg-fill  bg-loaded\" >\n\n\t\t\t\n\t\t\t<div class=\"section-bg-overlay absolute fill\"><\/div>\n\t\t\t\n\n\t\t<\/div>\n\n\t\t\n\n\t\t<div class=\"section-content relative\">\n\t\t\t\n\t<div id=\"gap-593571887\" class=\"gap-element clearfix\" style=\"display:block; height:auto;\">\n\t\t\n<style>\n#gap-593571887 {\n  padding-top: 30px;\n}\n<\/style>\n\t<\/div>\n\t\n<div class=\"row align-center\"  id=\"row-1855078158\">\n\n\t<div id=\"col-1429574308\" class=\"col medium-10 small-12 large-10\"  >\n\t\t\t\t<div class=\"col-inner\"  >\n\t\t\t\n\t\t\t\n\t<div id=\"text-3650703249\" class=\"text\">\n\t\t\n<h2>\u00c9QUIPEMENT ET SOLUTION DE FABRICATION DE CORDES D&#039;INSTRUMENTS DE MUSIQUE<\/h2>\n\t\t\n<style>\n#text-3650703249 {\n  font-size: 1.35rem;\n  text-align: center;\n  color: rgb(255,255,255);\n}\n#text-3650703249 > * {\n  color: rgb(255,255,255);\n}\n<\/style>\n\t<\/div>\n\t\n<div class=\"text-center\"><div class=\"is-divider divider clearfix\" style=\"background-color:rgb(255, 255, 255);\"><\/div><\/div>\n\t\t<\/div>\n\t\t\t\t\n<style>\n#col-1429574308 > .col-inner {\n  margin: 0px 0px -20px 0px;\n}\n<\/style>\n\t<\/div>\n\n\t\n<\/div>\n<div class=\"row\"  id=\"row-2036191943\">\n\n\t<div id=\"col-699379469\" class=\"col small-12 large-12\"  >\n\t\t\t\t<div class=\"col-inner text-center\"  >\n\t\t\t\n\t\t\t\n<a href=\"\/fr_be\/shop\/\" target=\"_self\" class=\"button white\"  style=\"border-radius:99px;\">\n    <span>Apprendre encore plus<\/span>\n  <\/a>\n\n\t\t<\/div>\n\t\t\t\t\n<style>\n#col-699379469 > .col-inner {\n  margin: 0px 0px -20px 0px;\n}\n<\/style>\n\t<\/div>\n\n\t\n<\/div>\n\t\t<\/div>\n\n\t\t\n<style>\n#section_2109406636 {\n  padding-top: 30px;\n  padding-bottom: 30px;\n}\n#section_2109406636 .section-bg-overlay {\n  background-color: #003366;\n}\n#section_2109406636 .ux-shape-divider--top svg {\n  height: 150px;\n  --divider-top-width: 100%;\n}\n#section_2109406636 .ux-shape-divider--bottom svg {\n  height: 150px;\n  --divider-width: 100%;\n}\n<\/style>\n\t<\/section>\n\t\n\t<section class=\"section\" id=\"section_2129660385\">\n\t\t<div class=\"bg section-bg fill bg-fill  bg-loaded\" >\n\n\t\t\t\n\t\t\t\n\t\t\t\n\n\t\t<\/div>\n\n\t\t\n\n\t\t<div class=\"section-content relative\">\n\t\t\t\n<div class=\"row\"  id=\"row-382077109\">\n\n\t<div id=\"col-502785292\" class=\"col small-12 large-12\"  >\n\t\t\t\t<div class=\"col-inner\"  >\n\t\t\t\n\t\t\t\n\t<div id=\"gap-558433275\" class=\"gap-element clearfix hide-for-medium\" style=\"display:block; height:auto;\">\n\t\t\n<style>\n#gap-558433275 {\n  padding-top: 30px;\n}\n<\/style>\n\t<\/div>\n\t\n\t\t<\/div>\n\t\t\t\t\n<style>\n#col-502785292 > .col-inner {\n  margin: 0px 0px -20px 0px;\n}\n<\/style>\n\t<\/div>\n\n\t\n<\/div>\n<div class=\"row align-equal\" style=\"max-width:1400px\" id=\"row-1409472604\">\n\n\t<div id=\"col-700160994\" class=\"col medium-12 small-12 large-6\"  >\n\t\t\t\t<div class=\"col-inner\"  >\n\t\t\t\n\t\t\t\n\t<div class=\"img has-hover x md-x lg-x y md-y lg-y\" id=\"image_1840790553\">\n\t\t\t\t\t\t\t\t<div class=\"img-inner box-shadow-1 box-shadow-5-hover dark\" >\n\t\t\t<img loading=\"lazy\" decoding=\"async\" width=\"2560\" height=\"1449\" src=\"https:\/\/www.takustringmachines.com\/wp-content\/uploads\/2024\/06\/TAKU-Management-Team-scaled.webp\" class=\"attachment-original size-original\" alt=\"fabricant d&#039;\u00e9quipement de cordage\" srcset=\"https:\/\/www.takustringmachines.com\/wp-content\/uploads\/2024\/06\/TAKU-Management-Team-scaled.webp 2560w, https:\/\/www.takustringmachines.com\/wp-content\/uploads\/2024\/06\/TAKU-Management-Team-300x170.webp 300w, https:\/\/www.takustringmachines.com\/wp-content\/uploads\/2024\/06\/TAKU-Management-Team-1024x580.webp 1024w, https:\/\/www.takustringmachines.com\/wp-content\/uploads\/2024\/06\/TAKU-Management-Team-768x435.webp 768w, https:\/\/www.takustringmachines.com\/wp-content\/uploads\/2024\/06\/TAKU-Management-Team-1536x870.webp 1536w, https:\/\/www.takustringmachines.com\/wp-content\/uploads\/2024\/06\/TAKU-Management-Team-2048x1159.webp 2048w, https:\/\/www.takustringmachines.com\/wp-content\/uploads\/2024\/06\/TAKU-Management-Team-18x10.webp 18w, https:\/\/www.takustringmachines.com\/wp-content\/uploads\/2024\/06\/TAKU-Management-Team-600x340.webp 600w\" sizes=\"(max-width: 2560px) 100vw, 2560px\" \/>\t\t\t\t\t\t\n\t\t\t\t\t<\/div>\n\t\t\t\t\t\t\t\t\n<style>\n#image_1840790553 {\n  width: 100%;\n}\n@media (min-width:550px) {\n  #image_1840790553 {\n    width: 100%;\n  }\n}\n<\/style>\n\t<\/div>\n\t\n\t\t<\/div>\n\t\t\t\t\n<style>\n#col-700160994 > .col-inner {\n  padding: 0px 0px 0px 0px;\n}\n@media (min-width:550px) {\n  #col-700160994 > .col-inner {\n    padding: 0px 0px 0px 0px;\n  }\n}\n@media (min-width:850px) {\n  #col-700160994 > .col-inner {\n    padding: 0px 30px 0px 0px;\n  }\n}\n<\/style>\n\t<\/div>\n\n\t\n\n\t<div id=\"col-1668959896\" class=\"col medium-12 small-12 large-6 medium-col-first\"  >\n\t\t\t\t<div class=\"col-inner\"  >\n\t\t\t\n\t\t\t\n\t<div id=\"text-1640746740\" class=\"text\">\n\t\t\n<h2>\u00c9QUIPE D&#039;ENTREPRISE<\/h2>\n\t\t\n<style>\n#text-1640746740 {\n  font-size: 1rem;\n}\n@media (min-width:550px) {\n  #text-1640746740 {\n    font-size: 1rem;\n  }\n}\n@media (min-width:850px) {\n  #text-1640746740 {\n    font-size: 1.3rem;\n  }\n}\n<\/style>\n\t<\/div>\n\t\n<div class=\"is-divider divider clearfix\" style=\"max-width:50px;height:4px;background-color:rgb(0, 51, 102);\"><\/div>\n\t<div id=\"gap-1681940039\" class=\"gap-element clearfix\" style=\"display:block; height:auto;\">\n\t\t\n<style>\n#gap-1681940039 {\n  padding-top: 20px;\n}\n<\/style>\n\t<\/div>\n\t\n<p>Dans notre entreprise, nous sommes fiers de pouvoir compter sur une \u00e9quipe hautement qualifi\u00e9e et d\u00e9vou\u00e9e qui est le moteur de notre succ\u00e8s. De nos dirigeants visionnaires et ing\u00e9nieurs talentueux \u00e0 nos professionnels des ventes et du service ax\u00e9s sur le client, chaque membre joue un r\u00f4le essentiel dans l\u2019obtention de r\u00e9sultats exceptionnels. Ensemble, nous exploitons notre expertise collective pour fournir des solutions innovantes et un soutien in\u00e9gal\u00e9 \u00e0 nos clients. Avec notre \u00e9quipe \u00e0 vos c\u00f4t\u00e9s, vous pouvez nous faire confiance pour assurer votre r\u00e9ussite dans l\u2019industrie de la fabrication de cordages.<\/p>\n\t<div id=\"gap-967538148\" class=\"gap-element clearfix\" style=\"display:block; height:auto;\">\n\t\t\n<style>\n#gap-967538148 {\n  padding-top: 30px;\n}\n<\/style>\n\t<\/div>\n\t\n<a href=\"https:\/\/www.takustringmachines.com\/fr_be\/contact\/\" target=\"_self\" class=\"button primary\"  style=\"border-radius:99px;\">\n    <span>Rejoignez nous maintenant<\/span>\n  <\/a>\n\n\t\t<\/div>\n\t\t\t\t\n<style>\n#col-1668959896 > .col-inner {\n  padding: 0px 0px 0px 0px;\n}\n@media (min-width:550px) {\n  #col-1668959896 > .col-inner {\n    padding: 0px 0px 0px 0px;\n  }\n}\n@media (min-width:850px) {\n  #col-1668959896 > .col-inner {\n    padding: 0px 90px 0px 30px;\n  }\n}\n<\/style>\n\t<\/div>\n\n\t\n<\/div>\n<div class=\"row align-middle align-center\"  id=\"row-393567388\">\n\n\t<div id=\"col-2023523545\" class=\"col medium-6 small-12 large-6\"  >\n\t\t\t\t<div class=\"col-inner\"  >\n\t\t\t\n\t\t\t\n\t<div id=\"gap-1352545545\" class=\"gap-element clearfix\" style=\"display:block; height:auto;\">\n\t\t\n<style>\n#gap-1352545545 {\n  padding-top: 0px;\n}\n<\/style>\n\t<\/div>\n\t\n\t\t<\/div>\n\t\t\t\t\t<\/div>\n\n\t\n<\/div>\n\t\t<\/div>\n\n\t\t\n<style>\n#section_2129660385 {\n  padding-top: 0px;\n  padding-bottom: 0px;\n}\n#section_2129660385 .ux-shape-divider--top svg {\n  height: 150px;\n  --divider-top-width: 100%;\n}\n#section_2129660385 .ux-shape-divider--bottom svg {\n  height: 150px;\n  --divider-width: 100%;\n}\n@media (min-width:550px) {\n  #section_2129660385 {\n    padding-top: 0px;\n    padding-bottom: 0px;\n  }\n}\n@media (min-width:850px) {\n  #section_2129660385 {\n    padding-top: 50px;\n    padding-bottom: 50px;\n  }\n}\n<\/style>\n\t<\/section>","protected":false},"excerpt":{"rendered":"","protected":false},"author":1,"featured_media":0,"parent":0,"menu_order":0,"comment_status":"closed","ping_status":"closed","template":"page-blank.php","meta":{"footnotes":""},"yoast_head":"<!-- This site is optimized with the Yoast SEO plugin v22.5 - https:\/\/yoast.com\/wordpress\/plugins\/seo\/ -->\n<title>About - TAKU<\/title>\n<meta name=\"robots\" content=\"index, follow, max-snippet:-1, max-image-preview:large, max-video-preview:-1\" \/>\n<link rel=\"canonical\" href=\"https:\/\/www.takustringmachines.com\/fr_be\/a-propos\/\" \/>\n<meta property=\"og:locale\" content=\"fr_FR\" \/>\n<meta property=\"og:type\" content=\"article\" \/>\n<meta property=\"og:title\" content=\"About - TAKU\" \/>\n<meta property=\"og:url\" content=\"https:\/\/www.takustringmachines.com\/fr_be\/a-propos\/\" \/>\n<meta property=\"og:site_name\" content=\"TAKU\" \/>\n<meta property=\"article:modified_time\" content=\"2024-06-10T17:44:22+00:00\" \/>\n<meta name=\"twitter:card\" content=\"summary_large_image\" \/>\n<meta name=\"twitter:label1\" content=\"Dur\u00e9e de lecture est.\" \/>\n\t<meta name=\"twitter:data1\" content=\"4 minutes\" \/>\n<script type=\"application\/ld+json\" class=\"yoast-schema-graph\">{\"@context\":\"https:\/\/schema.org\",\"@graph\":[{\"@type\":\"WebPage\",\"@id\":\"https:\/\/www.takustringmachines.com\/about\/\",\"url\":\"https:\/\/www.takustringmachines.com\/about\/\",\"name\":\"About - TAKU\",\"isPartOf\":{\"@id\":\"https:\/\/www.takustringmachines.com\/#website\"},\"datePublished\":\"2023-03-05T10:39:43+00:00\",\"dateModified\":\"2024-06-10T17:44:22+00:00\",\"breadcrumb\":{\"@id\":\"https:\/\/www.takustringmachines.com\/about\/#breadcrumb\"},\"inLanguage\":\"fr-BE\",\"potentialAction\":[{\"@type\":\"ReadAction\",\"target\":[\"https:\/\/www.takustringmachines.com\/about\/\"]}]},{\"@type\":\"BreadcrumbList\",\"@id\":\"https:\/\/www.takustringmachines.com\/about\/#breadcrumb\",\"itemListElement\":[{\"@type\":\"ListItem\",\"position\":1,\"name\":\"Home\",\"item\":\"https:\/\/www.takustringmachines.com\/\"},{\"@type\":\"ListItem\",\"position\":2,\"name\":\"About\"}]},{\"@type\":\"WebSite\",\"@id\":\"https:\/\/www.takustringmachines.com\/#website\",\"url\":\"https:\/\/www.takustringmachines.com\/\",\"name\":\"TAKU\",\"description\":\"String Machine\",\"potentialAction\":[{\"@type\":\"SearchAction\",\"target\":{\"@type\":\"EntryPoint\",\"urlTemplate\":\"https:\/\/www.takustringmachines.com\/?s={search_term_string}\"},\"query-input\":\"required name=search_term_string\"}],\"inLanguage\":\"fr-BE\"}]}<\/script>\n<!-- \/ Yoast SEO plugin. -->","yoast_head_json":{"title":"About - TAKU","robots":{"index":"index","follow":"follow","max-snippet":"max-snippet:-1","max-image-preview":"max-image-preview:large","max-video-preview":"max-video-preview:-1"},"canonical":"https:\/\/www.takustringmachines.com\/fr_be\/a-propos\/","og_locale":"fr_FR","og_type":"article","og_title":"About - TAKU","og_url":"https:\/\/www.takustringmachines.com\/fr_be\/a-propos\/","og_site_name":"TAKU","article_modified_time":"2024-06-10T17:44:22+00:00","twitter_card":"summary_large_image","twitter_misc":{"Dur\u00e9e de lecture est.":"4 minutes"},"schema":{"@context":"https:\/\/schema.org","@graph":[{"@type":"WebPage","@id":"https:\/\/www.takustringmachines.com\/about\/","url":"https:\/\/www.takustringmachines.com\/about\/","name":"About - TAKU","isPartOf":{"@id":"https:\/\/www.takustringmachines.com\/#website"},"datePublished":"2023-03-05T10:39:43+00:00","dateModified":"2024-06-10T17:44:22+00:00","breadcrumb":{"@id":"https:\/\/www.takustringmachines.com\/about\/#breadcrumb"},"inLanguage":"fr-BE","potentialAction":[{"@type":"ReadAction","target":["https:\/\/www.takustringmachines.com\/about\/"]}]},{"@type":"BreadcrumbList","@id":"https:\/\/www.takustringmachines.com\/about\/#breadcrumb","itemListElement":[{"@type":"ListItem","position":1,"name":"Home","item":"https:\/\/www.takustringmachines.com\/"},{"@type":"ListItem","position":2,"name":"About"}]},{"@type":"WebSite","@id":"https:\/\/www.takustringmachines.com\/#website","url":"https:\/\/www.takustringmachines.com\/","name":"TAKU","description":"String Machine","potentialAction":[{"@type":"SearchAction","target":{"@type":"EntryPoint","urlTemplate":"https:\/\/www.takustringmachines.com\/?s={search_term_string}"},"query-input":"required name=search_term_string"}],"inLanguage":"fr-BE"}]}},"_links":{"self":[{"href":"https:\/\/www.takustringmachines.com\/fr_be\/wp-json\/wp\/v2\/pages\/25"}],"collection":[{"href":"https:\/\/www.takustringmachines.com\/fr_be\/wp-json\/wp\/v2\/pages"}],"about":[{"href":"https:\/\/www.takustringmachines.com\/fr_be\/wp-json\/wp\/v2\/types\/page"}],"author":[{"embeddable":true,"href":"https:\/\/www.takustringmachines.com\/fr_be\/wp-json\/wp\/v2\/users\/1"}],"replies":[{"embeddable":true,"href":"https:\/\/www.takustringmachines.com\/fr_be\/wp-json\/wp\/v2\/comments?post=25"}],"version-history":[{"count":1,"href":"https:\/\/www.takustringmachines.com\/fr_be\/wp-json\/wp\/v2\/pages\/25\/revisions"}],"predecessor-version":[{"id":1876,"href":"https:\/\/www.takustringmachines.com\/fr_be\/wp-json\/wp\/v2\/pages\/25\/revisions\/1876"}],"wp:attachment":[{"href":"https:\/\/www.takustringmachines.com\/fr_be\/wp-json\/wp\/v2\/media?parent=25"}],"curies":[{"name":"wp","href":"https:\/\/api.w.org\/{rel}","templated":true}]}}