{"id":1599,"date":"2023-06-20T07:41:08","date_gmt":"2023-06-20T07:41:08","guid":{"rendered":"https:\/\/www.takustringmachines.com\/?post_type=product&#038;p=1599"},"modified":"2025-11-14T08:42:44","modified_gmt":"2025-11-14T08:42:44","slug":"string-ballends","status":"publish","type":"product","link":"https:\/\/www.takustringmachines.com\/eo\/manufacturer\/kordballends\/","title":{"rendered":"Premium Ball Ends por Gitarkordoj kaj Baskordoj"},"content":{"rendered":"<div class=\"video video-fit mb\" style=\"padding-top:56.25%;\"><p><iframe loading=\"lazy\" title=\"Multkoloraj globfina\u0135oj por gitaro kaj baskordoj #gitarkordoj #baskordoj #gitarpartoj #glofina\u0135oj\" width=\"563\" height=\"1000\" src=\"https:\/\/www.youtube.com\/embed\/nqlkWnEVhOw?feature=oembed\" frameborder=\"0\" allow=\"accelerometer; autoplay; clipboard-write; encrypted-media; gyroscope; picture-in-picture; web-share\" referrerpolicy=\"strict-origin-when-cross-origin\" allowfullscreen><\/iframe><\/p>\n<\/div>\n<h3>Priskribo<\/h3>\n<p>Materialo: Senpaga tran\u0109a fero<\/p>\n<p>Finado: Latuno Tega\u0135o \/ Nikelado \/ Kroma Tega\u0135o \/ Plurkolora Tega\u0135o<\/p>\n<h3>Akustika \/ Elektra Guitar String Ball Ends Dimension<\/h3>\n<ul>\n<li>Ekstera diametro: 4mm<\/li>\n<li>Interna diametro: 2.3mm<\/li>\n<li>Alto: 2,85 mm<\/li>\n<li>Kanelo: 0.72mm<\/li>\n<\/ul>\n<h3>Basgitaro String Ball Ends Dimensio<\/h3>\n<ul>\n<li>Ekstera diametro: 6 mm<\/li>\n<li>Interna diametro: 3 mm<\/li>\n<li>Alteco: 4,9 mm<\/li>\n<li>Kanelo: 1 mm<\/li>\n<\/ul>\n<h3 data-zone-id=\"0\" data-line-index=\"0\" data-line=\"true\">Senpagaj Specimenoj Estas Disponeblaj<\/h3>\n<h3 data-zone-id=\"0\" data-line-index=\"0\" data-line=\"true\">Servo de personigo<\/h3>\n<div data-zone-id=\"0\" data-line-index=\"0\" data-line=\"true\">Ni bonvenigas personigon por respondi al viaj dezirataj formoj, grandecoj kaj koloroj. Ni kreu la perfektajn pilkojn por viaj muzikkordoj.<\/div>\n<div data-zone-id=\"0\" data-line-index=\"0\" data-line=\"true\"><\/div>\n<div class=\"row\"  id=\"row-605742470\">\n\n\t<div id=\"col-1012901769\" class=\"col small-12 large-12\"  >\n\t\t\t\t<div class=\"col-inner\"  >\n\t\t\t\n\t\t\t\n<div class=\"row\"  id=\"row-361454074\">\n\n\t<div id=\"col-2087879667\" class=\"col small-12 large-12\"  >\n\t\t\t\t<div class=\"col-inner\"  >\n\t\t\t\n\t\t\t\n\t<div id=\"gap-660252115\" class=\"gap-element clearfix\" style=\"display:block; height:auto;\">\n\t\t\n<style>\n#gap-660252115 {\n  padding-top: 30px;\n}\n<\/style>\n\t<\/div>\n\t\n<div class=\"container section-title-container\" ><h2 class=\"section-title section-title-center\"><b><\/b><span class=\"section-title-main\" >Oftaj Demandoj pri Ball Ends<\/span><b><\/b><\/h2><\/div>\n<div class=\"row\"  id=\"row-510778470\">\n\n\t<div id=\"col-690774535\" class=\"col small-12 large-12\"  >\n\t\t\t\t<div class=\"col-inner\"  >\n\t\t\t\n\t\t\t\n<div class=\"accordion\">\n<div id=\"accordion-10838926\" class=\"accordion-item\"><a id=\"accordion-10838926-label\" href=\"#\" class=\"accordion-title plain\" aria-expanded=\"false\" aria-controls=\"accordion-10838926-content\"><button class=\"toggle\" aria-label=\"Baskuligi\"><i class=\"icon-angle-down\"><\/i><\/button><span>\u0108u viaj pilkaj fina\u0135oj estas kongruaj kun nia kordma\u015dino?<\/span><\/a><div id=\"accordion-10838926-content\" class=\"accordion-inner\" aria-labelledby=\"accordion-10838926-label\">\n<div id=\"text-593292737\" class=\"text\">\n<p>Niaj pilkaj fina\u0135oj venas en diversaj grandecoj por akomodi malsamajn instrumentojn. Ekzemple, la 4mm-diametra pilkfino estas \u011denerale kongrua kun gitarkordoj, dum la 6mm-diametra pilkfino ta\u016dgas por baskordoj. Ni \u011dojas provizi senpagajn specimenojn por testado por certigi la perfektan ta\u016dgan por viaj specifaj bezonoj.<\/p>\n<\/div>\n<\/div><\/div>\n<div id=\"accordion-3465867284\" class=\"accordion-item\"><a id=\"accordion-3465867284-label\" href=\"#\" class=\"accordion-title plain\" aria-expanded=\"false\" aria-controls=\"accordion-3465867284-content\"><button class=\"toggle\" aria-label=\"Baskuligi\"><i class=\"icon-angle-down\"><\/i><\/button><span>\u0108u viaj pilkaj pintoj estas faritaj el da\u016draj materialoj?<\/span><\/a><div id=\"accordion-3465867284-content\" class=\"accordion-inner\" aria-labelledby=\"accordion-3465867284-label\">\n<p>Jes, niaj pilkaj fina\u0135oj estas faritaj el altkvalitaj materialoj kiel neoksidebla \u015dtalo a\u016d latuno, certigante fortikecon kaj longvivecon.<\/p>\n<\/div><\/div>\n<div id=\"accordion-1149532170\" class=\"accordion-item\"><a id=\"accordion-1149532170-label\" href=\"#\" class=\"accordion-title plain\" aria-expanded=\"false\" aria-controls=\"accordion-1149532170-content\"><button class=\"toggle\" aria-label=\"Baskuligi\"><i class=\"icon-angle-down\"><\/i><\/button><span>\u0108u mi povas agordi la grandecon de la pilkfina\u0135oj por konveni miajn gitarkordojn?<\/span><\/a><div id=\"accordion-1149532170-content\" class=\"accordion-inner\" aria-labelledby=\"accordion-1149532170-label\">\n<p>Jes, ni ofertas agordeblajn grandecojn por niaj pilkaj fina\u0135oj por certigi perfektan ta\u016dgecon por viaj specifaj gitarkordoj kaj diametroj. Krome, ni proponas personecigitan logoon sur pilkoj se vi havas specialan postulon.<\/p>\n<\/div><\/div>\n<\/div>\n<div class=\"accordion\">\n<div id=\"accordion-4198825491\" class=\"accordion-item\"><a id=\"accordion-4198825491-label\" href=\"#\" class=\"accordion-title plain\" aria-expanded=\"false\" aria-controls=\"accordion-4198825491-content\"><button class=\"toggle\" aria-label=\"Baskuligi\"><i class=\"icon-angle-down\"><\/i><\/button><span>\u0108u vi proponas malsamajn kolorojn por la pilkaj fina\u0135oj?<\/span><\/a><div id=\"accordion-4198825491-content\" class=\"accordion-inner\" aria-labelledby=\"accordion-4198825491-label\">\n<p>Jes, ni provizas diversajn kolorojn por niaj pilkaj fina\u0135oj, permesante al vi aldoni personigitan tu\u015don al viaj gitarkordoj. Elektu el klasikaj ar\u011dentaj, oraj, nigraj a\u016d aliaj viglaj koloraj opcioj la\u016d via stilo. Se vi preferas specialan koloron, ni proponos al vi personecigitan koloron la\u016d via provizita Pantone-numero.<\/p>\n<\/div><\/div>\n<div id=\"accordion-2677190173\" class=\"accordion-item\"><a id=\"accordion-2677190173-label\" href=\"#\" class=\"accordion-title plain\" aria-expanded=\"false\" aria-controls=\"accordion-2677190173-content\"><button class=\"toggle\" aria-label=\"Baskuligi\"><i class=\"icon-angle-down\"><\/i><\/button><span>\u0108u estas minimuma menda kvanto por viaj pilkaj fina\u0135oj?<\/span><\/a><div id=\"accordion-2677190173-content\" class=\"accordion-inner\" aria-labelledby=\"accordion-2677190173-label\">\n<p>Jes, ni ja havas minimuman mendan kvanton por niaj pilkaj fina\u0135oj. La specifa minimuma mendokvanto povas varii depende de la tipo kaj grandeco de pilkaj fina\u0135oj, kiujn vi postulas. Bonvolu kontakti nian vendan teamon por pliaj informoj pri la minimuma menda kvanto kaj diskuti viajn specifajn bezonojn.<\/p>\n<\/div><\/div>\n<\/div>\n\t\t<\/div>\n\t\t\t\t\t<\/div>\n\n\t\n<\/div>\n\t\t<\/div>\n\t\t\t\t\t<\/div>\n\n\t\n<\/div>\n<div class=\"container section-title-container\" ><h2 class=\"section-title section-title-center\"><b><\/b><span class=\"section-title-main\" >Kontaktu Usonon<\/span><b><\/b><\/h2><\/div>\n\t<div id=\"gap-751125598\" class=\"gap-element clearfix\" style=\"display:block; height:auto;\">\n\t\t\n<style>\n#gap-751125598 {\n  padding-top: 20px;\n}\n<\/style>\n\t<\/div>\n\t\n\n<div class=\"wpcf7 no-js\" id=\"wpcf7-f280-o1\" lang=\"en-US\" dir=\"ltr\">\n<div class=\"screen-reader-response\"><p role=\"status\" aria-live=\"polite\" aria-atomic=\"true\"><\/p> <ul><\/ul><\/div>\n<form action=\"\/eo\/wp-json\/wp\/v2\/product\/1599#wpcf7-f280-o1\" method=\"post\" class=\"wpcf7-form init\" aria-label=\"Kontaktformularo\" novalidate=\"novalidate\" data-status=\"init\" data-trp-original-action=\"\/eo\/wp-json\/wp\/v2\/product\/1599#wpcf7-f280-o1\">\n<div style=\"display: none;\">\n<input type=\"hidden\" name=\"_wpcf7\" value=\"280\" \/>\n<input type=\"hidden\" name=\"_wpcf7_version\" value=\"5.9.3\" \/>\n<input type=\"hidden\" name=\"_wpcf7_locale\" value=\"en_US\" \/>\n<input type=\"hidden\" name=\"_wpcf7_unit_tag\" value=\"wpcf7-f280-o1\" \/>\n<input type=\"hidden\" name=\"_wpcf7_container_post\" value=\"0\" \/>\n<input type=\"hidden\" name=\"_wpcf7_posted_data_hash\" value=\"\" \/>\n<\/div>\n<div class='custom_contact_style'>\n\t<div class=\"row row-small\">\n\t\t<div class=\"col medium-6 small-12 large-6\">\n\t\t\t<div class=\"col-inner\">\n\t\t\t\t<p><span class=\"wpcf7-form-control-wrap\" data-name=\"your-name\"><input size=\"40\" class=\"wpcf7-form-control wpcf7-text wpcf7-validates-as-required\" aria-required=\"true\" aria-invalid=\"false\" placeholder=\"Nomo*\" value=\"\" type=\"text\" name=\"your-name\" \/><\/span>\n\t\t\t\t<\/p>\n\t\t\t<\/div>\n\t\t<\/div>\n\t\t<div class=\"col medium-6 small-12 large-6\">\n\t\t\t<div class=\"col-inner\">\n\t\t\t\t<p><span class=\"wpcf7-form-control-wrap\" data-name=\"your-email\"><input size=\"40\" class=\"wpcf7-form-control wpcf7-email wpcf7-validates-as-required wpcf7-text wpcf7-validates-as-email\" aria-required=\"true\" aria-invalid=\"false\" placeholder=\"Retpo\u015dto*\" value=\"\" type=\"email\" name=\"your-email\" \/><\/span>\n\t\t\t\t<\/p>\n\t\t\t<\/div>\n\t\t<\/div>\n\t<\/div>\n\t<div class='cus_contact_form_bottom'>\n\t\t<p><span class=\"wpcf7-form-control-wrap\" data-name=\"your-phone\"><input size=\"40\" class=\"wpcf7-form-control wpcf7-tel wpcf7-validates-as-required wpcf7-text wpcf7-validates-as-tel\" aria-required=\"true\" aria-invalid=\"false\" placeholder=\"Telefono *\" value=\"\" type=\"tel\" name=\"your-phone\" \/><\/span>\n\t\t<\/p>\n\t<\/div>\n\t<div class='cus_contact_form_bottom'>\n\t\t<p><span class=\"wpcf7-form-control-wrap\" data-name=\"your-company\"><input size=\"40\" class=\"wpcf7-form-control wpcf7-text wpcf7-validates-as-required\" aria-required=\"true\" aria-invalid=\"false\" placeholder=\"Firmao *\" value=\"\" type=\"text\" name=\"your-company\" \/><\/span>\n\t\t<\/p>\n\t<\/div>\n\t<div class='cus_contact_form_bottom'>\n\t\t<p><span class=\"wpcf7-form-control-wrap\" data-name=\"your-country\"><input size=\"40\" class=\"wpcf7-form-control wpcf7-text\" aria-invalid=\"false\" placeholder=\"Lando\" value=\"\" type=\"text\" name=\"your-country\" \/><\/span>\n\t\t<\/p>\n\t<\/div>\n\t<p><span class=\"wpcf7-form-control-wrap\" data-name=\"your-message\"><textarea cols=\"40\" rows=\"10\" class=\"wpcf7-form-control wpcf7-textarea wpcf7-validates-as-required\" aria-required=\"true\" aria-invalid=\"false\" placeholder=\"Via mesa\u011do *\" name=\"your-message\"><\/textarea><\/span>\n\t<\/p>\n\t<div style=\"margin-bottom:10px;\">\n\t\t<p><span class=\"wpcf7-form-control-wrap kc_captcha cf7ic-toggle\" data-name=\"kc_captcha\"><span class=\"wpcf7-form-control wpcf7-radio\"><span class=\"captcha-image\" style=\"display: none;\"><span class=\"cf7ic_instructions\">Bonvolu pruvi, ke vi estas homo, elektante la<span> koro<\/span>.<\/span><label><input type=\"radio\" name=\"kc_captcha\" value=\"kc_human\" \/><svg width=\"50\" height=\"50\" aria-hidden=\"true\" role=\"img\" xmlns=\"http:\/\/www.w3.org\/2000\/svg\" viewbox=\"0 0 576 512\"><path fill=\"currentColor\" d=\"M415 24c-53 0-103 42-127 65-24-23-74-65-127-65C70 24 16 77 16 166c0 72 67 133 69 135l187 181c9 8 23 8 32 0l187-180c2-3 69-64 69-136 0-89-54-142-145-142z\"\/><\/svg><\/label><label><input type=\"radio\" name=\"kc_captcha\" value=\"bot\" \/><svg width=\"50\" height=\"50\" aria-hidden=\"true\" role=\"img\" xmlns=\"http:\/\/www.w3.org\/2000\/svg\" viewbox=\"0 0 512 512\"><path fill=\"currentColor\" d=\"M500 168h-55l-8-21a127 127 0 00-120-83H195a127 127 0 00-120 83l-8 21H12c-8 0-14 8-11 16l8 24a12 12 0 0011 8h29a64 64 0 00-33 56v48c0 16 6 31 16 42v62c0 13 11 24 24 24h48c13 0 24-11 24-24v-40h256v40c0 13 11 24 24 24h48c13 0 24-11 24-24v-62c10-11 16-26 16-42v-48c0-24-13-45-33-56h29a12 12 0 0011-8l8-24c3-8-3-16-11-16zm-365 2c9-25 33-42 60-42h122c27 0 51 17 60 42l15 38H120l15-38zM88 328a32 32 0 010-64c18 0 48 30 48 48s-30 16-48 16zm336 0c-18 0-48 2-48-16s30-48 48-48 32 14 32 32-14 32-32 32z\"\/><\/svg><\/label><label><input type=\"radio\" name=\"kc_captcha\" value=\"bot\" \/><svg width=\"50\" height=\"50\" aria-hidden=\"true\" role=\"img\" xmlns=\"http:\/\/www.w3.org\/2000\/svg\" viewbox=\"0 0 512 512\"><path fill=\"currentColor\" d=\"M350 99c-54 0-98-35-166-35-25 0-47 4-68 12a56 56 0 004-24C118 24 95 1 66 0a56 56 0 00-34 102v386c0 13 11 24 24 24h16c13 0 24-11 24-24v-94c28-12 64-23 114-23 54 0 98 35 166 35 48 0 86-16 122-41 9-6 14-15 14-26V96c0-23-24-39-45-29-35 16-77 32-117 32z\"\/><\/svg><\/label>\r\n    <\/span>\r\n    <span style=\"display:none\">\r\n        <input type=\"text\" name=\"kc_honeypot\">\r\n    <\/span><\/span><\/span>\n\t\t<\/p>\n\t<\/div>\n\t<p><input class=\"wpcf7-form-control wpcf7-submit has-spinner\" type=\"submit\" value=\"Sendi mesa\u011don\" \/>\n\t<\/p>\n<\/div>\n<input class=\"wpcf7-form-control wpcf7-hidden\" value=\"\" type=\"hidden\" name=\"your-page-title\" \/>\n<input class=\"wpcf7-form-control wpcf7-hidden\" value=\"\" type=\"hidden\" name=\"your-page-url\" \/><div class=\"wpcf7-response-output\" aria-hidden=\"true\"><\/div>\n<input type=\"hidden\" name=\"trp-form-language\" value=\"eo\"\/><\/form>\n<\/div>\n\n\t\t<\/div>\n\t\t\t\t\t<\/div>\n\n\t\n<\/div>","protected":false},"excerpt":{"rendered":"<p>Plibonigu vian produktadprocezon de muzikaj kordoj per nia diverstalenta pilka fina\u0135o. Alkro\u0109ebla al amba\u016d sesangula kaj ronda drato, kun a\u016d sen \u015dlosila torda\u0135o, nia neoksidebla \u015dtalo pilka fino garantias altan precizecon kaj estas elektroplatita en gamo da viglaj koloroj. Spertu glatan tu\u015don kaj superan kvaliton kun \u0109iu \u015dnuro. Ni bonvenigas kutimajn grandecojn kaj kolorojn por plenumi viajn specifajn postulojn.<\/p>","protected":false},"featured_media":1603,"comment_status":"open","ping_status":"closed","template":"","meta":[],"product_cat":[22],"product_tag":[43],"yoast_head":"<!-- This site is optimized with the Yoast SEO plugin v22.5 - https:\/\/yoast.com\/wordpress\/plugins\/seo\/ -->\n<title>Multi-color Guitar String Ball Ends<\/title>\n<meta name=\"description\" content=\"Discover our premium-quality multi-color ball ends, perfect for enhancing the aesthetics and performance of your guitar strings. Elevate your music experience with vibrant colors and exceptional craftsmanship. Explore our collection today.\" \/>\n<meta name=\"robots\" content=\"index, follow, max-snippet:-1, max-image-preview:large, max-video-preview:-1\" \/>\n<link rel=\"canonical\" href=\"https:\/\/www.takustringmachines.com\/eo\/manufacturer\/kordballends\/\" \/>\n<meta property=\"og:locale\" content=\"eo_EO\" \/>\n<meta property=\"og:type\" content=\"article\" \/>\n<meta property=\"og:title\" content=\"Multi-color Guitar String Ball Ends\" \/>\n<meta property=\"og:description\" content=\"Discover our premium-quality multi-color ball ends, perfect for enhancing the aesthetics and performance of your guitar strings. Elevate your music experience with vibrant colors and exceptional craftsmanship. Explore our collection today.\" \/>\n<meta property=\"og:url\" content=\"https:\/\/www.takustringmachines.com\/eo\/manufacturer\/kordballends\/\" \/>\n<meta property=\"og:site_name\" content=\"TAKU\" \/>\n<meta property=\"article:modified_time\" content=\"2025-11-14T08:42:44+00:00\" \/>\n<meta property=\"og:image\" content=\"https:\/\/www.takustringmachines.com\/wp-content\/uploads\/2023\/06\/Multi-color-ball-ends-1000x1000-1.webp\" \/>\n\t<meta property=\"og:image:width\" content=\"1000\" \/>\n\t<meta property=\"og:image:height\" content=\"1000\" \/>\n\t<meta property=\"og:image:type\" content=\"image\/webp\" \/>\n<meta name=\"twitter:card\" content=\"summary_large_image\" \/>\n<meta name=\"twitter:label1\" content=\"Est. reading time\" \/>\n\t<meta name=\"twitter:data1\" content=\"2 minutoj\" \/>\n<script type=\"application\/ld+json\" class=\"yoast-schema-graph\">{\"@context\":\"https:\/\/schema.org\",\"@graph\":[{\"@type\":\"WebPage\",\"@id\":\"https:\/\/www.takustringmachines.com\/manufacturer\/string-ballends\/\",\"url\":\"https:\/\/www.takustringmachines.com\/manufacturer\/string-ballends\/\",\"name\":\"Multi-color Guitar String Ball Ends\",\"isPartOf\":{\"@id\":\"https:\/\/www.takustringmachines.com\/#website\"},\"primaryImageOfPage\":{\"@id\":\"https:\/\/www.takustringmachines.com\/manufacturer\/string-ballends\/#primaryimage\"},\"image\":{\"@id\":\"https:\/\/www.takustringmachines.com\/manufacturer\/string-ballends\/#primaryimage\"},\"thumbnailUrl\":\"https:\/\/www.takustringmachines.com\/wp-content\/uploads\/2023\/06\/Multi-color-ball-ends-1000x1000-1.webp\",\"datePublished\":\"2023-06-20T07:41:08+00:00\",\"dateModified\":\"2025-11-14T08:42:44+00:00\",\"description\":\"Discover our premium-quality multi-color ball ends, perfect for enhancing the aesthetics and performance of your guitar strings. Elevate your music experience with vibrant colors and exceptional craftsmanship. Explore our collection today.\",\"breadcrumb\":{\"@id\":\"https:\/\/www.takustringmachines.com\/manufacturer\/string-ballends\/#breadcrumb\"},\"inLanguage\":\"eo\",\"potentialAction\":[{\"@type\":\"ReadAction\",\"target\":[\"https:\/\/www.takustringmachines.com\/manufacturer\/string-ballends\/\"]}]},{\"@type\":\"ImageObject\",\"inLanguage\":\"eo\",\"@id\":\"https:\/\/www.takustringmachines.com\/manufacturer\/string-ballends\/#primaryimage\",\"url\":\"https:\/\/www.takustringmachines.com\/wp-content\/uploads\/2023\/06\/Multi-color-ball-ends-1000x1000-1.webp\",\"contentUrl\":\"https:\/\/www.takustringmachines.com\/wp-content\/uploads\/2023\/06\/Multi-color-ball-ends-1000x1000-1.webp\",\"width\":1000,\"height\":1000},{\"@type\":\"BreadcrumbList\",\"@id\":\"https:\/\/www.takustringmachines.com\/manufacturer\/string-ballends\/#breadcrumb\",\"itemListElement\":[{\"@type\":\"ListItem\",\"position\":1,\"name\":\"Home\",\"item\":\"https:\/\/www.takustringmachines.com\/\"},{\"@type\":\"ListItem\",\"position\":2,\"name\":\"Products\",\"item\":\"https:\/\/www.takustringmachines.com\/shop\/\"},{\"@type\":\"ListItem\",\"position\":3,\"name\":\"Premium Ball Ends for Guitar Strings and Bass Strings\"}]},{\"@type\":\"WebSite\",\"@id\":\"https:\/\/www.takustringmachines.com\/#website\",\"url\":\"https:\/\/www.takustringmachines.com\/\",\"name\":\"TAKU\",\"description\":\"String Machine\",\"potentialAction\":[{\"@type\":\"SearchAction\",\"target\":{\"@type\":\"EntryPoint\",\"urlTemplate\":\"https:\/\/www.takustringmachines.com\/?s={search_term_string}\"},\"query-input\":\"required name=search_term_string\"}],\"inLanguage\":\"eo\"}]}<\/script>\n<!-- \/ Yoast SEO plugin. -->","yoast_head_json":{"title":"Multi-color Guitar String Ball Ends","description":"Discover our premium-quality multi-color ball ends, perfect for enhancing the aesthetics and performance of your guitar strings. Elevate your music experience with vibrant colors and exceptional craftsmanship. Explore our collection today.","robots":{"index":"index","follow":"follow","max-snippet":"max-snippet:-1","max-image-preview":"max-image-preview:large","max-video-preview":"max-video-preview:-1"},"canonical":"https:\/\/www.takustringmachines.com\/eo\/manufacturer\/kordballends\/","og_locale":"eo_EO","og_type":"article","og_title":"Multi-color Guitar String Ball Ends","og_description":"Discover our premium-quality multi-color ball ends, perfect for enhancing the aesthetics and performance of your guitar strings. Elevate your music experience with vibrant colors and exceptional craftsmanship. Explore our collection today.","og_url":"https:\/\/www.takustringmachines.com\/eo\/manufacturer\/kordballends\/","og_site_name":"TAKU","article_modified_time":"2025-11-14T08:42:44+00:00","og_image":[{"width":1000,"height":1000,"url":"https:\/\/www.takustringmachines.com\/wp-content\/uploads\/2023\/06\/Multi-color-ball-ends-1000x1000-1.webp","type":"image\/webp"}],"twitter_card":"summary_large_image","twitter_misc":{"Est. reading time":"2 minutoj"},"schema":{"@context":"https:\/\/schema.org","@graph":[{"@type":"WebPage","@id":"https:\/\/www.takustringmachines.com\/manufacturer\/string-ballends\/","url":"https:\/\/www.takustringmachines.com\/manufacturer\/string-ballends\/","name":"Multi-color Guitar String Ball Ends","isPartOf":{"@id":"https:\/\/www.takustringmachines.com\/#website"},"primaryImageOfPage":{"@id":"https:\/\/www.takustringmachines.com\/manufacturer\/string-ballends\/#primaryimage"},"image":{"@id":"https:\/\/www.takustringmachines.com\/manufacturer\/string-ballends\/#primaryimage"},"thumbnailUrl":"https:\/\/www.takustringmachines.com\/wp-content\/uploads\/2023\/06\/Multi-color-ball-ends-1000x1000-1.webp","datePublished":"2023-06-20T07:41:08+00:00","dateModified":"2025-11-14T08:42:44+00:00","description":"Discover our premium-quality multi-color ball ends, perfect for enhancing the aesthetics and performance of your guitar strings. Elevate your music experience with vibrant colors and exceptional craftsmanship. Explore our collection today.","breadcrumb":{"@id":"https:\/\/www.takustringmachines.com\/manufacturer\/string-ballends\/#breadcrumb"},"inLanguage":"eo","potentialAction":[{"@type":"ReadAction","target":["https:\/\/www.takustringmachines.com\/manufacturer\/string-ballends\/"]}]},{"@type":"ImageObject","inLanguage":"eo","@id":"https:\/\/www.takustringmachines.com\/manufacturer\/string-ballends\/#primaryimage","url":"https:\/\/www.takustringmachines.com\/wp-content\/uploads\/2023\/06\/Multi-color-ball-ends-1000x1000-1.webp","contentUrl":"https:\/\/www.takustringmachines.com\/wp-content\/uploads\/2023\/06\/Multi-color-ball-ends-1000x1000-1.webp","width":1000,"height":1000},{"@type":"BreadcrumbList","@id":"https:\/\/www.takustringmachines.com\/manufacturer\/string-ballends\/#breadcrumb","itemListElement":[{"@type":"ListItem","position":1,"name":"Home","item":"https:\/\/www.takustringmachines.com\/"},{"@type":"ListItem","position":2,"name":"Products","item":"https:\/\/www.takustringmachines.com\/shop\/"},{"@type":"ListItem","position":3,"name":"Premium Ball Ends for Guitar Strings and Bass Strings"}]},{"@type":"WebSite","@id":"https:\/\/www.takustringmachines.com\/#website","url":"https:\/\/www.takustringmachines.com\/","name":"TAKU","description":"String Machine","potentialAction":[{"@type":"SearchAction","target":{"@type":"EntryPoint","urlTemplate":"https:\/\/www.takustringmachines.com\/?s={search_term_string}"},"query-input":"required name=search_term_string"}],"inLanguage":"eo"}]}},"_links":{"self":[{"href":"https:\/\/www.takustringmachines.com\/eo\/wp-json\/wp\/v2\/product\/1599"}],"collection":[{"href":"https:\/\/www.takustringmachines.com\/eo\/wp-json\/wp\/v2\/product"}],"about":[{"href":"https:\/\/www.takustringmachines.com\/eo\/wp-json\/wp\/v2\/types\/product"}],"replies":[{"embeddable":true,"href":"https:\/\/www.takustringmachines.com\/eo\/wp-json\/wp\/v2\/comments?post=1599"}],"wp:featuredmedia":[{"embeddable":true,"href":"https:\/\/www.takustringmachines.com\/eo\/wp-json\/wp\/v2\/media\/1603"}],"wp:attachment":[{"href":"https:\/\/www.takustringmachines.com\/eo\/wp-json\/wp\/v2\/media?parent=1599"}],"wp:term":[{"taxonomy":"product_cat","embeddable":true,"href":"https:\/\/www.takustringmachines.com\/eo\/wp-json\/wp\/v2\/product_cat?post=1599"},{"taxonomy":"product_tag","embeddable":true,"href":"https:\/\/www.takustringmachines.com\/eo\/wp-json\/wp\/v2\/product_tag?post=1599"}],"curies":[{"name":"wp","href":"https:\/\/api.w.org\/{rel}","templated":true}]}}