{"id":25,"date":"2023-03-05T10:39:43","date_gmt":"2023-03-05T10:39:43","guid":{"rendered":"https:\/\/www.takustringmachines.com\/?page_id=25"},"modified":"2024-06-10T17:44:22","modified_gmt":"2024-06-10T17:44:22","slug":"about","status":"publish","type":"page","link":"https:\/\/www.takustringmachines.com\/de_at\/um\/","title":{"rendered":"Um"},"content":{"rendered":"<section class=\"section\" id=\"section_672649961\">\n\t\t<div class=\"bg section-bg fill bg-fill  bg-loaded\" >\n\n\t\t\t\n\t\t\t\n\t\t\t\n\n\t\t<\/div>\n\n\t\t\n\n\t\t<div class=\"section-content relative\">\n\t\t\t\n<div class=\"row align-equal\"  id=\"row-1146935186\">\n\n\t<div id=\"col-509668873\" class=\"col medium-12 small-12 large-6 medium-col-first\"  >\n\t\t\t\t<div class=\"col-inner\"  >\n\t\t\t\n\t\t\t\n\t<div id=\"gap-1666677822\" class=\"gap-element clearfix\" style=\"display:block; height:auto;\">\n\t\t\n<style>\n#gap-1666677822 {\n  padding-top: 5px;\n}\n<\/style>\n\t<\/div>\n\t\n\t<div id=\"text-3723145718\" class=\"text\">\n\t\t\n<h2>FIRMENINFO<\/h2>\n\t\t\n<style>\n#text-3723145718 {\n  font-size: 1rem;\n}\n@media (min-width:550px) {\n  #text-3723145718 {\n    font-size: 1rem;\n  }\n}\n@media (min-width:850px) {\n  #text-3723145718 {\n    font-size: 1.4rem;\n  }\n}\n<\/style>\n\t<\/div>\n\t\n<div class=\"is-divider divider clearfix\" style=\"max-width:50px;height:4px;background-color:rgb(0, 51, 102);\"><\/div>\n\t<div id=\"gap-1444833553\" class=\"gap-element clearfix hide-for-small\" style=\"display:block; height:auto;\">\n\t\t\n<style>\n#gap-1444833553 {\n  padding-top: 20px;\n}\n<\/style>\n\t<\/div>\n\t\n<p>Willkommen auf unserer Website, der Anlaufstelle f\u00fcr hochwertige Saitenherstellungsger\u00e4te. Als vertrauensw\u00fcrdiger Lieferant sind wir auf die Bereitstellung modernster L\u00f6sungen f\u00fcr Ihre Saitenproduktionsanforderungen spezialisiert. Mit unserem Fachwissen und unserem Engagement f\u00fcr Spitzenleistungen sind wir hier, um Ihren Erfolg in der Branche zu unterst\u00fctzen.<\/p>\n\t<div id=\"gap-866483990\" class=\"gap-element clearfix\" style=\"display:block; height:auto;\">\n\t\t\n<style>\n#gap-866483990 {\n  padding-top: 30px;\n}\n<\/style>\n\t<\/div>\n\t\n<a href=\"https:\/\/www.takustringmachines.com\/de_at\/kontakt\/\" target=\"_self\" class=\"button primary\"  style=\"border-radius:99px;\">\n    <span>Kontaktiere uns<\/span>\n  <\/a>\n\n\t\t<\/div>\n\t\t\t\t\n<style>\n#col-509668873 > .col-inner {\n  padding: 0px 0px 0px 0px;\n}\n@media (min-width:550px) {\n  #col-509668873 > .col-inner {\n    padding: 0px 0px 0px 0px;\n  }\n}\n@media (min-width:850px) {\n  #col-509668873 > .col-inner {\n    padding: 0px 20px 0px 0px;\n  }\n}\n<\/style>\n\t<\/div>\n\n\t\n\n\t<div id=\"col-1029798381\" class=\"col medium-12 small-12 large-6\"  >\n\t\t\t\t<div class=\"col-inner\"  >\n\t\t\t\n\t\t\t\n\t<div class=\"img has-hover x md-x lg-x y md-y lg-y\" id=\"image_41342830\">\n\t\t\t\t\t\t\t\t<div class=\"img-inner image-cover box-shadow-1 box-shadow-5-hover dark\" style=\"padding-top:70%;\">\n\t\t\t<img loading=\"lazy\" decoding=\"async\" width=\"700\" height=\"450\" src=\"https:\/\/www.takustringmachines.com\/wp-content\/uploads\/2023\/05\/\u516c\u53f8\u7167\u7247700450-1.webp\" class=\"attachment-original size-original\" alt=\"\" srcset=\"https:\/\/www.takustringmachines.com\/wp-content\/uploads\/2023\/05\/\u516c\u53f8\u7167\u7247700450-1.webp 700w, https:\/\/www.takustringmachines.com\/wp-content\/uploads\/2023\/05\/\u516c\u53f8\u7167\u7247700450-1-300x193.webp 300w, https:\/\/www.takustringmachines.com\/wp-content\/uploads\/2023\/05\/\u516c\u53f8\u7167\u7247700450-1-600x386.webp 600w\" sizes=\"(max-width: 700px) 100vw, 700px\" \/>\t\t\t\t\t\t\n\t\t\t\t\t<\/div>\n\t\t\t\t\t\t\t\t\n<style>\n#image_41342830 {\n  width: 100%;\n}\n<\/style>\n\t<\/div>\n\t\n\t\t<\/div>\n\t\t\t\t\n<style>\n#col-1029798381 > .col-inner {\n  padding: 0px 0px 0px 0px;\n  border-radius: 8px;\n}\n@media (min-width:550px) {\n  #col-1029798381 > .col-inner {\n    padding: 0px 0px 0px 0px;\n  }\n}\n@media (min-width:850px) {\n  #col-1029798381 > .col-inner {\n    padding: 0px 0px 0px 20px;\n  }\n}\n<\/style>\n\t<\/div>\n\n\t\n<\/div>\n\t\t<\/div>\n\n\t\t\n<style>\n#section_672649961 {\n  padding-top: 30px;\n  padding-bottom: 30px;\n}\n#section_672649961 .ux-shape-divider--top svg {\n  height: 150px;\n  --divider-top-width: 100%;\n}\n#section_672649961 .ux-shape-divider--bottom svg {\n  height: 150px;\n  --divider-width: 100%;\n}\n@media (min-width:550px) {\n  #section_672649961 {\n    padding-top: 30px;\n    padding-bottom: 30px;\n  }\n}\n@media (min-width:850px) {\n  #section_672649961 {\n    padding-top: 80px;\n    padding-bottom: 80px;\n  }\n}\n<\/style>\n\t<\/section>\n\t\n\n\n\t<section class=\"section\" id=\"section_676926386\">\n\t\t<div class=\"bg section-bg fill bg-fill  bg-loaded\" >\n\n\t\t\t\n\t\t\t<div class=\"section-bg-overlay absolute fill\"><\/div>\n\t\t\t\n\n\t\t<\/div>\n\n\t\t\n\n\t\t<div class=\"section-content relative\">\n\t\t\t\n\t<div id=\"gap-1465768010\" class=\"gap-element clearfix\" style=\"display:block; height:auto;\">\n\t\t\n<style>\n#gap-1465768010 {\n  padding-top: 30px;\n}\n<\/style>\n\t<\/div>\n\t\n<div class=\"row align-center\"  id=\"row-812797328\">\n\n\t<div id=\"col-799764887\" class=\"col medium-10 small-12 large-10\"  >\n\t\t\t\t<div class=\"col-inner\"  >\n\t\t\t\n\t\t\t\n\t<div id=\"text-341447916\" class=\"text\">\n\t\t\n<h2>AUSR\u00dcSTUNG UND L\u00d6SUNG ZUR HERSTELLUNG VON MUSIKINSTRUMENTENSAITEN<\/h2>\n\t\t\n<style>\n#text-341447916 {\n  font-size: 1.35rem;\n  text-align: center;\n  color: rgb(255,255,255);\n}\n#text-341447916 > * {\n  color: rgb(255,255,255);\n}\n<\/style>\n\t<\/div>\n\t\n<div class=\"text-center\"><div class=\"is-divider divider clearfix\" style=\"background-color:rgb(255, 255, 255);\"><\/div><\/div>\n\t\t<\/div>\n\t\t\t\t\n<style>\n#col-799764887 > .col-inner {\n  margin: 0px 0px -20px 0px;\n}\n<\/style>\n\t<\/div>\n\n\t\n<\/div>\n<div class=\"row\"  id=\"row-1262270738\">\n\n\t<div id=\"col-407598991\" class=\"col small-12 large-12\"  >\n\t\t\t\t<div class=\"col-inner text-center\"  >\n\t\t\t\n\t\t\t\n<a href=\"\/de_at\/shop\/\" target=\"_self\" class=\"button white\"  style=\"border-radius:99px;\">\n    <span>Erfahren Sie mehr<\/span>\n  <\/a>\n\n\t\t<\/div>\n\t\t\t\t\n<style>\n#col-407598991 > .col-inner {\n  margin: 0px 0px -20px 0px;\n}\n<\/style>\n\t<\/div>\n\n\t\n<\/div>\n\t\t<\/div>\n\n\t\t\n<style>\n#section_676926386 {\n  padding-top: 30px;\n  padding-bottom: 30px;\n}\n#section_676926386 .section-bg-overlay {\n  background-color: #003366;\n}\n#section_676926386 .ux-shape-divider--top svg {\n  height: 150px;\n  --divider-top-width: 100%;\n}\n#section_676926386 .ux-shape-divider--bottom svg {\n  height: 150px;\n  --divider-width: 100%;\n}\n<\/style>\n\t<\/section>\n\t\n\t<section class=\"section\" id=\"section_2145149944\">\n\t\t<div class=\"bg section-bg fill bg-fill  bg-loaded\" >\n\n\t\t\t\n\t\t\t\n\t\t\t\n\n\t\t<\/div>\n\n\t\t\n\n\t\t<div class=\"section-content relative\">\n\t\t\t\n<div class=\"row\"  id=\"row-1281668962\">\n\n\t<div id=\"col-1660595359\" class=\"col small-12 large-12\"  >\n\t\t\t\t<div class=\"col-inner\"  >\n\t\t\t\n\t\t\t\n\t<div id=\"gap-47084928\" class=\"gap-element clearfix hide-for-medium\" style=\"display:block; height:auto;\">\n\t\t\n<style>\n#gap-47084928 {\n  padding-top: 30px;\n}\n<\/style>\n\t<\/div>\n\t\n\t\t<\/div>\n\t\t\t\t\n<style>\n#col-1660595359 > .col-inner {\n  margin: 0px 0px -20px 0px;\n}\n<\/style>\n\t<\/div>\n\n\t\n<\/div>\n<div class=\"row align-equal\" style=\"max-width:1400px\" id=\"row-43282747\">\n\n\t<div id=\"col-396191274\" class=\"col medium-12 small-12 large-6\"  >\n\t\t\t\t<div class=\"col-inner\"  >\n\t\t\t\n\t\t\t\n\t<div class=\"img has-hover x md-x lg-x y md-y lg-y\" id=\"image_15401651\">\n\t\t\t\t\t\t\t\t<div class=\"img-inner box-shadow-1 box-shadow-5-hover dark\" >\n\t\t\t<img loading=\"lazy\" decoding=\"async\" width=\"2560\" height=\"1449\" src=\"https:\/\/www.takustringmachines.com\/wp-content\/uploads\/2024\/06\/TAKU-Management-Team-scaled.webp\" class=\"attachment-original size-original\" alt=\"Hersteller von Saitenausr\u00fcstung\" srcset=\"https:\/\/www.takustringmachines.com\/wp-content\/uploads\/2024\/06\/TAKU-Management-Team-scaled.webp 2560w, https:\/\/www.takustringmachines.com\/wp-content\/uploads\/2024\/06\/TAKU-Management-Team-300x170.webp 300w, https:\/\/www.takustringmachines.com\/wp-content\/uploads\/2024\/06\/TAKU-Management-Team-1024x580.webp 1024w, https:\/\/www.takustringmachines.com\/wp-content\/uploads\/2024\/06\/TAKU-Management-Team-768x435.webp 768w, https:\/\/www.takustringmachines.com\/wp-content\/uploads\/2024\/06\/TAKU-Management-Team-1536x870.webp 1536w, https:\/\/www.takustringmachines.com\/wp-content\/uploads\/2024\/06\/TAKU-Management-Team-2048x1159.webp 2048w, https:\/\/www.takustringmachines.com\/wp-content\/uploads\/2024\/06\/TAKU-Management-Team-18x10.webp 18w, https:\/\/www.takustringmachines.com\/wp-content\/uploads\/2024\/06\/TAKU-Management-Team-600x340.webp 600w\" sizes=\"(max-width: 2560px) 100vw, 2560px\" \/>\t\t\t\t\t\t\n\t\t\t\t\t<\/div>\n\t\t\t\t\t\t\t\t\n<style>\n#image_15401651 {\n  width: 100%;\n}\n@media (min-width:550px) {\n  #image_15401651 {\n    width: 100%;\n  }\n}\n<\/style>\n\t<\/div>\n\t\n\t\t<\/div>\n\t\t\t\t\n<style>\n#col-396191274 > .col-inner {\n  padding: 0px 0px 0px 0px;\n}\n@media (min-width:550px) {\n  #col-396191274 > .col-inner {\n    padding: 0px 0px 0px 0px;\n  }\n}\n@media (min-width:850px) {\n  #col-396191274 > .col-inner {\n    padding: 0px 30px 0px 0px;\n  }\n}\n<\/style>\n\t<\/div>\n\n\t\n\n\t<div id=\"col-274396848\" class=\"col medium-12 small-12 large-6 medium-col-first\"  >\n\t\t\t\t<div class=\"col-inner\"  >\n\t\t\t\n\t\t\t\n\t<div id=\"text-1525775772\" class=\"text\">\n\t\t\n<h2>UNTERNEHMENSTEAM<\/h2>\n\t\t\n<style>\n#text-1525775772 {\n  font-size: 1rem;\n}\n@media (min-width:550px) {\n  #text-1525775772 {\n    font-size: 1rem;\n  }\n}\n@media (min-width:850px) {\n  #text-1525775772 {\n    font-size: 1.3rem;\n  }\n}\n<\/style>\n\t<\/div>\n\t\n<div class=\"is-divider divider clearfix\" style=\"max-width:50px;height:4px;background-color:rgb(0, 51, 102);\"><\/div>\n\t<div id=\"gap-1313321502\" class=\"gap-element clearfix\" style=\"display:block; height:auto;\">\n\t\t\n<style>\n#gap-1313321502 {\n  padding-top: 20px;\n}\n<\/style>\n\t<\/div>\n\t\n<p>Wir sind stolz darauf, in unserem Unternehmen ein hochqualifiziertes und engagiertes Team zu haben, das unseren Erfolg vorantreibt. Von unseren vision\u00e4ren F\u00fchrungskr\u00e4ften und talentierten Ingenieuren bis hin zu unseren kundenorientierten Vertriebs- und Serviceprofis spielt jedes Mitglied eine entscheidende Rolle bei der Erzielung au\u00dfergew\u00f6hnlicher Ergebnisse. Gemeinsam nutzen wir unser gesamtes Fachwissen, um unseren Kunden innovative L\u00f6sungen und beispiellosen Support zu bieten. Mit unserem Team an Ihrer Seite k\u00f6nnen Sie darauf vertrauen, dass wir Ihren Erfolg in der Saitenherstellungsbranche vorantreiben.<\/p>\n\t<div id=\"gap-162244455\" class=\"gap-element clearfix\" style=\"display:block; height:auto;\">\n\t\t\n<style>\n#gap-162244455 {\n  padding-top: 30px;\n}\n<\/style>\n\t<\/div>\n\t\n<a href=\"https:\/\/www.takustringmachines.com\/de_at\/kontakt\/\" target=\"_self\" class=\"button primary\"  style=\"border-radius:99px;\">\n    <span>Machen Sie jetzt mit<\/span>\n  <\/a>\n\n\t\t<\/div>\n\t\t\t\t\n<style>\n#col-274396848 > .col-inner {\n  padding: 0px 0px 0px 0px;\n}\n@media (min-width:550px) {\n  #col-274396848 > .col-inner {\n    padding: 0px 0px 0px 0px;\n  }\n}\n@media (min-width:850px) {\n  #col-274396848 > .col-inner {\n    padding: 0px 90px 0px 30px;\n  }\n}\n<\/style>\n\t<\/div>\n\n\t\n<\/div>\n<div class=\"row align-middle align-center\"  id=\"row-1247956431\">\n\n\t<div id=\"col-207242245\" class=\"col medium-6 small-12 large-6\"  >\n\t\t\t\t<div class=\"col-inner\"  >\n\t\t\t\n\t\t\t\n\t<div id=\"gap-1733324094\" class=\"gap-element clearfix\" style=\"display:block; height:auto;\">\n\t\t\n<style>\n#gap-1733324094 {\n  padding-top: 0px;\n}\n<\/style>\n\t<\/div>\n\t\n\t\t<\/div>\n\t\t\t\t\t<\/div>\n\n\t\n<\/div>\n\t\t<\/div>\n\n\t\t\n<style>\n#section_2145149944 {\n  padding-top: 0px;\n  padding-bottom: 0px;\n}\n#section_2145149944 .ux-shape-divider--top svg {\n  height: 150px;\n  --divider-top-width: 100%;\n}\n#section_2145149944 .ux-shape-divider--bottom svg {\n  height: 150px;\n  --divider-width: 100%;\n}\n@media (min-width:550px) {\n  #section_2145149944 {\n    padding-top: 0px;\n    padding-bottom: 0px;\n  }\n}\n@media (min-width:850px) {\n  #section_2145149944 {\n    padding-top: 50px;\n    padding-bottom: 50px;\n  }\n}\n<\/style>\n\t<\/section>","protected":false},"excerpt":{"rendered":"","protected":false},"author":1,"featured_media":0,"parent":0,"menu_order":0,"comment_status":"closed","ping_status":"closed","template":"page-blank.php","meta":{"footnotes":""},"yoast_head":"<!-- This site is optimized with the Yoast SEO plugin v22.5 - https:\/\/yoast.com\/wordpress\/plugins\/seo\/ -->\n<title>About - TAKU<\/title>\n<meta name=\"robots\" content=\"index, follow, max-snippet:-1, max-image-preview:large, max-video-preview:-1\" \/>\n<link rel=\"canonical\" href=\"https:\/\/www.takustringmachines.com\/de_at\/um\/\" \/>\n<meta property=\"og:locale\" content=\"de_DE\" \/>\n<meta property=\"og:type\" content=\"article\" \/>\n<meta property=\"og:title\" content=\"About - TAKU\" \/>\n<meta property=\"og:url\" content=\"https:\/\/www.takustringmachines.com\/de_at\/um\/\" \/>\n<meta property=\"og:site_name\" content=\"TAKU\" \/>\n<meta property=\"article:modified_time\" content=\"2024-06-10T17:44:22+00:00\" \/>\n<meta name=\"twitter:card\" content=\"summary_large_image\" \/>\n<meta name=\"twitter:label1\" content=\"Gesch\u00e4tzte Lesezeit\" \/>\n\t<meta name=\"twitter:data1\" content=\"4 Minuten\" \/>\n<script type=\"application\/ld+json\" class=\"yoast-schema-graph\">{\"@context\":\"https:\/\/schema.org\",\"@graph\":[{\"@type\":\"WebPage\",\"@id\":\"https:\/\/www.takustringmachines.com\/about\/\",\"url\":\"https:\/\/www.takustringmachines.com\/about\/\",\"name\":\"About - TAKU\",\"isPartOf\":{\"@id\":\"https:\/\/www.takustringmachines.com\/#website\"},\"datePublished\":\"2023-03-05T10:39:43+00:00\",\"dateModified\":\"2024-06-10T17:44:22+00:00\",\"breadcrumb\":{\"@id\":\"https:\/\/www.takustringmachines.com\/about\/#breadcrumb\"},\"inLanguage\":\"de-AT\",\"potentialAction\":[{\"@type\":\"ReadAction\",\"target\":[\"https:\/\/www.takustringmachines.com\/about\/\"]}]},{\"@type\":\"BreadcrumbList\",\"@id\":\"https:\/\/www.takustringmachines.com\/about\/#breadcrumb\",\"itemListElement\":[{\"@type\":\"ListItem\",\"position\":1,\"name\":\"Home\",\"item\":\"https:\/\/www.takustringmachines.com\/\"},{\"@type\":\"ListItem\",\"position\":2,\"name\":\"About\"}]},{\"@type\":\"WebSite\",\"@id\":\"https:\/\/www.takustringmachines.com\/#website\",\"url\":\"https:\/\/www.takustringmachines.com\/\",\"name\":\"TAKU\",\"description\":\"String Machine\",\"potentialAction\":[{\"@type\":\"SearchAction\",\"target\":{\"@type\":\"EntryPoint\",\"urlTemplate\":\"https:\/\/www.takustringmachines.com\/?s={search_term_string}\"},\"query-input\":\"required name=search_term_string\"}],\"inLanguage\":\"de-AT\"}]}<\/script>\n<!-- \/ Yoast SEO plugin. -->","yoast_head_json":{"title":"About - TAKU","robots":{"index":"index","follow":"follow","max-snippet":"max-snippet:-1","max-image-preview":"max-image-preview:large","max-video-preview":"max-video-preview:-1"},"canonical":"https:\/\/www.takustringmachines.com\/de_at\/um\/","og_locale":"de_DE","og_type":"article","og_title":"About - TAKU","og_url":"https:\/\/www.takustringmachines.com\/de_at\/um\/","og_site_name":"TAKU","article_modified_time":"2024-06-10T17:44:22+00:00","twitter_card":"summary_large_image","twitter_misc":{"Gesch\u00e4tzte Lesezeit":"4 Minuten"},"schema":{"@context":"https:\/\/schema.org","@graph":[{"@type":"WebPage","@id":"https:\/\/www.takustringmachines.com\/about\/","url":"https:\/\/www.takustringmachines.com\/about\/","name":"About - TAKU","isPartOf":{"@id":"https:\/\/www.takustringmachines.com\/#website"},"datePublished":"2023-03-05T10:39:43+00:00","dateModified":"2024-06-10T17:44:22+00:00","breadcrumb":{"@id":"https:\/\/www.takustringmachines.com\/about\/#breadcrumb"},"inLanguage":"de-AT","potentialAction":[{"@type":"ReadAction","target":["https:\/\/www.takustringmachines.com\/about\/"]}]},{"@type":"BreadcrumbList","@id":"https:\/\/www.takustringmachines.com\/about\/#breadcrumb","itemListElement":[{"@type":"ListItem","position":1,"name":"Home","item":"https:\/\/www.takustringmachines.com\/"},{"@type":"ListItem","position":2,"name":"About"}]},{"@type":"WebSite","@id":"https:\/\/www.takustringmachines.com\/#website","url":"https:\/\/www.takustringmachines.com\/","name":"TAKU","description":"String Machine","potentialAction":[{"@type":"SearchAction","target":{"@type":"EntryPoint","urlTemplate":"https:\/\/www.takustringmachines.com\/?s={search_term_string}"},"query-input":"required name=search_term_string"}],"inLanguage":"de-AT"}]}},"_links":{"self":[{"href":"https:\/\/www.takustringmachines.com\/de_at\/wp-json\/wp\/v2\/pages\/25"}],"collection":[{"href":"https:\/\/www.takustringmachines.com\/de_at\/wp-json\/wp\/v2\/pages"}],"about":[{"href":"https:\/\/www.takustringmachines.com\/de_at\/wp-json\/wp\/v2\/types\/page"}],"author":[{"embeddable":true,"href":"https:\/\/www.takustringmachines.com\/de_at\/wp-json\/wp\/v2\/users\/1"}],"replies":[{"embeddable":true,"href":"https:\/\/www.takustringmachines.com\/de_at\/wp-json\/wp\/v2\/comments?post=25"}],"version-history":[{"count":1,"href":"https:\/\/www.takustringmachines.com\/de_at\/wp-json\/wp\/v2\/pages\/25\/revisions"}],"predecessor-version":[{"id":1876,"href":"https:\/\/www.takustringmachines.com\/de_at\/wp-json\/wp\/v2\/pages\/25\/revisions\/1876"}],"wp:attachment":[{"href":"https:\/\/www.takustringmachines.com\/de_at\/wp-json\/wp\/v2\/media?parent=25"}],"curies":[{"name":"wp","href":"https:\/\/api.w.org\/{rel}","templated":true}]}}