{"id":1599,"date":"2023-06-20T07:41:08","date_gmt":"2023-06-20T07:41:08","guid":{"rendered":"https:\/\/www.takustringmachines.com\/?post_type=product&#038;p=1599"},"modified":"2025-11-14T08:42:44","modified_gmt":"2025-11-14T08:42:44","slug":"string-ballends","status":"publish","type":"product","link":"https:\/\/www.takustringmachines.com\/de\/manufacturer\/saitenballenden\/","title":{"rendered":"Premium Ball Ends f\u00fcr Gitarrensaiten und Basssaiten"},"content":{"rendered":"<div class=\"video video-fit mb\" style=\"padding-top:56.25%;\"><p><iframe loading=\"lazy\" title=\"Mehrfarbige Kugelenden f\u00fcr Gitarren- und Basssaiten #guitarstrings #bassstrings #guitarparts #ballends\" width=\"563\" height=\"1000\" src=\"https:\/\/www.youtube.com\/embed\/nqlkWnEVhOw?feature=oembed\" frameborder=\"0\" allow=\"accelerometer; autoplay; clipboard-write; encrypted-media; gyroscope; picture-in-picture; web-share\" referrerpolicy=\"strict-origin-when-cross-origin\" allowfullscreen><\/iframe><\/p>\n<\/div>\n<h3>Beschreibung<\/h3>\n<p>Material: Automateneisen<\/p>\n<p>Verarbeitung: Messingbeschichtung \/ Vernickelung \/ Verchromung \/ Mehrfarbenbeschichtung<\/p>\n<h3>Abmessungen der Ball Ends f\u00fcr Akustik-\/E-Gitarrensaiten<\/h3>\n<ul>\n<li>Au\u00dfendurchmesser: 4 mm<\/li>\n<li>Innendurchmesser: 2,3 mm<\/li>\n<li>H\u00f6he: 2,85 mm<\/li>\n<li>Nut: 0,72 mm<\/li>\n<\/ul>\n<h3>Abmessungen der Ball Ends f\u00fcr Bassgitarrensaiten<\/h3>\n<ul>\n<li>Au\u00dfendurchmesser: 6 mm<\/li>\n<li>Innendurchmesser: 3 mm<\/li>\n<li>H\u00f6he: 4,9 mm<\/li>\n<li>Nut: 1 mm<\/li>\n<\/ul>\n<h3 data-zone-id=\"0\" data-line-index=\"0\" data-line=\"true\">Kostenlose Muster sind verf\u00fcgbar<\/h3>\n<h3 data-zone-id=\"0\" data-line-index=\"0\" data-line=\"true\">Anpassungsservice<\/h3>\n<div data-zone-id=\"0\" data-line-index=\"0\" data-line=\"true\">Wir freuen uns \u00fcber eine individuelle Anpassung an Ihre gew\u00fcnschten Formen, Gr\u00f6\u00dfen und Farben. Lassen Sie uns die perfekten Kugelenden f\u00fcr Ihre Musiksaiten herstellen.<\/div>\n<div data-zone-id=\"0\" data-line-index=\"0\" data-line=\"true\"><\/div>\n<div class=\"row\"  id=\"row-999194384\">\n\n\t<div id=\"col-802118328\" class=\"col small-12 large-12\"  >\n\t\t\t\t<div class=\"col-inner\"  >\n\t\t\t\n\t\t\t\n<div class=\"row\"  id=\"row-2086167549\">\n\n\t<div id=\"col-2115358525\" class=\"col small-12 large-12\"  >\n\t\t\t\t<div class=\"col-inner\"  >\n\t\t\t\n\t\t\t\n\t<div id=\"gap-839825705\" class=\"gap-element clearfix\" style=\"display:block; height:auto;\">\n\t\t\n<style>\n#gap-839825705 {\n  padding-top: 30px;\n}\n<\/style>\n\t<\/div>\n\t\n<div class=\"container section-title-container\" ><h2 class=\"section-title section-title-center\"><b><\/b><span class=\"section-title-main\" >H\u00e4ufig gestellte Fragen zu Kugelk\u00f6pfen<\/span><b><\/b><\/h2><\/div>\n<div class=\"row\"  id=\"row-848874047\">\n\n\t<div id=\"col-2041315273\" class=\"col small-12 large-12\"  >\n\t\t\t\t<div class=\"col-inner\"  >\n\t\t\t\n\t\t\t\n<div class=\"accordion\">\n<div id=\"accordion-4133658663\" class=\"accordion-item\"><a id=\"accordion-4133658663-label\" href=\"#\" class=\"accordion-title plain\" aria-expanded=\"false\" aria-controls=\"accordion-4133658663-content\"><button class=\"toggle\" aria-label=\"Umschalten\"><i class=\"icon-angle-down\"><\/i><\/button><span>Sind Ihre Kugelenden mit unserer Saitenmaschine kompatibel?<\/span><\/a><div id=\"accordion-4133658663-content\" class=\"accordion-inner\" aria-labelledby=\"accordion-4133658663-label\">\n<div id=\"text-593292737\" class=\"text\">\n<p>Unsere Kugelenden sind in verschiedenen Gr\u00f6\u00dfen erh\u00e4ltlich, um f\u00fcr verschiedene Instrumente geeignet zu sein. Beispielsweise ist das Kugelende mit 4 mm Durchmesser im Allgemeinen mit Gitarrensaiten kompatibel, w\u00e4hrend das Kugelende mit 6 mm Durchmesser f\u00fcr Basssaiten geeignet ist. Gerne stellen wir Ihnen kostenlose Muster zum Testen zur Verf\u00fcgung, um sicherzustellen, dass es perfekt zu Ihren spezifischen Anforderungen passt.<\/p>\n<\/div>\n<\/div><\/div>\n<div id=\"accordion-1976638109\" class=\"accordion-item\"><a id=\"accordion-1976638109-label\" href=\"#\" class=\"accordion-title plain\" aria-expanded=\"false\" aria-controls=\"accordion-1976638109-content\"><button class=\"toggle\" aria-label=\"Umschalten\"><i class=\"icon-angle-down\"><\/i><\/button><span>Sind Ihre Kugelk\u00f6pfe aus langlebigen Materialien gefertigt?<\/span><\/a><div id=\"accordion-1976638109-content\" class=\"accordion-inner\" aria-labelledby=\"accordion-1976638109-label\">\n<p>Ja, unsere Kugelk\u00f6pfe bestehen aus hochwertigen Materialien wie Edelstahl oder Messing und gew\u00e4hrleisten so Haltbarkeit und Langlebigkeit.<\/p>\n<\/div><\/div>\n<div id=\"accordion-1576838485\" class=\"accordion-item\"><a id=\"accordion-1576838485-label\" href=\"#\" class=\"accordion-title plain\" aria-expanded=\"false\" aria-controls=\"accordion-1576838485-content\"><button class=\"toggle\" aria-label=\"Umschalten\"><i class=\"icon-angle-down\"><\/i><\/button><span>Kann ich die Gr\u00f6\u00dfe der Kugelenden an meine Gitarrensaiten anpassen?<\/span><\/a><div id=\"accordion-1576838485-content\" class=\"accordion-inner\" aria-labelledby=\"accordion-1576838485-label\">\n<p>Ja, wir bieten anpassbare Gr\u00f6\u00dfen f\u00fcr unsere Kugelenden an, um eine perfekte Passform f\u00fcr Ihre spezifischen Gitarrensaitenst\u00e4rken und -durchmesser zu gew\u00e4hrleisten. Dar\u00fcber hinaus bieten wir individuelle Logos auf B\u00e4llen an, wenn Sie spezielle Anforderungen haben.<\/p>\n<\/div><\/div>\n<\/div>\n<div class=\"accordion\">\n<div id=\"accordion-4205231456\" class=\"accordion-item\"><a id=\"accordion-4205231456-label\" href=\"#\" class=\"accordion-title plain\" aria-expanded=\"false\" aria-controls=\"accordion-4205231456-content\"><button class=\"toggle\" aria-label=\"Umschalten\"><i class=\"icon-angle-down\"><\/i><\/button><span>Bieten Sie verschiedene Farben f\u00fcr die Kugelenden an?<\/span><\/a><div id=\"accordion-4205231456-content\" class=\"accordion-inner\" aria-labelledby=\"accordion-4205231456-label\">\n<p>Ja, wir bieten eine Vielzahl von Farben f\u00fcr unsere Kugelenden an, sodass Sie Ihren Gitarrensaiten eine pers\u00f6nliche Note verleihen k\u00f6nnen. W\u00e4hlen Sie je nach Stil zwischen klassischem Silber, Gold, Schwarz oder anderen leuchtenden Farboptionen. Wenn Sie eine Sonderfarbe bevorzugen, bieten wir Ihnen eine individuelle Farbe entsprechend der von Ihnen angegebenen Pantone-Nummer an.<\/p>\n<\/div><\/div>\n<div id=\"accordion-2386893615\" class=\"accordion-item\"><a id=\"accordion-2386893615-label\" href=\"#\" class=\"accordion-title plain\" aria-expanded=\"false\" aria-controls=\"accordion-2386893615-content\"><button class=\"toggle\" aria-label=\"Umschalten\"><i class=\"icon-angle-down\"><\/i><\/button><span>Gibt es eine Mindestbestellmenge f\u00fcr Ihre Kugelk\u00f6pfe?<\/span><\/a><div id=\"accordion-2386893615-content\" class=\"accordion-inner\" aria-labelledby=\"accordion-2386893615-label\">\n<p>Ja, wir haben eine Mindestbestellmenge f\u00fcr unsere Kugelk\u00f6pfe. Die konkrete Mindestbestellmenge kann je nach Art und Gr\u00f6\u00dfe der von Ihnen ben\u00f6tigten Kugelk\u00f6pfe variieren. Bitte wenden Sie sich an unser Vertriebsteam, um weitere Informationen zur Mindestbestellmenge zu erhalten und Ihre spezifischen Anforderungen zu besprechen.<\/p>\n<\/div><\/div>\n<\/div>\n\t\t<\/div>\n\t\t\t\t\t<\/div>\n\n\t\n<\/div>\n\t\t<\/div>\n\t\t\t\t\t<\/div>\n\n\t\n<\/div>\n<div class=\"container section-title-container\" ><h2 class=\"section-title section-title-center\"><b><\/b><span class=\"section-title-main\" >Kontaktiere uns<\/span><b><\/b><\/h2><\/div>\n\t<div id=\"gap-814929157\" class=\"gap-element clearfix\" style=\"display:block; height:auto;\">\n\t\t\n<style>\n#gap-814929157 {\n  padding-top: 20px;\n}\n<\/style>\n\t<\/div>\n\t\n\n<div class=\"wpcf7 no-js\" id=\"wpcf7-f280-o1\" lang=\"en-US\" dir=\"ltr\">\n<div class=\"screen-reader-response\"><p role=\"status\" aria-live=\"polite\" aria-atomic=\"true\"><\/p> <ul><\/ul><\/div>\n<form action=\"\/de\/wp-json\/wp\/v2\/product\/1599#wpcf7-f280-o1\" method=\"post\" class=\"wpcf7-form init\" aria-label=\"Kontaktformular\" novalidate=\"novalidate\" data-status=\"init\" data-trp-original-action=\"\/de\/wp-json\/wp\/v2\/product\/1599#wpcf7-f280-o1\">\n<div style=\"display: none;\">\n<input type=\"hidden\" name=\"_wpcf7\" value=\"280\" \/>\n<input type=\"hidden\" name=\"_wpcf7_version\" value=\"5.9.3\" \/>\n<input type=\"hidden\" name=\"_wpcf7_locale\" value=\"en_US\" \/>\n<input type=\"hidden\" name=\"_wpcf7_unit_tag\" value=\"wpcf7-f280-o1\" \/>\n<input type=\"hidden\" name=\"_wpcf7_container_post\" value=\"0\" \/>\n<input type=\"hidden\" name=\"_wpcf7_posted_data_hash\" value=\"\" \/>\n<\/div>\n<div class='custom_contact_style'>\n\t<div class=\"row row-small\">\n\t\t<div class=\"col medium-6 small-12 large-6\">\n\t\t\t<div class=\"col-inner\">\n\t\t\t\t<p><span class=\"wpcf7-form-control-wrap\" data-name=\"your-name\"><input size=\"40\" class=\"wpcf7-form-control wpcf7-text wpcf7-validates-as-required\" aria-required=\"true\" aria-invalid=\"false\" placeholder=\"Name*\" value=\"\" type=\"text\" name=\"your-name\" \/><\/span>\n\t\t\t\t<\/p>\n\t\t\t<\/div>\n\t\t<\/div>\n\t\t<div class=\"col medium-6 small-12 large-6\">\n\t\t\t<div class=\"col-inner\">\n\t\t\t\t<p><span class=\"wpcf7-form-control-wrap\" data-name=\"your-email\"><input size=\"40\" class=\"wpcf7-form-control wpcf7-email wpcf7-validates-as-required wpcf7-text wpcf7-validates-as-email\" aria-required=\"true\" aria-invalid=\"false\" placeholder=\"Email*\" value=\"\" type=\"email\" name=\"your-email\" \/><\/span>\n\t\t\t\t<\/p>\n\t\t\t<\/div>\n\t\t<\/div>\n\t<\/div>\n\t<div class='cus_contact_form_bottom'>\n\t\t<p><span class=\"wpcf7-form-control-wrap\" data-name=\"your-phone\"><input size=\"40\" class=\"wpcf7-form-control wpcf7-tel wpcf7-validates-as-required wpcf7-text wpcf7-validates-as-tel\" aria-required=\"true\" aria-invalid=\"false\" placeholder=\"Telefon *\" value=\"\" type=\"tel\" name=\"your-phone\" \/><\/span>\n\t\t<\/p>\n\t<\/div>\n\t<div class='cus_contact_form_bottom'>\n\t\t<p><span class=\"wpcf7-form-control-wrap\" data-name=\"your-company\"><input size=\"40\" class=\"wpcf7-form-control wpcf7-text wpcf7-validates-as-required\" aria-required=\"true\" aria-invalid=\"false\" placeholder=\"Unternehmen *\" value=\"\" type=\"text\" name=\"your-company\" \/><\/span>\n\t\t<\/p>\n\t<\/div>\n\t<div class='cus_contact_form_bottom'>\n\t\t<p><span class=\"wpcf7-form-control-wrap\" data-name=\"your-country\"><input size=\"40\" class=\"wpcf7-form-control wpcf7-text\" aria-invalid=\"false\" placeholder=\"Land\" value=\"\" type=\"text\" name=\"your-country\" \/><\/span>\n\t\t<\/p>\n\t<\/div>\n\t<p><span class=\"wpcf7-form-control-wrap\" data-name=\"your-message\"><textarea cols=\"40\" rows=\"10\" class=\"wpcf7-form-control wpcf7-textarea wpcf7-validates-as-required\" aria-required=\"true\" aria-invalid=\"false\" placeholder=\"Ihre Nachricht *\" name=\"your-message\"><\/textarea><\/span>\n\t<\/p>\n\t<div style=\"margin-bottom:10px;\">\n\t\t<p><span class=\"wpcf7-form-control-wrap kc_captcha cf7ic-toggle\" data-name=\"kc_captcha\"><span class=\"wpcf7-form-control wpcf7-radio\"><span class=\"captcha-image\" style=\"display: none;\"><span class=\"cf7ic_instructions\">Bitte beweisen Sie, dass Sie ein Mensch sind, indem Sie das<span> Auto<\/span>.<\/span><label><input type=\"radio\" name=\"kc_captcha\" value=\"bot\" \/><svg width=\"50\" height=\"50\" aria-hidden=\"true\" role=\"img\" xmlns=\"http:\/\/www.w3.org\/2000\/svg\" viewbox=\"0 0 576 512\"><path fill=\"currentColor\" d=\"M488 313v143c0 13-11 24-24 24H348c-7 0-12-5-12-12V356c0-7-5-12-12-12h-72c-7 0-12 5-12 12v112c0 7-5 12-12 12H112c-13 0-24-11-24-24V313c0-4 2-7 4-10l188-154c5-4 11-4 16 0l188 154c2 3 4 6 4 10zm84-61l-84-69V44c0-6-5-12-12-12h-56c-7 0-12 6-12 12v73l-89-74a48 48 0 00-61 0L4 252c-5 4-5 12-1 17l25 31c5 5 12 5 17 1l235-193c5-4 11-4 16 0l235 193c5 5 13 4 17-1l25-31c4-6 4-13-1-17z\"\/><\/svg><\/label><label><input type=\"radio\" name=\"kc_captcha\" value=\"kc_human\" \/><svg width=\"50\" height=\"50\" aria-hidden=\"true\" role=\"img\" xmlns=\"http:\/\/www.w3.org\/2000\/svg\" viewbox=\"0 0 512 512\"><path fill=\"currentColor\" d=\"M500 168h-55l-8-21a127 127 0 00-120-83H195a127 127 0 00-120 83l-8 21H12c-8 0-14 8-11 16l8 24a12 12 0 0011 8h29a64 64 0 00-33 56v48c0 16 6 31 16 42v62c0 13 11 24 24 24h48c13 0 24-11 24-24v-40h256v40c0 13 11 24 24 24h48c13 0 24-11 24-24v-62c10-11 16-26 16-42v-48c0-24-13-45-33-56h29a12 12 0 0011-8l8-24c3-8-3-16-11-16zm-365 2c9-25 33-42 60-42h122c27 0 51 17 60 42l15 38H120l15-38zM88 328a32 32 0 010-64c18 0 48 30 48 48s-30 16-48 16zm336 0c-18 0-48 2-48-16s30-48 48-48 32 14 32 32-14 32-32 32z\"\/><\/svg><\/label><label><input type=\"radio\" name=\"kc_captcha\" value=\"bot\" \/><svg width=\"50\" height=\"50\" aria-hidden=\"true\" role=\"img\" xmlns=\"http:\/\/www.w3.org\/2000\/svg\" viewbox=\"0 0 512 512\"><path fill=\"currentColor\" d=\"M350 99c-54 0-98-35-166-35-25 0-47 4-68 12a56 56 0 004-24C118 24 95 1 66 0a56 56 0 00-34 102v386c0 13 11 24 24 24h16c13 0 24-11 24-24v-94c28-12 64-23 114-23 54 0 98 35 166 35 48 0 86-16 122-41 9-6 14-15 14-26V96c0-23-24-39-45-29-35 16-77 32-117 32z\"\/><\/svg><\/label>\r\n    <\/span>\r\n    <span style=\"display:none\">\r\n        <input type=\"text\" name=\"kc_honeypot\">\r\n    <\/span><\/span><\/span>\n\t\t<\/p>\n\t<\/div>\n\t<p><input class=\"wpcf7-form-control wpcf7-submit has-spinner\" type=\"submit\" value=\"Nachricht senden\" \/>\n\t<\/p>\n<\/div>\n<input class=\"wpcf7-form-control wpcf7-hidden\" value=\"\" type=\"hidden\" name=\"your-page-title\" \/>\n<input class=\"wpcf7-form-control wpcf7-hidden\" value=\"\" type=\"hidden\" name=\"your-page-url\" \/><div class=\"wpcf7-response-output\" aria-hidden=\"true\"><\/div>\n<input type=\"hidden\" name=\"trp-form-language\" value=\"de\"\/><\/form>\n<\/div>\n\n\t\t<\/div>\n\t\t\t\t\t<\/div>\n\n\t\n<\/div>","protected":false},"excerpt":{"rendered":"<p>Verbessern Sie Ihren Herstellungsprozess f\u00fcr Musiksaiten mit unserem vielseitigen Kugelkopf-Design. Unser Edelstahl-Kugelkopf kann sowohl an sechseckigen als auch an runden Dr\u00e4hten befestigt werden, mit oder ohne Verriegelungsdrehung. Er garantiert hohe Pr\u00e4zision und ist in verschiedenen leuchtenden Farben galvanisiert. Erleben Sie bei jeder Saite ein sanftes Spielgef\u00fchl und erstklassige Qualit\u00e4t. Wir freuen uns \u00fcber kundenspezifische Gr\u00f6\u00dfen und Farben, um Ihren spezifischen Anforderungen gerecht zu werden.<\/p>","protected":false},"featured_media":1603,"comment_status":"open","ping_status":"closed","template":"","meta":[],"product_cat":[22],"product_tag":[43],"yoast_head":"<!-- This site is optimized with the Yoast SEO plugin v22.5 - https:\/\/yoast.com\/wordpress\/plugins\/seo\/ -->\n<title>Multi-color Guitar String Ball Ends<\/title>\n<meta name=\"description\" content=\"Discover our premium-quality multi-color ball ends, perfect for enhancing the aesthetics and performance of your guitar strings. Elevate your music experience with vibrant colors and exceptional craftsmanship. Explore our collection today.\" \/>\n<meta name=\"robots\" content=\"index, follow, max-snippet:-1, max-image-preview:large, max-video-preview:-1\" \/>\n<link rel=\"canonical\" href=\"https:\/\/www.takustringmachines.com\/de\/manufacturer\/saitenballenden\/\" \/>\n<meta property=\"og:locale\" content=\"de_DE\" \/>\n<meta property=\"og:type\" content=\"article\" \/>\n<meta property=\"og:title\" content=\"Multi-color Guitar String Ball Ends\" \/>\n<meta property=\"og:description\" content=\"Discover our premium-quality multi-color ball ends, perfect for enhancing the aesthetics and performance of your guitar strings. Elevate your music experience with vibrant colors and exceptional craftsmanship. Explore our collection today.\" \/>\n<meta property=\"og:url\" content=\"https:\/\/www.takustringmachines.com\/de\/manufacturer\/saitenballenden\/\" \/>\n<meta property=\"og:site_name\" content=\"TAKU\" \/>\n<meta property=\"article:modified_time\" content=\"2025-11-14T08:42:44+00:00\" \/>\n<meta property=\"og:image\" content=\"https:\/\/www.takustringmachines.com\/wp-content\/uploads\/2023\/06\/Multi-color-ball-ends-1000x1000-1.webp\" \/>\n\t<meta property=\"og:image:width\" content=\"1000\" \/>\n\t<meta property=\"og:image:height\" content=\"1000\" \/>\n\t<meta property=\"og:image:type\" content=\"image\/webp\" \/>\n<meta name=\"twitter:card\" content=\"summary_large_image\" \/>\n<meta name=\"twitter:label1\" content=\"Gesch\u00e4tzte Lesezeit\" \/>\n\t<meta name=\"twitter:data1\" content=\"2 Minuten\" \/>\n<script type=\"application\/ld+json\" class=\"yoast-schema-graph\">{\"@context\":\"https:\/\/schema.org\",\"@graph\":[{\"@type\":\"WebPage\",\"@id\":\"https:\/\/www.takustringmachines.com\/manufacturer\/string-ballends\/\",\"url\":\"https:\/\/www.takustringmachines.com\/manufacturer\/string-ballends\/\",\"name\":\"Multi-color Guitar String Ball Ends\",\"isPartOf\":{\"@id\":\"https:\/\/www.takustringmachines.com\/#website\"},\"primaryImageOfPage\":{\"@id\":\"https:\/\/www.takustringmachines.com\/manufacturer\/string-ballends\/#primaryimage\"},\"image\":{\"@id\":\"https:\/\/www.takustringmachines.com\/manufacturer\/string-ballends\/#primaryimage\"},\"thumbnailUrl\":\"https:\/\/www.takustringmachines.com\/wp-content\/uploads\/2023\/06\/Multi-color-ball-ends-1000x1000-1.webp\",\"datePublished\":\"2023-06-20T07:41:08+00:00\",\"dateModified\":\"2025-11-14T08:42:44+00:00\",\"description\":\"Discover our premium-quality multi-color ball ends, perfect for enhancing the aesthetics and performance of your guitar strings. Elevate your music experience with vibrant colors and exceptional craftsmanship. Explore our collection today.\",\"breadcrumb\":{\"@id\":\"https:\/\/www.takustringmachines.com\/manufacturer\/string-ballends\/#breadcrumb\"},\"inLanguage\":\"de-DE\",\"potentialAction\":[{\"@type\":\"ReadAction\",\"target\":[\"https:\/\/www.takustringmachines.com\/manufacturer\/string-ballends\/\"]}]},{\"@type\":\"ImageObject\",\"inLanguage\":\"de-DE\",\"@id\":\"https:\/\/www.takustringmachines.com\/manufacturer\/string-ballends\/#primaryimage\",\"url\":\"https:\/\/www.takustringmachines.com\/wp-content\/uploads\/2023\/06\/Multi-color-ball-ends-1000x1000-1.webp\",\"contentUrl\":\"https:\/\/www.takustringmachines.com\/wp-content\/uploads\/2023\/06\/Multi-color-ball-ends-1000x1000-1.webp\",\"width\":1000,\"height\":1000},{\"@type\":\"BreadcrumbList\",\"@id\":\"https:\/\/www.takustringmachines.com\/manufacturer\/string-ballends\/#breadcrumb\",\"itemListElement\":[{\"@type\":\"ListItem\",\"position\":1,\"name\":\"Home\",\"item\":\"https:\/\/www.takustringmachines.com\/\"},{\"@type\":\"ListItem\",\"position\":2,\"name\":\"Products\",\"item\":\"https:\/\/www.takustringmachines.com\/shop\/\"},{\"@type\":\"ListItem\",\"position\":3,\"name\":\"Premium Ball Ends for Guitar Strings and Bass Strings\"}]},{\"@type\":\"WebSite\",\"@id\":\"https:\/\/www.takustringmachines.com\/#website\",\"url\":\"https:\/\/www.takustringmachines.com\/\",\"name\":\"TAKU\",\"description\":\"String Machine\",\"potentialAction\":[{\"@type\":\"SearchAction\",\"target\":{\"@type\":\"EntryPoint\",\"urlTemplate\":\"https:\/\/www.takustringmachines.com\/?s={search_term_string}\"},\"query-input\":\"required name=search_term_string\"}],\"inLanguage\":\"de-DE\"}]}<\/script>\n<!-- \/ Yoast SEO plugin. -->","yoast_head_json":{"title":"Multi-color Guitar String Ball Ends","description":"Discover our premium-quality multi-color ball ends, perfect for enhancing the aesthetics and performance of your guitar strings. Elevate your music experience with vibrant colors and exceptional craftsmanship. Explore our collection today.","robots":{"index":"index","follow":"follow","max-snippet":"max-snippet:-1","max-image-preview":"max-image-preview:large","max-video-preview":"max-video-preview:-1"},"canonical":"https:\/\/www.takustringmachines.com\/de\/manufacturer\/saitenballenden\/","og_locale":"de_DE","og_type":"article","og_title":"Multi-color Guitar String Ball Ends","og_description":"Discover our premium-quality multi-color ball ends, perfect for enhancing the aesthetics and performance of your guitar strings. Elevate your music experience with vibrant colors and exceptional craftsmanship. Explore our collection today.","og_url":"https:\/\/www.takustringmachines.com\/de\/manufacturer\/saitenballenden\/","og_site_name":"TAKU","article_modified_time":"2025-11-14T08:42:44+00:00","og_image":[{"width":1000,"height":1000,"url":"https:\/\/www.takustringmachines.com\/wp-content\/uploads\/2023\/06\/Multi-color-ball-ends-1000x1000-1.webp","type":"image\/webp"}],"twitter_card":"summary_large_image","twitter_misc":{"Gesch\u00e4tzte Lesezeit":"2 Minuten"},"schema":{"@context":"https:\/\/schema.org","@graph":[{"@type":"WebPage","@id":"https:\/\/www.takustringmachines.com\/manufacturer\/string-ballends\/","url":"https:\/\/www.takustringmachines.com\/manufacturer\/string-ballends\/","name":"Multi-color Guitar String Ball Ends","isPartOf":{"@id":"https:\/\/www.takustringmachines.com\/#website"},"primaryImageOfPage":{"@id":"https:\/\/www.takustringmachines.com\/manufacturer\/string-ballends\/#primaryimage"},"image":{"@id":"https:\/\/www.takustringmachines.com\/manufacturer\/string-ballends\/#primaryimage"},"thumbnailUrl":"https:\/\/www.takustringmachines.com\/wp-content\/uploads\/2023\/06\/Multi-color-ball-ends-1000x1000-1.webp","datePublished":"2023-06-20T07:41:08+00:00","dateModified":"2025-11-14T08:42:44+00:00","description":"Discover our premium-quality multi-color ball ends, perfect for enhancing the aesthetics and performance of your guitar strings. Elevate your music experience with vibrant colors and exceptional craftsmanship. Explore our collection today.","breadcrumb":{"@id":"https:\/\/www.takustringmachines.com\/manufacturer\/string-ballends\/#breadcrumb"},"inLanguage":"de-DE","potentialAction":[{"@type":"ReadAction","target":["https:\/\/www.takustringmachines.com\/manufacturer\/string-ballends\/"]}]},{"@type":"ImageObject","inLanguage":"de-DE","@id":"https:\/\/www.takustringmachines.com\/manufacturer\/string-ballends\/#primaryimage","url":"https:\/\/www.takustringmachines.com\/wp-content\/uploads\/2023\/06\/Multi-color-ball-ends-1000x1000-1.webp","contentUrl":"https:\/\/www.takustringmachines.com\/wp-content\/uploads\/2023\/06\/Multi-color-ball-ends-1000x1000-1.webp","width":1000,"height":1000},{"@type":"BreadcrumbList","@id":"https:\/\/www.takustringmachines.com\/manufacturer\/string-ballends\/#breadcrumb","itemListElement":[{"@type":"ListItem","position":1,"name":"Home","item":"https:\/\/www.takustringmachines.com\/"},{"@type":"ListItem","position":2,"name":"Products","item":"https:\/\/www.takustringmachines.com\/shop\/"},{"@type":"ListItem","position":3,"name":"Premium Ball Ends for Guitar Strings and Bass Strings"}]},{"@type":"WebSite","@id":"https:\/\/www.takustringmachines.com\/#website","url":"https:\/\/www.takustringmachines.com\/","name":"TAKU","description":"String Machine","potentialAction":[{"@type":"SearchAction","target":{"@type":"EntryPoint","urlTemplate":"https:\/\/www.takustringmachines.com\/?s={search_term_string}"},"query-input":"required name=search_term_string"}],"inLanguage":"de-DE"}]}},"_links":{"self":[{"href":"https:\/\/www.takustringmachines.com\/de\/wp-json\/wp\/v2\/product\/1599"}],"collection":[{"href":"https:\/\/www.takustringmachines.com\/de\/wp-json\/wp\/v2\/product"}],"about":[{"href":"https:\/\/www.takustringmachines.com\/de\/wp-json\/wp\/v2\/types\/product"}],"replies":[{"embeddable":true,"href":"https:\/\/www.takustringmachines.com\/de\/wp-json\/wp\/v2\/comments?post=1599"}],"wp:featuredmedia":[{"embeddable":true,"href":"https:\/\/www.takustringmachines.com\/de\/wp-json\/wp\/v2\/media\/1603"}],"wp:attachment":[{"href":"https:\/\/www.takustringmachines.com\/de\/wp-json\/wp\/v2\/media?parent=1599"}],"wp:term":[{"taxonomy":"product_cat","embeddable":true,"href":"https:\/\/www.takustringmachines.com\/de\/wp-json\/wp\/v2\/product_cat?post=1599"},{"taxonomy":"product_tag","embeddable":true,"href":"https:\/\/www.takustringmachines.com\/de\/wp-json\/wp\/v2\/product_tag?post=1599"}],"curies":[{"name":"wp","href":"https:\/\/api.w.org\/{rel}","templated":true}]}}