{"id":25,"date":"2023-03-05T10:39:43","date_gmt":"2023-03-05T10:39:43","guid":{"rendered":"https:\/\/www.takustringmachines.com\/?page_id=25"},"modified":"2024-06-10T17:44:22","modified_gmt":"2024-06-10T17:44:22","slug":"about","status":"publish","type":"page","link":"https:\/\/www.takustringmachines.com\/da\/om\/","title":{"rendered":"Om"},"content":{"rendered":"<section class=\"section\" id=\"section_16362984\">\n\t\t<div class=\"bg section-bg fill bg-fill  bg-loaded\" >\n\n\t\t\t\n\t\t\t\n\t\t\t\n\n\t\t<\/div>\n\n\t\t\n\n\t\t<div class=\"section-content relative\">\n\t\t\t\n<div class=\"row align-equal\"  id=\"row-1277827701\">\n\n\t<div id=\"col-177286858\" class=\"col medium-12 small-12 large-6 medium-col-first\"  >\n\t\t\t\t<div class=\"col-inner\"  >\n\t\t\t\n\t\t\t\n\t<div id=\"gap-977186173\" class=\"gap-element clearfix\" style=\"display:block; height:auto;\">\n\t\t\n<style>\n#gap-977186173 {\n  padding-top: 5px;\n}\n<\/style>\n\t<\/div>\n\t\n\t<div id=\"text-4034718500\" class=\"text\">\n\t\t\n<h2>VIRKSOMHED INFO<\/h2>\n\t\t\n<style>\n#text-4034718500 {\n  font-size: 1rem;\n}\n@media (min-width:550px) {\n  #text-4034718500 {\n    font-size: 1rem;\n  }\n}\n@media (min-width:850px) {\n  #text-4034718500 {\n    font-size: 1.4rem;\n  }\n}\n<\/style>\n\t<\/div>\n\t\n<div class=\"is-divider divider clearfix\" style=\"max-width:50px;height:4px;background-color:rgb(0, 51, 102);\"><\/div>\n\t<div id=\"gap-1778282213\" class=\"gap-element clearfix hide-for-small\" style=\"display:block; height:auto;\">\n\t\t\n<style>\n#gap-1778282213 {\n  padding-top: 20px;\n}\n<\/style>\n\t<\/div>\n\t\n<p>Velkommen til vores hjemmeside, go-to-destinationen for h\u00f8jkvalitets strengfremstillingsudstyr. Som en betroet leverand\u00f8r er vi specialiseret i at levere banebrydende l\u00f8sninger, der opfylder dine behov for strengproduktion. Med vores ekspertise og engagement i ekspertise er vi her for at st\u00f8tte din succes i branchen.<\/p>\n\t<div id=\"gap-743162696\" class=\"gap-element clearfix\" style=\"display:block; height:auto;\">\n\t\t\n<style>\n#gap-743162696 {\n  padding-top: 30px;\n}\n<\/style>\n\t<\/div>\n\t\n<a href=\"https:\/\/www.takustringmachines.com\/da\/kontakt\/\" target=\"_self\" class=\"button primary\"  style=\"border-radius:99px;\">\n    <span>Kontakt os<\/span>\n  <\/a>\n\n\t\t<\/div>\n\t\t\t\t\n<style>\n#col-177286858 > .col-inner {\n  padding: 0px 0px 0px 0px;\n}\n@media (min-width:550px) {\n  #col-177286858 > .col-inner {\n    padding: 0px 0px 0px 0px;\n  }\n}\n@media (min-width:850px) {\n  #col-177286858 > .col-inner {\n    padding: 0px 20px 0px 0px;\n  }\n}\n<\/style>\n\t<\/div>\n\n\t\n\n\t<div id=\"col-519304613\" class=\"col medium-12 small-12 large-6\"  >\n\t\t\t\t<div class=\"col-inner\"  >\n\t\t\t\n\t\t\t\n\t<div class=\"img has-hover x md-x lg-x y md-y lg-y\" id=\"image_1585152522\">\n\t\t\t\t\t\t\t\t<div class=\"img-inner image-cover box-shadow-1 box-shadow-5-hover dark\" style=\"padding-top:70%;\">\n\t\t\t<img loading=\"lazy\" decoding=\"async\" width=\"700\" height=\"450\" src=\"https:\/\/www.takustringmachines.com\/wp-content\/uploads\/2023\/05\/\u516c\u53f8\u7167\u7247700450-1.webp\" class=\"attachment-original size-original\" alt=\"\" srcset=\"https:\/\/www.takustringmachines.com\/wp-content\/uploads\/2023\/05\/\u516c\u53f8\u7167\u7247700450-1.webp 700w, https:\/\/www.takustringmachines.com\/wp-content\/uploads\/2023\/05\/\u516c\u53f8\u7167\u7247700450-1-300x193.webp 300w, https:\/\/www.takustringmachines.com\/wp-content\/uploads\/2023\/05\/\u516c\u53f8\u7167\u7247700450-1-600x386.webp 600w\" sizes=\"(max-width: 700px) 100vw, 700px\" \/>\t\t\t\t\t\t\n\t\t\t\t\t<\/div>\n\t\t\t\t\t\t\t\t\n<style>\n#image_1585152522 {\n  width: 100%;\n}\n<\/style>\n\t<\/div>\n\t\n\t\t<\/div>\n\t\t\t\t\n<style>\n#col-519304613 > .col-inner {\n  padding: 0px 0px 0px 0px;\n  border-radius: 8px;\n}\n@media (min-width:550px) {\n  #col-519304613 > .col-inner {\n    padding: 0px 0px 0px 0px;\n  }\n}\n@media (min-width:850px) {\n  #col-519304613 > .col-inner {\n    padding: 0px 0px 0px 20px;\n  }\n}\n<\/style>\n\t<\/div>\n\n\t\n<\/div>\n\t\t<\/div>\n\n\t\t\n<style>\n#section_16362984 {\n  padding-top: 30px;\n  padding-bottom: 30px;\n}\n#section_16362984 .ux-shape-divider--top svg {\n  height: 150px;\n  --divider-top-width: 100%;\n}\n#section_16362984 .ux-shape-divider--bottom svg {\n  height: 150px;\n  --divider-width: 100%;\n}\n@media (min-width:550px) {\n  #section_16362984 {\n    padding-top: 30px;\n    padding-bottom: 30px;\n  }\n}\n@media (min-width:850px) {\n  #section_16362984 {\n    padding-top: 80px;\n    padding-bottom: 80px;\n  }\n}\n<\/style>\n\t<\/section>\n\t\n\n\n\t<section class=\"section\" id=\"section_1432003600\">\n\t\t<div class=\"bg section-bg fill bg-fill  bg-loaded\" >\n\n\t\t\t\n\t\t\t<div class=\"section-bg-overlay absolute fill\"><\/div>\n\t\t\t\n\n\t\t<\/div>\n\n\t\t\n\n\t\t<div class=\"section-content relative\">\n\t\t\t\n\t<div id=\"gap-838453317\" class=\"gap-element clearfix\" style=\"display:block; height:auto;\">\n\t\t\n<style>\n#gap-838453317 {\n  padding-top: 30px;\n}\n<\/style>\n\t<\/div>\n\t\n<div class=\"row align-center\"  id=\"row-415319132\">\n\n\t<div id=\"col-1953500424\" class=\"col medium-10 small-12 large-10\"  >\n\t\t\t\t<div class=\"col-inner\"  >\n\t\t\t\n\t\t\t\n\t<div id=\"text-3495723298\" class=\"text\">\n\t\t\n<h2>MUSIKINSTRUMENT STRING FREMSTILLINGSUDSTYR OG L\u00d8SNING<\/h2>\n\t\t\n<style>\n#text-3495723298 {\n  font-size: 1.35rem;\n  text-align: center;\n  color: rgb(255,255,255);\n}\n#text-3495723298 > * {\n  color: rgb(255,255,255);\n}\n<\/style>\n\t<\/div>\n\t\n<div class=\"text-center\"><div class=\"is-divider divider clearfix\" style=\"background-color:rgb(255, 255, 255);\"><\/div><\/div>\n\t\t<\/div>\n\t\t\t\t\n<style>\n#col-1953500424 > .col-inner {\n  margin: 0px 0px -20px 0px;\n}\n<\/style>\n\t<\/div>\n\n\t\n<\/div>\n<div class=\"row\"  id=\"row-1938853313\">\n\n\t<div id=\"col-541819749\" class=\"col small-12 large-12\"  >\n\t\t\t\t<div class=\"col-inner text-center\"  >\n\t\t\t\n\t\t\t\n<a href=\"\/da\/shop\/\" target=\"_self\" class=\"button white\"  style=\"border-radius:99px;\">\n    <span>L\u00e6r mere<\/span>\n  <\/a>\n\n\t\t<\/div>\n\t\t\t\t\n<style>\n#col-541819749 > .col-inner {\n  margin: 0px 0px -20px 0px;\n}\n<\/style>\n\t<\/div>\n\n\t\n<\/div>\n\t\t<\/div>\n\n\t\t\n<style>\n#section_1432003600 {\n  padding-top: 30px;\n  padding-bottom: 30px;\n}\n#section_1432003600 .section-bg-overlay {\n  background-color: #003366;\n}\n#section_1432003600 .ux-shape-divider--top svg {\n  height: 150px;\n  --divider-top-width: 100%;\n}\n#section_1432003600 .ux-shape-divider--bottom svg {\n  height: 150px;\n  --divider-width: 100%;\n}\n<\/style>\n\t<\/section>\n\t\n\t<section class=\"section\" id=\"section_1093281916\">\n\t\t<div class=\"bg section-bg fill bg-fill  bg-loaded\" >\n\n\t\t\t\n\t\t\t\n\t\t\t\n\n\t\t<\/div>\n\n\t\t\n\n\t\t<div class=\"section-content relative\">\n\t\t\t\n<div class=\"row\"  id=\"row-746100664\">\n\n\t<div id=\"col-939582292\" class=\"col small-12 large-12\"  >\n\t\t\t\t<div class=\"col-inner\"  >\n\t\t\t\n\t\t\t\n\t<div id=\"gap-547409725\" class=\"gap-element clearfix hide-for-medium\" style=\"display:block; height:auto;\">\n\t\t\n<style>\n#gap-547409725 {\n  padding-top: 30px;\n}\n<\/style>\n\t<\/div>\n\t\n\t\t<\/div>\n\t\t\t\t\n<style>\n#col-939582292 > .col-inner {\n  margin: 0px 0px -20px 0px;\n}\n<\/style>\n\t<\/div>\n\n\t\n<\/div>\n<div class=\"row align-equal\" style=\"max-width:1400px\" id=\"row-1663942997\">\n\n\t<div id=\"col-1862424178\" class=\"col medium-12 small-12 large-6\"  >\n\t\t\t\t<div class=\"col-inner\"  >\n\t\t\t\n\t\t\t\n\t<div class=\"img has-hover x md-x lg-x y md-y lg-y\" id=\"image_895509762\">\n\t\t\t\t\t\t\t\t<div class=\"img-inner box-shadow-1 box-shadow-5-hover dark\" >\n\t\t\t<img loading=\"lazy\" decoding=\"async\" width=\"2560\" height=\"1449\" src=\"https:\/\/www.takustringmachines.com\/wp-content\/uploads\/2024\/06\/TAKU-Management-Team-scaled.webp\" class=\"attachment-original size-original\" alt=\"producent af strengudstyr\" srcset=\"https:\/\/www.takustringmachines.com\/wp-content\/uploads\/2024\/06\/TAKU-Management-Team-scaled.webp 2560w, https:\/\/www.takustringmachines.com\/wp-content\/uploads\/2024\/06\/TAKU-Management-Team-300x170.webp 300w, https:\/\/www.takustringmachines.com\/wp-content\/uploads\/2024\/06\/TAKU-Management-Team-1024x580.webp 1024w, https:\/\/www.takustringmachines.com\/wp-content\/uploads\/2024\/06\/TAKU-Management-Team-768x435.webp 768w, https:\/\/www.takustringmachines.com\/wp-content\/uploads\/2024\/06\/TAKU-Management-Team-1536x870.webp 1536w, https:\/\/www.takustringmachines.com\/wp-content\/uploads\/2024\/06\/TAKU-Management-Team-2048x1159.webp 2048w, https:\/\/www.takustringmachines.com\/wp-content\/uploads\/2024\/06\/TAKU-Management-Team-18x10.webp 18w, https:\/\/www.takustringmachines.com\/wp-content\/uploads\/2024\/06\/TAKU-Management-Team-600x340.webp 600w\" sizes=\"(max-width: 2560px) 100vw, 2560px\" \/>\t\t\t\t\t\t\n\t\t\t\t\t<\/div>\n\t\t\t\t\t\t\t\t\n<style>\n#image_895509762 {\n  width: 100%;\n}\n@media (min-width:550px) {\n  #image_895509762 {\n    width: 100%;\n  }\n}\n<\/style>\n\t<\/div>\n\t\n\t\t<\/div>\n\t\t\t\t\n<style>\n#col-1862424178 > .col-inner {\n  padding: 0px 0px 0px 0px;\n}\n@media (min-width:550px) {\n  #col-1862424178 > .col-inner {\n    padding: 0px 0px 0px 0px;\n  }\n}\n@media (min-width:850px) {\n  #col-1862424178 > .col-inner {\n    padding: 0px 30px 0px 0px;\n  }\n}\n<\/style>\n\t<\/div>\n\n\t\n\n\t<div id=\"col-2000525825\" class=\"col medium-12 small-12 large-6 medium-col-first\"  >\n\t\t\t\t<div class=\"col-inner\"  >\n\t\t\t\n\t\t\t\n\t<div id=\"text-2342781793\" class=\"text\">\n\t\t\n<h2>VIRKSOMHEDSTEAM<\/h2>\n\t\t\n<style>\n#text-2342781793 {\n  font-size: 1rem;\n}\n@media (min-width:550px) {\n  #text-2342781793 {\n    font-size: 1rem;\n  }\n}\n@media (min-width:850px) {\n  #text-2342781793 {\n    font-size: 1.3rem;\n  }\n}\n<\/style>\n\t<\/div>\n\t\n<div class=\"is-divider divider clearfix\" style=\"max-width:50px;height:4px;background-color:rgb(0, 51, 102);\"><\/div>\n\t<div id=\"gap-1572257974\" class=\"gap-element clearfix\" style=\"display:block; height:auto;\">\n\t\t\n<style>\n#gap-1572257974 {\n  padding-top: 20px;\n}\n<\/style>\n\t<\/div>\n\t\n<p>I vores virksomhed er vi stolte af at have et h\u00f8jt kvalificeret og dedikeret team, der driver vores succes. Fra vores vision\u00e6re ledere og talentfulde ingeni\u00f8rer til vores kundefokuserede salgs- og servicemedarbejdere, spiller hvert medlem en afg\u00f8rende rolle i at levere exceptionelle resultater. Sammen udnytter vi vores kollektive ekspertise til at levere innovative l\u00f8sninger og uovertruffen support til vores kunder. Med vores team ved din side kan du stole p\u00e5, at vi styrker din succes i strengfremstillingsindustrien.<\/p>\n\t<div id=\"gap-626775314\" class=\"gap-element clearfix\" style=\"display:block; height:auto;\">\n\t\t\n<style>\n#gap-626775314 {\n  padding-top: 30px;\n}\n<\/style>\n\t<\/div>\n\t\n<a href=\"https:\/\/www.takustringmachines.com\/da\/kontakt\/\" target=\"_self\" class=\"button primary\"  style=\"border-radius:99px;\">\n    <span>Slut dig til os nu<\/span>\n  <\/a>\n\n\t\t<\/div>\n\t\t\t\t\n<style>\n#col-2000525825 > .col-inner {\n  padding: 0px 0px 0px 0px;\n}\n@media (min-width:550px) {\n  #col-2000525825 > .col-inner {\n    padding: 0px 0px 0px 0px;\n  }\n}\n@media (min-width:850px) {\n  #col-2000525825 > .col-inner {\n    padding: 0px 90px 0px 30px;\n  }\n}\n<\/style>\n\t<\/div>\n\n\t\n<\/div>\n<div class=\"row align-middle align-center\"  id=\"row-94342155\">\n\n\t<div id=\"col-1875443212\" class=\"col medium-6 small-12 large-6\"  >\n\t\t\t\t<div class=\"col-inner\"  >\n\t\t\t\n\t\t\t\n\t<div id=\"gap-1056473603\" class=\"gap-element clearfix\" style=\"display:block; height:auto;\">\n\t\t\n<style>\n#gap-1056473603 {\n  padding-top: 0px;\n}\n<\/style>\n\t<\/div>\n\t\n\t\t<\/div>\n\t\t\t\t\t<\/div>\n\n\t\n<\/div>\n\t\t<\/div>\n\n\t\t\n<style>\n#section_1093281916 {\n  padding-top: 0px;\n  padding-bottom: 0px;\n}\n#section_1093281916 .ux-shape-divider--top svg {\n  height: 150px;\n  --divider-top-width: 100%;\n}\n#section_1093281916 .ux-shape-divider--bottom svg {\n  height: 150px;\n  --divider-width: 100%;\n}\n@media (min-width:550px) {\n  #section_1093281916 {\n    padding-top: 0px;\n    padding-bottom: 0px;\n  }\n}\n@media (min-width:850px) {\n  #section_1093281916 {\n    padding-top: 50px;\n    padding-bottom: 50px;\n  }\n}\n<\/style>\n\t<\/section>","protected":false},"excerpt":{"rendered":"","protected":false},"author":1,"featured_media":0,"parent":0,"menu_order":0,"comment_status":"closed","ping_status":"closed","template":"page-blank.php","meta":{"footnotes":""},"yoast_head":"<!-- This site is optimized with the Yoast SEO plugin v22.5 - https:\/\/yoast.com\/wordpress\/plugins\/seo\/ -->\n<title>About - TAKU<\/title>\n<meta name=\"robots\" content=\"index, follow, max-snippet:-1, max-image-preview:large, max-video-preview:-1\" \/>\n<link rel=\"canonical\" href=\"https:\/\/www.takustringmachines.com\/da\/om\/\" \/>\n<meta property=\"og:locale\" content=\"da_DK\" \/>\n<meta property=\"og:type\" content=\"article\" \/>\n<meta property=\"og:title\" content=\"About - TAKU\" \/>\n<meta property=\"og:url\" content=\"https:\/\/www.takustringmachines.com\/da\/om\/\" \/>\n<meta property=\"og:site_name\" content=\"TAKU\" \/>\n<meta property=\"article:modified_time\" content=\"2024-06-10T17:44:22+00:00\" \/>\n<meta name=\"twitter:card\" content=\"summary_large_image\" \/>\n<meta name=\"twitter:label1\" content=\"Estimeret l\u00e6setid\" \/>\n\t<meta name=\"twitter:data1\" content=\"4 minutter\" \/>\n<script type=\"application\/ld+json\" class=\"yoast-schema-graph\">{\"@context\":\"https:\/\/schema.org\",\"@graph\":[{\"@type\":\"WebPage\",\"@id\":\"https:\/\/www.takustringmachines.com\/about\/\",\"url\":\"https:\/\/www.takustringmachines.com\/about\/\",\"name\":\"About - TAKU\",\"isPartOf\":{\"@id\":\"https:\/\/www.takustringmachines.com\/#website\"},\"datePublished\":\"2023-03-05T10:39:43+00:00\",\"dateModified\":\"2024-06-10T17:44:22+00:00\",\"breadcrumb\":{\"@id\":\"https:\/\/www.takustringmachines.com\/about\/#breadcrumb\"},\"inLanguage\":\"da-DK\",\"potentialAction\":[{\"@type\":\"ReadAction\",\"target\":[\"https:\/\/www.takustringmachines.com\/about\/\"]}]},{\"@type\":\"BreadcrumbList\",\"@id\":\"https:\/\/www.takustringmachines.com\/about\/#breadcrumb\",\"itemListElement\":[{\"@type\":\"ListItem\",\"position\":1,\"name\":\"Home\",\"item\":\"https:\/\/www.takustringmachines.com\/\"},{\"@type\":\"ListItem\",\"position\":2,\"name\":\"About\"}]},{\"@type\":\"WebSite\",\"@id\":\"https:\/\/www.takustringmachines.com\/#website\",\"url\":\"https:\/\/www.takustringmachines.com\/\",\"name\":\"TAKU\",\"description\":\"String Machine\",\"potentialAction\":[{\"@type\":\"SearchAction\",\"target\":{\"@type\":\"EntryPoint\",\"urlTemplate\":\"https:\/\/www.takustringmachines.com\/?s={search_term_string}\"},\"query-input\":\"required name=search_term_string\"}],\"inLanguage\":\"da-DK\"}]}<\/script>\n<!-- \/ Yoast SEO plugin. -->","yoast_head_json":{"title":"About - TAKU","robots":{"index":"index","follow":"follow","max-snippet":"max-snippet:-1","max-image-preview":"max-image-preview:large","max-video-preview":"max-video-preview:-1"},"canonical":"https:\/\/www.takustringmachines.com\/da\/om\/","og_locale":"da_DK","og_type":"article","og_title":"About - TAKU","og_url":"https:\/\/www.takustringmachines.com\/da\/om\/","og_site_name":"TAKU","article_modified_time":"2024-06-10T17:44:22+00:00","twitter_card":"summary_large_image","twitter_misc":{"Estimeret l\u00e6setid":"4 minutter"},"schema":{"@context":"https:\/\/schema.org","@graph":[{"@type":"WebPage","@id":"https:\/\/www.takustringmachines.com\/about\/","url":"https:\/\/www.takustringmachines.com\/about\/","name":"About - TAKU","isPartOf":{"@id":"https:\/\/www.takustringmachines.com\/#website"},"datePublished":"2023-03-05T10:39:43+00:00","dateModified":"2024-06-10T17:44:22+00:00","breadcrumb":{"@id":"https:\/\/www.takustringmachines.com\/about\/#breadcrumb"},"inLanguage":"da-DK","potentialAction":[{"@type":"ReadAction","target":["https:\/\/www.takustringmachines.com\/about\/"]}]},{"@type":"BreadcrumbList","@id":"https:\/\/www.takustringmachines.com\/about\/#breadcrumb","itemListElement":[{"@type":"ListItem","position":1,"name":"Home","item":"https:\/\/www.takustringmachines.com\/"},{"@type":"ListItem","position":2,"name":"About"}]},{"@type":"WebSite","@id":"https:\/\/www.takustringmachines.com\/#website","url":"https:\/\/www.takustringmachines.com\/","name":"TAKU","description":"String Machine","potentialAction":[{"@type":"SearchAction","target":{"@type":"EntryPoint","urlTemplate":"https:\/\/www.takustringmachines.com\/?s={search_term_string}"},"query-input":"required name=search_term_string"}],"inLanguage":"da-DK"}]}},"_links":{"self":[{"href":"https:\/\/www.takustringmachines.com\/da\/wp-json\/wp\/v2\/pages\/25"}],"collection":[{"href":"https:\/\/www.takustringmachines.com\/da\/wp-json\/wp\/v2\/pages"}],"about":[{"href":"https:\/\/www.takustringmachines.com\/da\/wp-json\/wp\/v2\/types\/page"}],"author":[{"embeddable":true,"href":"https:\/\/www.takustringmachines.com\/da\/wp-json\/wp\/v2\/users\/1"}],"replies":[{"embeddable":true,"href":"https:\/\/www.takustringmachines.com\/da\/wp-json\/wp\/v2\/comments?post=25"}],"version-history":[{"count":1,"href":"https:\/\/www.takustringmachines.com\/da\/wp-json\/wp\/v2\/pages\/25\/revisions"}],"predecessor-version":[{"id":1876,"href":"https:\/\/www.takustringmachines.com\/da\/wp-json\/wp\/v2\/pages\/25\/revisions\/1876"}],"wp:attachment":[{"href":"https:\/\/www.takustringmachines.com\/da\/wp-json\/wp\/v2\/media?parent=25"}],"curies":[{"name":"wp","href":"https:\/\/api.w.org\/{rel}","templated":true}]}}