{"id":1599,"date":"2023-06-20T07:41:08","date_gmt":"2023-06-20T07:41:08","guid":{"rendered":"https:\/\/www.takustringmachines.com\/?post_type=product&#038;p=1599"},"modified":"2025-11-14T08:42:44","modified_gmt":"2025-11-14T08:42:44","slug":"string-ballends","status":"publish","type":"product","link":"https:\/\/www.takustringmachines.com\/cs\/manufacturer\/strunne-balendy\/","title":{"rendered":"Pr\u00e9miov\u00e9 kulov\u00e9 koncovky pro kytarov\u00e9 a basov\u00e9 struny"},"content":{"rendered":"<div class=\"video video-fit mb\" style=\"padding-top:56.25%;\"><p><iframe loading=\"lazy\" title=\"V\u00edcebarevn\u00e9 kuli\u010dky pro kytarov\u00e9 a baskytarov\u00e9 struny #kytarov\u00e9 struny #basov\u00e9 struny #kytarov\u00e9 d\u00edly #kuli\u010dkov\u00e9 koncovky\" width=\"563\" height=\"1000\" src=\"https:\/\/www.youtube.com\/embed\/nqlkWnEVhOw?feature=oembed\" frameborder=\"0\" allow=\"accelerometer; autoplay; clipboard-write; encrypted-media; gyroscope; picture-in-picture; web-share\" referrerpolicy=\"strict-origin-when-cross-origin\" allowfullscreen><\/iframe><\/p>\n<\/div>\n<h3>Popis<\/h3>\n<p>Materi\u00e1l: Voln\u00e9 \u0159ezn\u00e9 \u017eelezo<\/p>\n<p>Povrchov\u00e1 \u00faprava: mosaz \/ niklov\u00e1n\u00ed \/ chromov\u00e1n\u00ed \/ v\u00edcebarevn\u00fd povlak<\/p>\n<h3>Rozm\u011br kulov\u00fdch zakon\u010den\u00ed strun akustick\u00e9 \/ elektrick\u00e9 kytary<\/h3>\n<ul>\n<li>Vn\u011bj\u0161\u00ed pr\u016fm\u011br: 4 mm<\/li>\n<li>Vnit\u0159n\u00ed pr\u016fm\u011br: 2,3 mm<\/li>\n<li>V\u00fd\u0161ka: 2,85 mm<\/li>\n<li>Dr\u00e1\u017eka: 0,72 mm<\/li>\n<\/ul>\n<h3>Basov\u00e1 kytara struna kon\u010d\u00ed rozm\u011br<\/h3>\n<ul>\n<li>Vn\u011bj\u0161\u00ed pr\u016fm\u011br: 6mm<\/li>\n<li>Vnit\u0159n\u00ed pr\u016fm\u011br: 3mm<\/li>\n<li>V\u00fd\u0161ka: 4,9 mm<\/li>\n<li>Dr\u00e1\u017eka: 1mm<\/li>\n<\/ul>\n<h3 data-zone-id=\"0\" data-line-index=\"0\" data-line=\"true\">K dispozici jsou bezplatn\u00e9 vzorky<\/h3>\n<h3 data-zone-id=\"0\" data-line-index=\"0\" data-line=\"true\">Slu\u017eba p\u0159izp\u016fsoben\u00ed<\/h3>\n<div data-zone-id=\"0\" data-line-index=\"0\" data-line=\"true\">Uv\u00edt\u00e1me p\u0159izp\u016fsoben\u00ed podle va\u0161ich po\u017eadovan\u00fdch tvar\u016f, velikost\u00ed a barev. Nechte n\u00e1s vytvo\u0159it perfektn\u00ed kulov\u00e9 koncovky pro va\u0161e hudebn\u00ed struny.<\/div>\n<div data-zone-id=\"0\" data-line-index=\"0\" data-line=\"true\"><\/div>\n<div class=\"row\"  id=\"row-1817835975\">\n\n\t<div id=\"col-967617722\" class=\"col small-12 large-12\"  >\n\t\t\t\t<div class=\"col-inner\"  >\n\t\t\t\n\t\t\t\n<div class=\"row\"  id=\"row-1414456573\">\n\n\t<div id=\"col-379033813\" class=\"col small-12 large-12\"  >\n\t\t\t\t<div class=\"col-inner\"  >\n\t\t\t\n\t\t\t\n\t<div id=\"gap-1593352297\" class=\"gap-element clearfix\" style=\"display:block; height:auto;\">\n\t\t\n<style>\n#gap-1593352297 {\n  padding-top: 30px;\n}\n<\/style>\n\t<\/div>\n\t\n<div class=\"container section-title-container\" ><h2 class=\"section-title section-title-center\"><b><\/b><span class=\"section-title-main\" >\u010cast\u00e9 dotazy ohledn\u011b kulov\u00fdch koncovek<\/span><b><\/b><\/h2><\/div>\n<div class=\"row\"  id=\"row-1492141741\">\n\n\t<div id=\"col-1871914905\" class=\"col small-12 large-12\"  >\n\t\t\t\t<div class=\"col-inner\"  >\n\t\t\t\n\t\t\t\n<div class=\"accordion\">\n<div id=\"accordion-3604274646\" class=\"accordion-item\"><a id=\"accordion-3604274646-label\" href=\"#\" class=\"accordion-title plain\" aria-expanded=\"false\" aria-controls=\"accordion-3604274646-content\"><button class=\"toggle\" aria-label=\"P\u0159epnout\"><i class=\"icon-angle-down\"><\/i><\/button><span>Jsou va\u0161e kulov\u00e9 konce kompatibiln\u00ed s na\u0161\u00edm strunov\u00fdm strojem?<\/span><\/a><div id=\"accordion-3604274646-content\" class=\"accordion-inner\" aria-labelledby=\"accordion-3604274646-label\">\n<div id=\"text-593292737\" class=\"text\">\n<p>Na\u0161e kulov\u00e9 konce se dod\u00e1vaj\u00ed v r\u016fzn\u00fdch velikostech, aby vyhovovaly r\u016fzn\u00fdm n\u00e1stroj\u016fm. Nap\u0159\u00edklad kulov\u00fd konec o pr\u016fm\u011bru 4 mm je obecn\u011b kompatibiln\u00ed s kytarov\u00fdmi strunami, zat\u00edmco kulov\u00fd konec o pr\u016fm\u011bru 6 mm je vhodn\u00fd pro basov\u00e9 struny. R\u00e1di v\u00e1m poskytneme vzorky zdarma k testov\u00e1n\u00ed, abychom zajistili, \u017ee budou perfektn\u011b vyhovovat va\u0161im konkr\u00e9tn\u00edm pot\u0159eb\u00e1m.<\/p>\n<\/div>\n<\/div><\/div>\n<div id=\"accordion-2668034208\" class=\"accordion-item\"><a id=\"accordion-2668034208-label\" href=\"#\" class=\"accordion-title plain\" aria-expanded=\"false\" aria-controls=\"accordion-2668034208-content\"><button class=\"toggle\" aria-label=\"P\u0159epnout\"><i class=\"icon-angle-down\"><\/i><\/button><span>Jsou va\u0161e kulov\u00e9 koncovky vyrobeny z odoln\u00fdch materi\u00e1l\u016f?<\/span><\/a><div id=\"accordion-2668034208-content\" class=\"accordion-inner\" aria-labelledby=\"accordion-2668034208-label\">\n<p>Ano, na\u0161e kulov\u00e9 konce jsou vyrobeny z vysoce kvalitn\u00edch materi\u00e1l\u016f, jako je nerezov\u00e1 ocel nebo mosaz, co\u017e zaji\u0161\u0165uje odolnost a dlouhou \u017eivotnost.<\/p>\n<\/div><\/div>\n<div id=\"accordion-110147493\" class=\"accordion-item\"><a id=\"accordion-110147493-label\" href=\"#\" class=\"accordion-title plain\" aria-expanded=\"false\" aria-controls=\"accordion-110147493-content\"><button class=\"toggle\" aria-label=\"P\u0159epnout\"><i class=\"icon-angle-down\"><\/i><\/button><span>Mohu upravit velikost kulov\u00fdch konc\u016f tak, aby vyhovovaly strun\u00e1m m\u00e9 kytary?<\/span><\/a><div id=\"accordion-110147493-content\" class=\"accordion-inner\" aria-labelledby=\"accordion-110147493-label\">\n<p>Ano, nab\u00edz\u00edme p\u0159izp\u016fsobiteln\u00e9 velikosti pro na\u0161e kulov\u00e9 konce, abychom zajistili dokonal\u00e9 p\u0159izp\u016fsoben\u00ed pro va\u0161e konkr\u00e9tn\u00ed m\u011b\u0159idla a pr\u016fm\u011bry kytarov\u00fdch strun. Krom\u011b toho nab\u00edz\u00edme p\u0159izp\u016fsoben\u00e9 logo na m\u00ed\u010d\u00edch, pokud m\u00e1te speci\u00e1ln\u00ed po\u017eadavek.<\/p>\n<\/div><\/div>\n<\/div>\n<div class=\"accordion\">\n<div id=\"accordion-3305729843\" class=\"accordion-item\"><a id=\"accordion-3305729843-label\" href=\"#\" class=\"accordion-title plain\" aria-expanded=\"false\" aria-controls=\"accordion-3305729843-content\"><button class=\"toggle\" aria-label=\"P\u0159epnout\"><i class=\"icon-angle-down\"><\/i><\/button><span>Nab\u00edz\u00edte r\u016fzn\u00e9 barvy koncovek kuli\u010dek?<\/span><\/a><div id=\"accordion-3305729843-content\" class=\"accordion-inner\" aria-labelledby=\"accordion-3305729843-label\">\n<p>Ano, nab\u00edz\u00edme r\u016fzn\u00e9 barvy pro na\u0161e kulov\u00e9 konce, co\u017e v\u00e1m umo\u017en\u00ed p\u0159idat personalizovan\u00fd n\u00e1dech va\u0161ich kytarov\u00fdch strun. Vyberte si z klasick\u00fdch st\u0159\u00edbrn\u00fdch, zlat\u00fdch, \u010dern\u00fdch nebo jin\u00fdch z\u00e1\u0159iv\u00fdch barev, kter\u00e9 budou odpov\u00eddat va\u0161emu stylu. Pokud d\u00e1v\u00e1te p\u0159ednost speci\u00e1ln\u00ed barv\u011b, nab\u00eddneme v\u00e1m p\u0159izp\u016fsobenou barvu podle v\u00e1mi poskytnut\u00e9ho \u010d\u00edsla Pantone.<\/p>\n<\/div><\/div>\n<div id=\"accordion-4158430293\" class=\"accordion-item\"><a id=\"accordion-4158430293-label\" href=\"#\" class=\"accordion-title plain\" aria-expanded=\"false\" aria-controls=\"accordion-4158430293-content\"><button class=\"toggle\" aria-label=\"P\u0159epnout\"><i class=\"icon-angle-down\"><\/i><\/button><span>Existuje minim\u00e1ln\u00ed objednac\u00ed mno\u017estv\u00ed pro va\u0161e kulov\u00e9 koncovky?<\/span><\/a><div id=\"accordion-4158430293-content\" class=\"accordion-inner\" aria-labelledby=\"accordion-4158430293-label\">\n<p>Ano, m\u00e1me minim\u00e1ln\u00ed objednan\u00e9 mno\u017estv\u00ed na\u0161ich kulov\u00fdch koncovek. Konkr\u00e9tn\u00ed minim\u00e1ln\u00ed objednac\u00ed mno\u017estv\u00ed se m\u016f\u017ee li\u0161it v z\u00e1vislosti na typu a velikosti kulov\u00fdch koncovek, kter\u00e9 po\u017eadujete. Kontaktujte pros\u00edm n\u00e1\u0161 prodejn\u00ed t\u00fdm pro v\u00edce informac\u00ed o minim\u00e1ln\u00edm objednac\u00edm mno\u017estv\u00ed a pro projedn\u00e1n\u00ed va\u0161ich specifick\u00fdch pot\u0159eb.<\/p>\n<\/div><\/div>\n<\/div>\n\t\t<\/div>\n\t\t\t\t\t<\/div>\n\n\t\n<\/div>\n\t\t<\/div>\n\t\t\t\t\t<\/div>\n\n\t\n<\/div>\n<div class=\"container section-title-container\" ><h2 class=\"section-title section-title-center\"><b><\/b><span class=\"section-title-main\" >Kontaktujte n\u00e1s<\/span><b><\/b><\/h2><\/div>\n\t<div id=\"gap-935136671\" class=\"gap-element clearfix\" style=\"display:block; height:auto;\">\n\t\t\n<style>\n#gap-935136671 {\n  padding-top: 20px;\n}\n<\/style>\n\t<\/div>\n\t\n\n<div class=\"wpcf7 no-js\" id=\"wpcf7-f280-o1\" lang=\"en-US\" dir=\"ltr\">\n<div class=\"screen-reader-response\"><p role=\"status\" aria-live=\"polite\" aria-atomic=\"true\"><\/p> <ul><\/ul><\/div>\n<form action=\"\/cs\/wp-json\/wp\/v2\/product\/1599#wpcf7-f280-o1\" method=\"post\" class=\"wpcf7-form init\" aria-label=\"Kontaktn\u00ed formul\u00e1\u0159\" novalidate=\"novalidate\" data-status=\"init\" data-trp-original-action=\"\/cs\/wp-json\/wp\/v2\/product\/1599#wpcf7-f280-o1\">\n<div style=\"display: none;\">\n<input type=\"hidden\" name=\"_wpcf7\" value=\"280\" \/>\n<input type=\"hidden\" name=\"_wpcf7_version\" value=\"5.9.3\" \/>\n<input type=\"hidden\" name=\"_wpcf7_locale\" value=\"en_US\" \/>\n<input type=\"hidden\" name=\"_wpcf7_unit_tag\" value=\"wpcf7-f280-o1\" \/>\n<input type=\"hidden\" name=\"_wpcf7_container_post\" value=\"0\" \/>\n<input type=\"hidden\" name=\"_wpcf7_posted_data_hash\" value=\"\" \/>\n<\/div>\n<div class='custom_contact_style'>\n\t<div class=\"row row-small\">\n\t\t<div class=\"col medium-6 small-12 large-6\">\n\t\t\t<div class=\"col-inner\">\n\t\t\t\t<p><span class=\"wpcf7-form-control-wrap\" data-name=\"your-name\"><input size=\"40\" class=\"wpcf7-form-control wpcf7-text wpcf7-validates-as-required\" aria-required=\"true\" aria-invalid=\"false\" placeholder=\"N\u00e1zev*\" value=\"\" type=\"text\" name=\"your-name\" \/><\/span>\n\t\t\t\t<\/p>\n\t\t\t<\/div>\n\t\t<\/div>\n\t\t<div class=\"col medium-6 small-12 large-6\">\n\t\t\t<div class=\"col-inner\">\n\t\t\t\t<p><span class=\"wpcf7-form-control-wrap\" data-name=\"your-email\"><input size=\"40\" class=\"wpcf7-form-control wpcf7-email wpcf7-validates-as-required wpcf7-text wpcf7-validates-as-email\" aria-required=\"true\" aria-invalid=\"false\" placeholder=\"E-mailem*\" value=\"\" type=\"email\" name=\"your-email\" \/><\/span>\n\t\t\t\t<\/p>\n\t\t\t<\/div>\n\t\t<\/div>\n\t<\/div>\n\t<div class='cus_contact_form_bottom'>\n\t\t<p><span class=\"wpcf7-form-control-wrap\" data-name=\"your-phone\"><input size=\"40\" class=\"wpcf7-form-control wpcf7-tel wpcf7-validates-as-required wpcf7-text wpcf7-validates-as-tel\" aria-required=\"true\" aria-invalid=\"false\" placeholder=\"Telefon *\" value=\"\" type=\"tel\" name=\"your-phone\" \/><\/span>\n\t\t<\/p>\n\t<\/div>\n\t<div class='cus_contact_form_bottom'>\n\t\t<p><span class=\"wpcf7-form-control-wrap\" data-name=\"your-company\"><input size=\"40\" class=\"wpcf7-form-control wpcf7-text wpcf7-validates-as-required\" aria-required=\"true\" aria-invalid=\"false\" placeholder=\"Spole\u010dnost *\" value=\"\" type=\"text\" name=\"your-company\" \/><\/span>\n\t\t<\/p>\n\t<\/div>\n\t<div class='cus_contact_form_bottom'>\n\t\t<p><span class=\"wpcf7-form-control-wrap\" data-name=\"your-country\"><input size=\"40\" class=\"wpcf7-form-control wpcf7-text\" aria-invalid=\"false\" placeholder=\"Zem\u011b\" value=\"\" type=\"text\" name=\"your-country\" \/><\/span>\n\t\t<\/p>\n\t<\/div>\n\t<p><span class=\"wpcf7-form-control-wrap\" data-name=\"your-message\"><textarea cols=\"40\" rows=\"10\" class=\"wpcf7-form-control wpcf7-textarea wpcf7-validates-as-required\" aria-required=\"true\" aria-invalid=\"false\" placeholder=\"Va\u0161e zpr\u00e1va *\" name=\"your-message\"><\/textarea><\/span>\n\t<\/p>\n\t<div style=\"margin-bottom:10px;\">\n\t\t<p><span class=\"wpcf7-form-control-wrap kc_captcha cf7ic-toggle\" data-name=\"kc_captcha\"><span class=\"wpcf7-form-control wpcf7-radio\"><span class=\"captcha-image\" style=\"display: none;\"><span class=\"cf7ic_instructions\">Proka\u017ete pros\u00edm, \u017ee jste \u010dlov\u011bk, v\u00fdb\u011brem<span> n\u00e1kladn\u00ed auto<\/span>.<\/span><label><input type=\"radio\" name=\"kc_captcha\" value=\"bot\" \/><svg width=\"50\" height=\"50\" aria-hidden=\"true\" role=\"img\" xmlns=\"http:\/\/www.w3.org\/2000\/svg\" viewbox=\"0 0 640 512\"><path fill=\"currentColor\" d=\"M192 384h192c53 0 96-43 96-96h32a128 128 0 000-256H120c-13 0-24 11-24 24v232c0 53 43 96 96 96zM512 96a64 64 0 010 128h-32V96h32zm48 384H48c-47 0-61-64-36-64h584c25 0 11 64-36 64z\"\/><\/svg><\/label><label><input type=\"radio\" name=\"kc_captcha\" value=\"bot\" \/><svg width=\"50\" height=\"50\" aria-hidden=\"true\" role=\"img\" xmlns=\"http:\/\/www.w3.org\/2000\/svg\" viewbox=\"0 0 512 512\"><path fill=\"currentColor\" d=\"M512 176a176 176 0 01-209 173l-24 27a24 24 0 01-18 8h-37v40c0 13-11 24-24 24h-40v40c0 13-11 24-24 24H24c-13 0-24-11-24-24v-78c0-6 3-13 7-17l162-162a176 176 0 11343-55zm-176-48a48 48 0 1096 0 48 48 0 00-96 0z\"\/><\/svg><\/label><label><input type=\"radio\" name=\"kc_captcha\" value=\"kc_human\" \/><svg width=\"50\" height=\"50\" aria-hidden=\"true\" role=\"img\" xmlns=\"http:\/\/www.w3.org\/2000\/svg\" viewbox=\"0 0 640 512\"><path fill=\"currentColor\" d=\"M624 352h-16V244c0-13-5-25-14-34L494 110c-9-9-21-14-34-14h-44V48c0-26-21-48-48-48H48C22 0 0 22 0 48v320c0 27 22 48 48 48h16a96 96 0 00192 0h128a96 96 0 00192 0h48c9 0 16-7 16-16v-32c0-9-7-16-16-16zM160 464a48 48 0 110-96 48 48 0 010 96zm320 0a48 48 0 110-96 48 48 0 010 96zm80-208H416V144h44l100 100v12z\"\/><\/svg><\/label>\r\n    <\/span>\r\n    <span style=\"display:none\">\r\n        <input type=\"text\" name=\"kc_honeypot\">\r\n    <\/span><\/span><\/span>\n\t\t<\/p>\n\t<\/div>\n\t<p><input class=\"wpcf7-form-control wpcf7-submit has-spinner\" type=\"submit\" value=\"Poslat zpr\u00e1vu\" \/>\n\t<\/p>\n<\/div>\n<input class=\"wpcf7-form-control wpcf7-hidden\" value=\"\" type=\"hidden\" name=\"your-page-title\" \/>\n<input class=\"wpcf7-form-control wpcf7-hidden\" value=\"\" type=\"hidden\" name=\"your-page-url\" \/><div class=\"wpcf7-response-output\" aria-hidden=\"true\"><\/div>\n<input type=\"hidden\" name=\"trp-form-language\" value=\"cs\"\/><\/form>\n<\/div>\n\n\t\t<\/div>\n\t\t\t\t\t<\/div>\n\n\t\n<\/div>","protected":false},"excerpt":{"rendered":"<p>Vylep\u0161ete sv\u016fj v\u00fdrobn\u00ed proces hudebn\u00edch strun pomoc\u00ed na\u0161eho univerz\u00e1ln\u00edho designu kulov\u00e9ho konce. N\u00e1\u0161 kulov\u00fd konec z nerezov\u00e9 oceli, kter\u00fd lze p\u0159ipojit k \u0161estihrann\u00e9mu i kulat\u00e9mu dr\u00e1tu, se z\u00e1mkem nebo bez n\u011bj, zaru\u010duje vysokou p\u0159esnost a je galvanicky pokoven v \u0159ad\u011b z\u00e1\u0159iv\u00fdch barev. Za\u017eijte hladk\u00fd dotek a prvot\u0159\u00eddn\u00ed kvalitu s ka\u017edou strunou. V\u00edt\u00e1me vlastn\u00ed velikosti a barvy, kter\u00e9 spl\u0148uj\u00ed va\u0161e specifick\u00e9 po\u017eadavky.<\/p>","protected":false},"featured_media":1603,"comment_status":"open","ping_status":"closed","template":"","meta":[],"product_cat":[22],"product_tag":[43],"yoast_head":"<!-- This site is optimized with the Yoast SEO plugin v22.5 - https:\/\/yoast.com\/wordpress\/plugins\/seo\/ -->\n<title>Multi-color Guitar String Ball Ends<\/title>\n<meta name=\"description\" content=\"Discover our premium-quality multi-color ball ends, perfect for enhancing the aesthetics and performance of your guitar strings. Elevate your music experience with vibrant colors and exceptional craftsmanship. Explore our collection today.\" \/>\n<meta name=\"robots\" content=\"index, follow, max-snippet:-1, max-image-preview:large, max-video-preview:-1\" \/>\n<link rel=\"canonical\" href=\"https:\/\/www.takustringmachines.com\/cs\/manufacturer\/strunne-balendy\/\" \/>\n<meta property=\"og:locale\" content=\"cs_CZ\" \/>\n<meta property=\"og:type\" content=\"article\" \/>\n<meta property=\"og:title\" content=\"Multi-color Guitar String Ball Ends\" \/>\n<meta property=\"og:description\" content=\"Discover our premium-quality multi-color ball ends, perfect for enhancing the aesthetics and performance of your guitar strings. Elevate your music experience with vibrant colors and exceptional craftsmanship. Explore our collection today.\" \/>\n<meta property=\"og:url\" content=\"https:\/\/www.takustringmachines.com\/cs\/manufacturer\/strunne-balendy\/\" \/>\n<meta property=\"og:site_name\" content=\"TAKU\" \/>\n<meta property=\"article:modified_time\" content=\"2025-11-14T08:42:44+00:00\" \/>\n<meta property=\"og:image\" content=\"https:\/\/www.takustringmachines.com\/wp-content\/uploads\/2023\/06\/Multi-color-ball-ends-1000x1000-1.webp\" \/>\n\t<meta property=\"og:image:width\" content=\"1000\" \/>\n\t<meta property=\"og:image:height\" content=\"1000\" \/>\n\t<meta property=\"og:image:type\" content=\"image\/webp\" \/>\n<meta name=\"twitter:card\" content=\"summary_large_image\" \/>\n<meta name=\"twitter:label1\" content=\"Odhadovan\u00e1 doba \u010dten\u00ed\" \/>\n\t<meta name=\"twitter:data1\" content=\"2 minuty\" \/>\n<script type=\"application\/ld+json\" class=\"yoast-schema-graph\">{\"@context\":\"https:\/\/schema.org\",\"@graph\":[{\"@type\":\"WebPage\",\"@id\":\"https:\/\/www.takustringmachines.com\/manufacturer\/string-ballends\/\",\"url\":\"https:\/\/www.takustringmachines.com\/manufacturer\/string-ballends\/\",\"name\":\"Multi-color Guitar String Ball Ends\",\"isPartOf\":{\"@id\":\"https:\/\/www.takustringmachines.com\/#website\"},\"primaryImageOfPage\":{\"@id\":\"https:\/\/www.takustringmachines.com\/manufacturer\/string-ballends\/#primaryimage\"},\"image\":{\"@id\":\"https:\/\/www.takustringmachines.com\/manufacturer\/string-ballends\/#primaryimage\"},\"thumbnailUrl\":\"https:\/\/www.takustringmachines.com\/wp-content\/uploads\/2023\/06\/Multi-color-ball-ends-1000x1000-1.webp\",\"datePublished\":\"2023-06-20T07:41:08+00:00\",\"dateModified\":\"2025-11-14T08:42:44+00:00\",\"description\":\"Discover our premium-quality multi-color ball ends, perfect for enhancing the aesthetics and performance of your guitar strings. Elevate your music experience with vibrant colors and exceptional craftsmanship. Explore our collection today.\",\"breadcrumb\":{\"@id\":\"https:\/\/www.takustringmachines.com\/manufacturer\/string-ballends\/#breadcrumb\"},\"inLanguage\":\"cs\",\"potentialAction\":[{\"@type\":\"ReadAction\",\"target\":[\"https:\/\/www.takustringmachines.com\/manufacturer\/string-ballends\/\"]}]},{\"@type\":\"ImageObject\",\"inLanguage\":\"cs\",\"@id\":\"https:\/\/www.takustringmachines.com\/manufacturer\/string-ballends\/#primaryimage\",\"url\":\"https:\/\/www.takustringmachines.com\/wp-content\/uploads\/2023\/06\/Multi-color-ball-ends-1000x1000-1.webp\",\"contentUrl\":\"https:\/\/www.takustringmachines.com\/wp-content\/uploads\/2023\/06\/Multi-color-ball-ends-1000x1000-1.webp\",\"width\":1000,\"height\":1000},{\"@type\":\"BreadcrumbList\",\"@id\":\"https:\/\/www.takustringmachines.com\/manufacturer\/string-ballends\/#breadcrumb\",\"itemListElement\":[{\"@type\":\"ListItem\",\"position\":1,\"name\":\"Home\",\"item\":\"https:\/\/www.takustringmachines.com\/\"},{\"@type\":\"ListItem\",\"position\":2,\"name\":\"Products\",\"item\":\"https:\/\/www.takustringmachines.com\/shop\/\"},{\"@type\":\"ListItem\",\"position\":3,\"name\":\"Premium Ball Ends for Guitar Strings and Bass Strings\"}]},{\"@type\":\"WebSite\",\"@id\":\"https:\/\/www.takustringmachines.com\/#website\",\"url\":\"https:\/\/www.takustringmachines.com\/\",\"name\":\"TAKU\",\"description\":\"String Machine\",\"potentialAction\":[{\"@type\":\"SearchAction\",\"target\":{\"@type\":\"EntryPoint\",\"urlTemplate\":\"https:\/\/www.takustringmachines.com\/?s={search_term_string}\"},\"query-input\":\"required name=search_term_string\"}],\"inLanguage\":\"cs\"}]}<\/script>\n<!-- \/ Yoast SEO plugin. -->","yoast_head_json":{"title":"Multi-color Guitar String Ball Ends","description":"Discover our premium-quality multi-color ball ends, perfect for enhancing the aesthetics and performance of your guitar strings. Elevate your music experience with vibrant colors and exceptional craftsmanship. Explore our collection today.","robots":{"index":"index","follow":"follow","max-snippet":"max-snippet:-1","max-image-preview":"max-image-preview:large","max-video-preview":"max-video-preview:-1"},"canonical":"https:\/\/www.takustringmachines.com\/cs\/manufacturer\/strunne-balendy\/","og_locale":"cs_CZ","og_type":"article","og_title":"Multi-color Guitar String Ball Ends","og_description":"Discover our premium-quality multi-color ball ends, perfect for enhancing the aesthetics and performance of your guitar strings. Elevate your music experience with vibrant colors and exceptional craftsmanship. Explore our collection today.","og_url":"https:\/\/www.takustringmachines.com\/cs\/manufacturer\/strunne-balendy\/","og_site_name":"TAKU","article_modified_time":"2025-11-14T08:42:44+00:00","og_image":[{"width":1000,"height":1000,"url":"https:\/\/www.takustringmachines.com\/wp-content\/uploads\/2023\/06\/Multi-color-ball-ends-1000x1000-1.webp","type":"image\/webp"}],"twitter_card":"summary_large_image","twitter_misc":{"Odhadovan\u00e1 doba \u010dten\u00ed":"2 minuty"},"schema":{"@context":"https:\/\/schema.org","@graph":[{"@type":"WebPage","@id":"https:\/\/www.takustringmachines.com\/manufacturer\/string-ballends\/","url":"https:\/\/www.takustringmachines.com\/manufacturer\/string-ballends\/","name":"Multi-color Guitar String Ball Ends","isPartOf":{"@id":"https:\/\/www.takustringmachines.com\/#website"},"primaryImageOfPage":{"@id":"https:\/\/www.takustringmachines.com\/manufacturer\/string-ballends\/#primaryimage"},"image":{"@id":"https:\/\/www.takustringmachines.com\/manufacturer\/string-ballends\/#primaryimage"},"thumbnailUrl":"https:\/\/www.takustringmachines.com\/wp-content\/uploads\/2023\/06\/Multi-color-ball-ends-1000x1000-1.webp","datePublished":"2023-06-20T07:41:08+00:00","dateModified":"2025-11-14T08:42:44+00:00","description":"Discover our premium-quality multi-color ball ends, perfect for enhancing the aesthetics and performance of your guitar strings. Elevate your music experience with vibrant colors and exceptional craftsmanship. Explore our collection today.","breadcrumb":{"@id":"https:\/\/www.takustringmachines.com\/manufacturer\/string-ballends\/#breadcrumb"},"inLanguage":"cs","potentialAction":[{"@type":"ReadAction","target":["https:\/\/www.takustringmachines.com\/manufacturer\/string-ballends\/"]}]},{"@type":"ImageObject","inLanguage":"cs","@id":"https:\/\/www.takustringmachines.com\/manufacturer\/string-ballends\/#primaryimage","url":"https:\/\/www.takustringmachines.com\/wp-content\/uploads\/2023\/06\/Multi-color-ball-ends-1000x1000-1.webp","contentUrl":"https:\/\/www.takustringmachines.com\/wp-content\/uploads\/2023\/06\/Multi-color-ball-ends-1000x1000-1.webp","width":1000,"height":1000},{"@type":"BreadcrumbList","@id":"https:\/\/www.takustringmachines.com\/manufacturer\/string-ballends\/#breadcrumb","itemListElement":[{"@type":"ListItem","position":1,"name":"Home","item":"https:\/\/www.takustringmachines.com\/"},{"@type":"ListItem","position":2,"name":"Products","item":"https:\/\/www.takustringmachines.com\/shop\/"},{"@type":"ListItem","position":3,"name":"Premium Ball Ends for Guitar Strings and Bass Strings"}]},{"@type":"WebSite","@id":"https:\/\/www.takustringmachines.com\/#website","url":"https:\/\/www.takustringmachines.com\/","name":"TAKU","description":"String Machine","potentialAction":[{"@type":"SearchAction","target":{"@type":"EntryPoint","urlTemplate":"https:\/\/www.takustringmachines.com\/?s={search_term_string}"},"query-input":"required name=search_term_string"}],"inLanguage":"cs"}]}},"_links":{"self":[{"href":"https:\/\/www.takustringmachines.com\/cs\/wp-json\/wp\/v2\/product\/1599"}],"collection":[{"href":"https:\/\/www.takustringmachines.com\/cs\/wp-json\/wp\/v2\/product"}],"about":[{"href":"https:\/\/www.takustringmachines.com\/cs\/wp-json\/wp\/v2\/types\/product"}],"replies":[{"embeddable":true,"href":"https:\/\/www.takustringmachines.com\/cs\/wp-json\/wp\/v2\/comments?post=1599"}],"wp:featuredmedia":[{"embeddable":true,"href":"https:\/\/www.takustringmachines.com\/cs\/wp-json\/wp\/v2\/media\/1603"}],"wp:attachment":[{"href":"https:\/\/www.takustringmachines.com\/cs\/wp-json\/wp\/v2\/media?parent=1599"}],"wp:term":[{"taxonomy":"product_cat","embeddable":true,"href":"https:\/\/www.takustringmachines.com\/cs\/wp-json\/wp\/v2\/product_cat?post=1599"},{"taxonomy":"product_tag","embeddable":true,"href":"https:\/\/www.takustringmachines.com\/cs\/wp-json\/wp\/v2\/product_tag?post=1599"}],"curies":[{"name":"wp","href":"https:\/\/api.w.org\/{rel}","templated":true}]}}